{"id":84775,"date":"2026-04-03T03:50:49","date_gmt":"2026-04-03T02:50:49","guid":{"rendered":"https:\/\/bigbuy.tupique.com\/produto\/stick-vacuum-cleaner-shark-240-w\/"},"modified":"2026-04-16T21:00:14","modified_gmt":"2026-04-16T20:00:14","slug":"stick-vacuum-cleaner-shark-240-w","status":"publish","type":"product","link":"https:\/\/bigbuy.tupique.com\/es\/produto\/stick-vacuum-cleaner-shark-240-w\/","title":{"rendered":"Aspirateur balai Shark 240 W"},"content":{"rendered":"<p>Si vous recherchez des \u00e9lectrom\u00e9nagers pour votre maison aux meilleurs prix, ne manquez pas <b>Aspirateur balai Shark 240 W<\/b> et une large s\u00e9lection de petits \u00e9lectrom\u00e9nagers de qualit\u00e9 !<\/p>\n<p>Le <b>SHARK BU3521EU<\/b> est un aspirateur balai sans fil con\u00e7u pour offrir un nettoyage efficace et confortable \u00e0 la maison, se distinguant par sa <b>puissance d\u2019aspiration de 181 W<\/b> qui garantit une excellente capacit\u00e9 \u00e0 \u00e9liminer la salet\u00e9 sur diff\u00e9rents types de surfaces. Ce mod\u00e8le pr\u00e9sente un <b>design l\u00e9ger et ergonomique<\/b> de couleur <b>blanche<\/b>, fabriqu\u00e9 en <b>plastique r\u00e9sistant<\/b> facilitant sa manipulation et son rangement. Son alimentation par <b>batterie rechargeable<\/b> lui offre une libert\u00e9 de mouvement sans c\u00e2ble, augmentant la praticit\u00e9 et facilitant le nettoyage dans les zones difficiles d\u2019acc\u00e8s. Il dispose d\u2019un syst\u00e8me de <b>vidage automatique<\/b> qui am\u00e9liore l\u2019hygi\u00e8ne et la rapidit\u00e9 lors de l\u2019\u00e9limination des salet\u00e9s accumul\u00e9es. De plus, il int\u00e8gre <b>trois modes d\u2019aspiration<\/b> r\u00e9glables pour adapter la puissance selon les besoins sp\u00e9cifiques, optimisant la performance \u00e9nerg\u00e9tique et l\u2019efficacit\u00e9 contre la poussi\u00e8re et les d\u00e9bris plus volumineux. Parmi ses caract\u00e9ristiques techniques, on note \u00e9galement une <b>buse \u00e9troite<\/b> particuli\u00e8rement utile pour acc\u00e9der aux espaces r\u00e9duits ou difficiles d\u2019acc\u00e8s, augmentant la polyvalence de l\u2019appareil. L\u2019aspirateur est con\u00e7u pour un usage <b>\u00e0 sec<\/b> et dispose d\u2019un <b>indicateur de batterie faible<\/b>, qui pr\u00e9vient \u00e0 l\u2019avance pour \u00e9viter les interruptions inattendues pendant le nettoyage. Avec une puissance nominale combin\u00e9e de 180-240 W, ce mod\u00e8le Shark se positionne comme une solution pratique et efficace pour ceux qui recherchent un aspirateur sans fil compact et facile \u00e0 manier, offrant un nettoyage en profondeur et adaptable \u00e0 diverses surfaces et situations domestiques. En r\u00e9sum\u00e9, le SHARK BU3521EU repr\u00e9sente une option \u00e9quilibr\u00e9e dans sa cat\u00e9gorie, ax\u00e9e sur la fonctionnalit\u00e9 et le confort d\u2019utilisation sans sacrifier une puissance adapt\u00e9e au nettoyage quotidien.<\/p>\n<ul>\n<li>Produit \u00e0 brancher: Oui<\/li>\n<li>Type:\n<ul>\n<li>Aspirateur balai<\/li>\n<li>Sec<\/li>\n<\/ul>\n<\/li>\n<li>Type de prise: Prise EU<\/li>\n<li>Bloc d\u2019Alimentation:\n<ul>\n<li>r\u00e9seau \u00e9lectrique<\/li>\n<li>Batterie<\/li>\n<\/ul>\n<\/li>\n<li>Couleur: Blanc<\/li>\n<li>puissance:\n<ul>\n<li>180 W<\/li>\n<li>240 W<\/li>\n<\/ul>\n<\/li>\n<li>Tension: 18 V<\/li>\n<li>Dimensions approx.:\n<ul>\n<li>26,4 cm<\/li>\n<li>35,3 cm<\/li>\n<\/ul>\n<\/li>\n<li>Mati\u00e8re: Plastique<\/li>\n<li>Caract\u00e9ristiques:\n<ul>\n<li>ECO<\/li>\n<li>Buse \u00e9troite<\/li>\n<\/ul>\n<\/li>\n<li>Fonctions: Indicateur de batterie faible<\/li>\n<li>Filtre:\n<ul>\n<li>Lavable<\/li>\n<li>Amovible<\/li>\n<\/ul>\n<\/li>\n<li>Contr\u00f4le: \u00c9lectronique<\/li>\n<li>Inclut:\n<ul>\n<li>Chargeur<\/li>\n<li>Manuel de l&#8217;utilisateur<\/li>\n<\/ul>\n<\/li>\n<li>Technologie: Cyclonic<\/li>\n<li>Autonomie approx.: 40 minutes<\/li>\n<\/ul>","protected":false},"excerpt":{"rendered":"<p>Si vous recherchez des \u00e9lectrom\u00e9nagers pour votre maison aux meilleurs prix, ne manquez pas Aspirateur balai Shark 240 W et une large s\u00e9lection de petits \u00e9lectrom\u00e9nagers de qualit\u00e9 ! Le SHARK BU3521EU est un aspirateur balai sans fil con\u00e7u pour offrir un nettoyage efficace et confortable \u00e0 la maison, se distinguant par sa puissance d\u2019aspiration [&hellip;]<\/p>\n","protected":false},"featured_media":84769,"comment_status":"open","ping_status":"closed","template":"","meta":[],"product_brand":[1078],"product_cat":[762,239,240],"product_tag":[59,56,210],"class_list":{"0":"post-84775","1":"product","2":"type-product","3":"status-publish","4":"has-post-thumbnail","6":"product_brand-brandp_5354","7":"product_cat-aspirateurs-et-robots","8":"product_cat-maison-jardin","9":"product_cat-nettoyage-aspirateur-et-repassage","10":"product_tag-tag_1304","11":"product_tag-tag_930","12":"product_tag-tag_25","14":"first","15":"instock","16":"taxable","17":"shipping-taxable","18":"purchasable","19":"product-type-simple"},"_links":{"self":[{"href":"https:\/\/bigbuy.tupique.com\/es\/wp-json\/wp\/v2\/product\/84775","targetHints":{"allow":["GET"]}}],"collection":[{"href":"https:\/\/bigbuy.tupique.com\/es\/wp-json\/wp\/v2\/product"}],"about":[{"href":"https:\/\/bigbuy.tupique.com\/es\/wp-json\/wp\/v2\/types\/product"}],"replies":[{"embeddable":true,"href":"https:\/\/bigbuy.tupique.com\/es\/wp-json\/wp\/v2\/comments?post=84775"}],"wp:featuredmedia":[{"embeddable":true,"href":"https:\/\/bigbuy.tupique.com\/es\/wp-json\/wp\/v2\/media\/84769"}],"wp:attachment":[{"href":"https:\/\/bigbuy.tupique.com\/es\/wp-json\/wp\/v2\/media?parent=84775"}],"wp:term":[{"taxonomy":"product_brand","embeddable":true,"href":"https:\/\/bigbuy.tupique.com\/es\/wp-json\/wp\/v2\/product_brand?post=84775"},{"taxonomy":"product_cat","embeddable":true,"href":"https:\/\/bigbuy.tupique.com\/es\/wp-json\/wp\/v2\/product_cat?post=84775"},{"taxonomy":"product_tag","embeddable":true,"href":"https:\/\/bigbuy.tupique.com\/es\/wp-json\/wp\/v2\/product_tag?post=84775"}],"curies":[{"name":"wp","href":"https:\/\/api.w.org\/{rel}","templated":true}]}}