{"id":84135,"date":"2026-04-03T02:53:39","date_gmt":"2026-04-03T01:53:39","guid":{"rendered":"https:\/\/bigbuy.tupique.com\/produto\/dishwasher-aeg-ffb83816pm-steel-60-cm\/"},"modified":"2026-04-15T02:57:29","modified_gmt":"2026-04-15T01:57:29","slug":"dishwasher-aeg-ffb83816pm-steel-60-cm","status":"publish","type":"product","link":"https:\/\/bigbuy.tupique.com\/es\/produto\/dishwasher-aeg-ffb83816pm-steel-60-cm\/","title":{"rendered":"Lave-vaisselle AEG FFB83816PM Acier 60 cm"},"content":{"rendered":"<p>Si vous pensez r\u00e9nover votre cuisine, achetez <b>Lave-vaisselle AEG FFB83816PM Acier 60 cm<\/b> et d\u00b4autres <b>produits AEG<\/b> !<\/p>\n<p>Le <b>lave-vaisselle AEG mod\u00e8le FFB83816PM<\/b> est un appareil con\u00e7u pour offrir une performance efficace avec une <b>capacit\u00e9 de 14 couverts<\/b>, adapt\u00e9 aux familles ou aux usages \u00e0 forte demande quotidienne. Sa <b>largeur r\u00e9elle de 60 cm<\/b> permet une installation standard dans la plupart des cuisines, tandis que sa finition en <b>acier inoxydable<\/b> offre un aspect moderne, r\u00e9sistant et facile \u00e0 nettoyer. Il dispose d\u2019une <b>classe \u00e9nerg\u00e9tique D<\/b>, indiquant une consommation \u00e9quilibr\u00e9e dans sa cat\u00e9gorie, compl\u00e9t\u00e9e par une consommation d\u2019<b>eau de 11 litres par cycle<\/b>, favorisant un usage rationnel des ressources. Ce mod\u00e8le int\u00e8gre plusieurs programmes de lavage pour s\u2019adapter aux diff\u00e9rents types de vaisselle et niveaux de salet\u00e9, incluant des cycles rapides de <b>90 minutes \u00e0 60 \u00b0C<\/b>, des options d\u00e9licates pour le verre, ainsi que des cycles intensifs \u00e0 <b>70 \u00b0C<\/b> pour un nettoyage en profondeur. De plus, il est \u00e9quip\u00e9 d\u2019un <b>\u00e9cran int\u00e9gr\u00e9<\/b> facilitant la s\u00e9lection et le contr\u00f4le des programmes, avec une option de d\u00e9part diff\u00e9r\u00e9 jusqu\u2019\u00e0 24 heures, permettant d\u2019adapter le fonctionnement selon les besoins en horaires et consommation \u00e9lectrique. Sa <b>technologie inverter<\/b> am\u00e9liore la performance et la durabilit\u00e9 du moteur, optimisant la consommation \u00e9nerg\u00e9tique et acoustique. Pour le confort, ce mod\u00e8le propose un programme silencieux, id\u00e9al pour les espaces ouverts ou les moments n\u00e9cessitant un faible niveau sonore. Le lave-vaisselle fonctionne sous une tension standard de <b>220 V<\/b>, garantissant la compatibilit\u00e9 avec les installations domestiques europ\u00e9ennes. En r\u00e9sum\u00e9, l\u2019AEG FFB83816PM est une solution pratique et fonctionnelle qui combine capacit\u00e9, diversit\u00e9 de programmes et design contemporain, adapt\u00e9e \u00e0 ceux qui recherchent un appareil efficace et polyvalent pour la gestion quotidienne de la vaisselle.<\/p>\n<ul>\n<li>Produit \u00e0 brancher: Oui<\/li>\n<li>Type de prise: Prise EU<\/li>\n<li>Type: Lave-vaisselle<\/li>\n<li>Bloc d\u2019Alimentation: r\u00e9seau \u00e9lectrique<\/li>\n<li>Couleur: Acier<\/li>\n<li>Largeur: 60 cm<\/li>\n<li>Caract\u00e9ristiques: \u00c9cran integr\u00e9<\/li>\n<li>Capacit\u00e9 (Nb de couverts): 14<\/li>\n<li>Classification \u00e9nerg\u00e9tique: D<\/li>\n<li>Niveau sonore: 42 dB<\/li>\n<li>Capacit\u00e9: 14 Kg<\/li>\n<li>Tension: 220 V<\/li>\n<li>Technologie: LCD<\/li>\n<\/ul>","protected":false},"excerpt":{"rendered":"<p><span class=\"unit-info\">93.3564 &euro; \/ 1 kg<\/span><\/p>","protected":false},"featured_media":84130,"comment_status":"open","ping_status":"closed","template":"","meta":[],"product_brand":[1386],"product_cat":[393,60,77],"product_tag":[],"class_list":{"0":"post-84135","1":"product","2":"type-product","3":"status-publish","4":"has-post-thumbnail","6":"product_brand-brandp_679","7":"product_cat-autres-appareils-de-cuisines","8":"product_cat-cuisine-gourmet","9":"product_cat-petit-electromenager","11":"first","12":"instock","13":"taxable","14":"shipping-taxable","15":"purchasable","16":"product-type-simple"},"_links":{"self":[{"href":"https:\/\/bigbuy.tupique.com\/es\/wp-json\/wp\/v2\/product\/84135","targetHints":{"allow":["GET"]}}],"collection":[{"href":"https:\/\/bigbuy.tupique.com\/es\/wp-json\/wp\/v2\/product"}],"about":[{"href":"https:\/\/bigbuy.tupique.com\/es\/wp-json\/wp\/v2\/types\/product"}],"replies":[{"embeddable":true,"href":"https:\/\/bigbuy.tupique.com\/es\/wp-json\/wp\/v2\/comments?post=84135"}],"wp:featuredmedia":[{"embeddable":true,"href":"https:\/\/bigbuy.tupique.com\/es\/wp-json\/wp\/v2\/media\/84130"}],"wp:attachment":[{"href":"https:\/\/bigbuy.tupique.com\/es\/wp-json\/wp\/v2\/media?parent=84135"}],"wp:term":[{"taxonomy":"product_brand","embeddable":true,"href":"https:\/\/bigbuy.tupique.com\/es\/wp-json\/wp\/v2\/product_brand?post=84135"},{"taxonomy":"product_cat","embeddable":true,"href":"https:\/\/bigbuy.tupique.com\/es\/wp-json\/wp\/v2\/product_cat?post=84135"},{"taxonomy":"product_tag","embeddable":true,"href":"https:\/\/bigbuy.tupique.com\/es\/wp-json\/wp\/v2\/product_tag?post=84135"}],"curies":[{"name":"wp","href":"https:\/\/api.w.org\/{rel}","templated":true}]}}