{"id":84129,"date":"2026-04-03T02:53:28","date_gmt":"2026-04-03T01:53:28","guid":{"rendered":"https:\/\/bigbuy.tupique.com\/produto\/induction-hot-plate-electrolux-lit60336c-60-cm\/"},"modified":"2026-04-16T23:24:58","modified_gmt":"2026-04-16T22:24:58","slug":"induction-hot-plate-electrolux-lit60336c-60-cm","status":"publish","type":"product","link":"https:\/\/bigbuy.tupique.com\/es\/produto\/induction-hot-plate-electrolux-lit60336c-60-cm\/","title":{"rendered":"Plaque \u00e0 Induction Electrolux LIT60336C 60 cm"},"content":{"rendered":"<p>Si vous pensez r\u00e9nover votre cuisine, achetez <b>Plaque \u00e0 Induction Electrolux LIT60336C 60 cm<\/b> et d\u00b4autres <b>produits Electrolux<\/b> !<\/p>\n<ul>\n<li>diam\u00e8tre approx.:\n<ul>\n<li>\u00d8 28 cm<\/li>\n<li>\u00d8 21 cm<\/li>\n<li>14,5 cm<\/li>\n<li>18-28 cm<\/li>\n<\/ul>\n<\/li>\n<li>Vibromasseur: Oui<\/li>\n<li>Largeur: 60 cm<\/li>\n<li>Caract\u00e9ristiques:\n<ul>\n<li>Verrouillage pour enfants<\/li>\n<li>\u00c9cran integr\u00e9<\/li>\n<li>Facile \u00e0 nettoyer<\/li>\n<li>Commande tactile<\/li>\n<\/ul>\n<\/li>\n<li>Profondeur de compartiment d&#8217;installation: 49 cm<\/li>\n<li>Zones de cuisson: 3<\/li>\n<li>Touch Control: Oui<\/li>\n<li>Arr\u00eat Automatique<\/li>\n<li>Int\u00e9grable: Oui<\/li>\n<li>Dimensions approx.: 59 x 52 cm<\/li>\n<li>puissance: 7352 W<\/li>\n<li>Type: Plaque \u00e0 Induction<\/li>\n<li>Couleur: Noir<\/li>\n<li>Mat\u00e9riel: Vitroc\u00e9ramique<\/li>\n<li>Produit \u00e0 brancher: Oui<\/li>\n<li>Type de prise: Prise EU<\/li>\n<li>Pays \/ r\u00e9gion de fabrication: Espagne<\/li>\n<li>Tension: 220 V<\/li>\n<li>Bloc d\u2019Alimentation:\n<ul>\n<li>\u00c9lectrique<\/li>\n<li>C\u00e2ble \u00e9lectrique<\/li>\n<\/ul>\n<\/li>\n<li>Type de carburant: Gaz<\/li>\n<li>Type de commande: T\u00e9l\u00e9commande<\/li>\n<li>Poids: 15 kg<\/li>\n<\/ul>","protected":false},"excerpt":{"rendered":"<p>Si vous pensez r\u00e9nover votre cuisine, achetez Plaque \u00e0 Induction Electrolux LIT60336C 60 cm et d\u00b4autres produits Electrolux ! diam\u00e8tre approx.: \u00d8 28 cm \u00d8 21 cm 14,5 cm 18-28 cm Vibromasseur: Oui Largeur: 60 cm Caract\u00e9ristiques: Verrouillage pour enfants \u00c9cran integr\u00e9 Facile \u00e0 nettoyer Commande tactile Profondeur de compartiment d&#8217;installation: 49 cm Zones de [&hellip;]<\/p>\n","protected":false},"featured_media":84127,"comment_status":"open","ping_status":"closed","template":"","meta":[],"product_brand":[1249],"product_cat":[60,77,78],"product_tag":[55,56],"class_list":{"0":"post-84129","1":"product","2":"type-product","3":"status-publish","4":"has-post-thumbnail","6":"product_brand-brandp_907","7":"product_cat-cuisine-gourmet","8":"product_cat-petit-electromenager","9":"product_cat-plaques-de-cuisson","10":"product_tag-tag_926","11":"product_tag-tag_930","13":"first","14":"instock","15":"taxable","16":"shipping-taxable","17":"purchasable","18":"product-type-simple"},"_links":{"self":[{"href":"https:\/\/bigbuy.tupique.com\/es\/wp-json\/wp\/v2\/product\/84129","targetHints":{"allow":["GET"]}}],"collection":[{"href":"https:\/\/bigbuy.tupique.com\/es\/wp-json\/wp\/v2\/product"}],"about":[{"href":"https:\/\/bigbuy.tupique.com\/es\/wp-json\/wp\/v2\/types\/product"}],"replies":[{"embeddable":true,"href":"https:\/\/bigbuy.tupique.com\/es\/wp-json\/wp\/v2\/comments?post=84129"}],"wp:featuredmedia":[{"embeddable":true,"href":"https:\/\/bigbuy.tupique.com\/es\/wp-json\/wp\/v2\/media\/84127"}],"wp:attachment":[{"href":"https:\/\/bigbuy.tupique.com\/es\/wp-json\/wp\/v2\/media?parent=84129"}],"wp:term":[{"taxonomy":"product_brand","embeddable":true,"href":"https:\/\/bigbuy.tupique.com\/es\/wp-json\/wp\/v2\/product_brand?post=84129"},{"taxonomy":"product_cat","embeddable":true,"href":"https:\/\/bigbuy.tupique.com\/es\/wp-json\/wp\/v2\/product_cat?post=84129"},{"taxonomy":"product_tag","embeddable":true,"href":"https:\/\/bigbuy.tupique.com\/es\/wp-json\/wp\/v2\/product_tag?post=84129"}],"curies":[{"name":"wp","href":"https:\/\/api.w.org\/{rel}","templated":true}]}}