{"id":80565,"date":"2026-04-02T21:58:00","date_gmt":"2026-04-02T20:58:00","guid":{"rendered":"https:\/\/bigbuy.tupique.com\/produto\/ladies-necklace-swarovski-5737424-silver\/"},"modified":"2026-04-15T08:35:21","modified_gmt":"2026-04-15T07:35:21","slug":"ladies-necklace-swarovski-5737424-silver","status":"publish","type":"product","link":"https:\/\/bigbuy.tupique.com\/es\/produto\/ladies-necklace-swarovski-5737424-silver\/","title":{"rendered":"Collier Femme Swarovski 5737424 Argent\u00e9"},"content":{"rendered":"<p>Nous vons pr\u00e9sentons <b>Collier Femme Swarovski 5737424 Argent\u00e9<\/b> et une vaste gamme de bagues, bracelets, boucles d&#8217;oreilles et pendentifs etc. \u00e0 bon prix. D\u00e9couvrez d&#8217;exclusifs et \u00e9l\u00e9gants articles de bijouterie et de bijouterie fantaisie pour tous les go\u00fbts.<\/p>\n<ul>\n<li>Design: \u00c9l\u00e9gant<\/li>\n<li>Couleur: Argent\u00e9<\/li>\n<li>Genre: Femme<\/li>\n<li>Type: Collier Femme<\/li>\n<\/ul>","protected":false},"excerpt":{"rendered":"<p>Nous vons pr\u00e9sentons Collier Femme Swarovski 5737424 Argent\u00e9 et une vaste gamme de bagues, bracelets, boucles d&#8217;oreilles et pendentifs etc. \u00e0 bon prix. D\u00e9couvrez d&#8217;exclusifs et \u00e9l\u00e9gants articles de bijouterie et de bijouterie fantaisie pour tous les go\u00fbts. Design: \u00c9l\u00e9gant Couleur: Argent\u00e9 Genre: Femme Type: Collier Femme<\/p>","protected":false},"featured_media":147860,"comment_status":"open","ping_status":"closed","template":"","meta":[],"product_brand":[1010],"product_cat":[547,548,551,544],"product_tag":[103,542,543],"class_list":{"0":"post-80565","1":"product","2":"type-product","3":"status-publish","4":"has-post-thumbnail","6":"product_brand-brandp_488","7":"product_cat-accessoires","8":"product_cat-bijoux","9":"product_cat-colliers","10":"product_cat-mode-accessoires","11":"product_tag-tag_1261","12":"product_tag-tag_1274","13":"product_tag-tag_61","15":"first","16":"instock","17":"taxable","18":"shipping-taxable","19":"purchasable","20":"product-type-simple"},"_links":{"self":[{"href":"https:\/\/bigbuy.tupique.com\/es\/wp-json\/wp\/v2\/product\/80565","targetHints":{"allow":["GET"]}}],"collection":[{"href":"https:\/\/bigbuy.tupique.com\/es\/wp-json\/wp\/v2\/product"}],"about":[{"href":"https:\/\/bigbuy.tupique.com\/es\/wp-json\/wp\/v2\/types\/product"}],"replies":[{"embeddable":true,"href":"https:\/\/bigbuy.tupique.com\/es\/wp-json\/wp\/v2\/comments?post=80565"}],"wp:featuredmedia":[{"embeddable":true,"href":"https:\/\/bigbuy.tupique.com\/es\/wp-json\/wp\/v2\/media\/147860"}],"wp:attachment":[{"href":"https:\/\/bigbuy.tupique.com\/es\/wp-json\/wp\/v2\/media?parent=80565"}],"wp:term":[{"taxonomy":"product_brand","embeddable":true,"href":"https:\/\/bigbuy.tupique.com\/es\/wp-json\/wp\/v2\/product_brand?post=80565"},{"taxonomy":"product_cat","embeddable":true,"href":"https:\/\/bigbuy.tupique.com\/es\/wp-json\/wp\/v2\/product_cat?post=80565"},{"taxonomy":"product_tag","embeddable":true,"href":"https:\/\/bigbuy.tupique.com\/es\/wp-json\/wp\/v2\/product_tag?post=80565"}],"curies":[{"name":"wp","href":"https:\/\/api.w.org\/{rel}","templated":true}]}}