{"id":80434,"date":"2026-04-02T21:51:31","date_gmt":"2026-04-02T20:51:31","guid":{"rendered":"https:\/\/bigbuy.tupique.com\/produto\/processor-intel-bx8071514900-lga-1700\/"},"modified":"2026-04-15T08:34:00","modified_gmt":"2026-04-15T07:34:00","slug":"processor-intel-bx8071514900-lga-1700","status":"publish","type":"product","link":"https:\/\/bigbuy.tupique.com\/es\/produto\/processor-intel-bx8071514900-lga-1700\/","title":{"rendered":"Processeur Intel BX8071514900 LGA 1700"},"content":{"rendered":"<p>Si vous \u00eates passionn\u00e9 d&#8217;<b>informatique et d&#8217;\u00e9lectronique<\/b>, si vous \u00eates \u00e0 la pointe de la technologie et qu&#8217;aucun d\u00e9tail ne vous \u00e9chappe, achetez <b>Processeur Intel BX8071514900 LGA 1700<\/b> au meilleur prix.<\/p>\n<p>Le <b>processeur<\/b> <b>Intel Core i9-14900<\/b> mod\u00e8le <b>BX8071514900<\/b> est une solution performante avanc\u00e9e de la famille <b>Intel Core i9<\/b>, con\u00e7ue pour les utilisateurs exigeants n\u00e9cessitant une forte capacit\u00e9 de calcul. Ce processeur propose des configurations en <b>8, 16 ou 24 c\u0153urs<\/b>, permettant un traitement rapide et efficace de t\u00e2ches multiples et d\u2019applications complexes simultan\u00e9ment, id\u00e9al pour les environnements professionnels, le gaming avanc\u00e9 ou la cr\u00e9ation de contenu num\u00e9rique. Compatible avec le socket <b>LGA 1700<\/b>, il convient aux derni\u00e8res cartes m\u00e8res supportant les technologies modernes et une connectivit\u00e9 \u00e9tendue. Il int\u00e8gre la technologie <b>Intel\u00ae Turbo Boost Technology 2.0<\/b>, qui augmente dynamiquement la fr\u00e9quence selon la demande pour optimiser la performance sans augmenter excessivement la consommation, fix\u00e9e \u00e0 environ <b>65 W<\/b>, assurant un bon \u00e9quilibre entre puissance et efficacit\u00e9. Son architecture <b>64 bits<\/b> et son support de la <b>virtualisation VT-d<\/b> facilitent l\u2019ex\u00e9cution fluide des syst\u00e8mes d\u2019exploitation et machines virtuelles, renfor\u00e7ant sa polyvalence en milieu professionnel ou sur stations de travail. Il dispose \u00e9galement d\u2019une r\u00e9solution graphique int\u00e9gr\u00e9e allant jusqu\u2019\u00e0 <b>5120 x 3200 pixels<\/b>, offrant une exp\u00e9rience visuelle nette et d\u00e9taill\u00e9e sur \u00e9crans haute d\u00e9finition. En r\u00e9sum\u00e9, l\u2019Intel Core i9-14900 est une option puissante et moderne, capable de r\u00e9pondre aux besoins de calcul les plus exigeants gr\u00e2ce \u00e0 sa technologie avanc\u00e9e et son nombre \u00e9lev\u00e9 de c\u0153urs.<\/p>\n<ul>\n<li>Processeur:\n<ul>\n<li>Intel Core i9<\/li>\n<li>Intel Core i9-14900<\/li>\n<\/ul>\n<\/li>\n<li>Nombre de fils: 32<\/li>\n<li>Type: Processeur<\/li>\n<li>Contr\u00f4leur graphique: INTEL UHD GRAPHICS 770<\/li>\n<li>vitesse: 5,8 GHz<\/li>\n<li>Famille de processeurs:\n<ul>\n<li>Intel Core i9<\/li>\n<li>Intel<\/li>\n<\/ul>\n<\/li>\n<li>Cache:\n<ul>\n<li>Smart Cache<\/li>\n<li>36 MB<\/li>\n<li>32 MB<\/li>\n<\/ul>\n<\/li>\n<li>Cha\u00eenes: 2<\/li>\n<li>Utilisation recommand\u00e9e:\n<ul>\n<li>PC de bureau<\/li>\n<li>PC\/Server<\/li>\n<\/ul>\n<\/li>\n<li>Technologie:\n<ul>\n<li>Intel Hyper-Threading<\/li>\n<li>VT-d<\/li>\n<li>VT-x<\/li>\n<\/ul>\n<\/li>\n<li>Type de m\u00e9moire:\n<ul>\n<li>DDR4 SDRAM<\/li>\n<li>DDR5 SDRAM<\/li>\n<\/ul>\n<\/li>\n<li>Caract\u00e9ristiques:\n<ul>\n<li>OpenGL 4.5<\/li>\n<li>Adaptateur graphique int\u00e9gr\u00e9<\/li>\n<\/ul>\n<\/li>\n<li>Compatible:\n<ul>\n<li>pci express 4.0<\/li>\n<li>pci express 5.0<\/li>\n<li>Intel\u00ae Turbo Boost Technology 2.0<\/li>\n<\/ul>\n<\/li>\n<li>Fr\u00e9quence:\n<ul>\n<li>60 Hz<\/li>\n<li>120 Hz<\/li>\n<\/ul>\n<\/li>\n<li>Inclut: Dissipateur<\/li>\n<li>\u00c9crans support\u00e9s: x 4<\/li>\n<li>R\u00e9solution (px):\n<ul>\n<li>4096 x 2160 px<\/li>\n<li>5120 x 3200 px<\/li>\n<li>7680 x 4320 px<\/li>\n<\/ul>\n<\/li>\n<li>puissance: 65 W<\/li>\n<li>Exigences: 64 bits<\/li>\n<li>R\u00e9solution: 5120 x 3200 px<\/li>\n<li>Non Inclus: Adaptateur graphique discret<\/li>\n<li>Interface: DirectX 12.0<\/li>\n<li>PCI Express: X20<\/li>\n<li>Noyaux:\n<ul>\n<li>8 Noyaux<\/li>\n<li>16 Noyaux<\/li>\n<li>24 Noyaux<\/li>\n<\/ul>\n<\/li>\n<li>Socket: LGA 1700<\/li>\n<\/ul>","protected":false},"excerpt":{"rendered":"<p>Si vous \u00eates passionn\u00e9 d&#8217;informatique et d&#8217;\u00e9lectronique, si vous \u00eates \u00e0 la pointe de la technologie et qu&#8217;aucun d\u00e9tail ne vous \u00e9chappe, achetez Processeur Intel BX8071514900 LGA 1700 au meilleur prix. Le processeur Intel Core i9-14900 mod\u00e8le BX8071514900 est une solution performante avanc\u00e9e de la famille Intel Core i9, con\u00e7ue pour les utilisateurs exigeants n\u00e9cessitant [&hellip;]<\/p>\n","protected":false},"featured_media":147822,"comment_status":"open","ping_status":"closed","template":"","meta":[],"product_brand":[982],"product_cat":[65,584,743],"product_tag":[106],"class_list":{"0":"post-80434","1":"product","2":"type-product","3":"status-publish","4":"has-post-thumbnail","6":"product_brand-brandp_555","7":"product_cat-informatique-electronique","8":"product_cat-informatique-reseaux-et-composants","9":"product_cat-processeurs","10":"product_tag-tag_1295","12":"first","13":"instock","14":"taxable","15":"shipping-taxable","16":"purchasable","17":"product-type-simple"},"_links":{"self":[{"href":"https:\/\/bigbuy.tupique.com\/es\/wp-json\/wp\/v2\/product\/80434","targetHints":{"allow":["GET"]}}],"collection":[{"href":"https:\/\/bigbuy.tupique.com\/es\/wp-json\/wp\/v2\/product"}],"about":[{"href":"https:\/\/bigbuy.tupique.com\/es\/wp-json\/wp\/v2\/types\/product"}],"replies":[{"embeddable":true,"href":"https:\/\/bigbuy.tupique.com\/es\/wp-json\/wp\/v2\/comments?post=80434"}],"wp:featuredmedia":[{"embeddable":true,"href":"https:\/\/bigbuy.tupique.com\/es\/wp-json\/wp\/v2\/media\/147822"}],"wp:attachment":[{"href":"https:\/\/bigbuy.tupique.com\/es\/wp-json\/wp\/v2\/media?parent=80434"}],"wp:term":[{"taxonomy":"product_brand","embeddable":true,"href":"https:\/\/bigbuy.tupique.com\/es\/wp-json\/wp\/v2\/product_brand?post=80434"},{"taxonomy":"product_cat","embeddable":true,"href":"https:\/\/bigbuy.tupique.com\/es\/wp-json\/wp\/v2\/product_cat?post=80434"},{"taxonomy":"product_tag","embeddable":true,"href":"https:\/\/bigbuy.tupique.com\/es\/wp-json\/wp\/v2\/product_tag?post=80434"}],"curies":[{"name":"wp","href":"https:\/\/api.w.org\/{rel}","templated":true}]}}