{"id":80369,"date":"2026-04-02T21:49:13","date_gmt":"2026-04-02T20:49:13","guid":{"rendered":"https:\/\/bigbuy.tupique.com\/produto\/processor-intel-bx8071514700kf-lga-1700\/"},"modified":"2026-04-15T19:36:58","modified_gmt":"2026-04-15T18:36:58","slug":"processor-intel-bx8071514700kf-lga-1700","status":"publish","type":"product","link":"https:\/\/bigbuy.tupique.com\/es\/produto\/processor-intel-bx8071514700kf-lga-1700\/","title":{"rendered":"Processeur Intel BX8071514700KF LGA 1700"},"content":{"rendered":"<p>Si vous \u00eates passionn\u00e9 d&#8217;<b>informatique et d&#8217;\u00e9lectronique<\/b>, si vous \u00eates \u00e0 la pointe de la technologie et qu&#8217;aucun d\u00e9tail ne vous \u00e9chappe, achetez <b>Processeur Intel BX8071514700KF LGA 1700<\/b> au meilleur prix.<\/p>\n<p>Le <b>processeur Intel Core i7 de 14e g\u00e9n\u00e9ration (mod\u00e8le BX8071514700KF, aussi connu sous le nom i9-14700KF)<\/b> est un composant haute performance con\u00e7u pour les stations de travail et les PC gaming. Il dispose d\u2019une architecture hybride combinant <b>20 c\u0153urs<\/b> r\u00e9partis en <b>8 Performance-cores<\/b> et <b>12 Efficient-cores<\/b>, offrant un total de <b>28 threads<\/b> pour un multit\u00e2che efficace et des performances exceptionnelles sur les applications exigeantes. Sa fr\u00e9quence atteint jusqu\u2019\u00e0 <b>5,6 GHz en mode turbo<\/b>, avec des technologies avanc\u00e9es comme Intel\u00ae Turbo Boost Max 3.0, qui optimisent automatiquement les performances selon la charge. Il int\u00e8gre une m\u00e9moire cache intelligente de <b>33 Mo<\/b>, am\u00e9liorant l\u2019acc\u00e8s aux donn\u00e9es fr\u00e9quentes. Il supporte jusqu\u2019\u00e0 <b>192 Go de RAM DDR4 ou DDR5<\/b>, avec des fr\u00e9quences allant jusqu\u2019\u00e0 <b>5600 MT\/s pour DDR5<\/b> et <b>3200 MT\/s pour DDR4<\/b>, garantissant une bande passante jusqu\u2019\u00e0 <b>89,6 Go\/s<\/b>. Ce mod\u00e8le utilise un socket <b>LGA1700<\/b> et est compatible avec les technologies r\u00e9centes comme <b>PCI Express 5.0<\/b> et <b>4.0<\/b>, permettant des configurations d\u2019extension flexibles avec jusqu\u2019\u00e0 <b>20 lignes PCIe<\/b>. En mati\u00e8re de s\u00e9curit\u00e9 et virtualisation, il prend en charge <b>Intel VT-x, VT-d, Intel AES, Control-Flow Enforcement et Boot Guard<\/b>, ainsi que des fonctions avanc\u00e9es d\u2019efficacit\u00e9 \u00e9nerg\u00e9tique et de gestion thermique. Contrairement \u00e0 d\u2019autres mod\u00e8les, ce processeur ne dispose pas de carte graphique int\u00e9gr\u00e9e ni de ventilateur, n\u00e9cessitant une solution de refroidissement externe sp\u00e9cialis\u00e9e. Il s\u2019adresse clairement aux utilisateurs ayant besoin d\u2019une grande puissance de calcul pour des t\u00e2ches professionnelles, du gaming intensif ou de la cr\u00e9ation de contenu lourde, o\u00f9 puissance et \u00e9volutivit\u00e9 sont essentielles. En r\u00e9sum\u00e9, l\u2019Intel Core i7 BX8071514700KF est un processeur robuste et avanc\u00e9 offrant un excellent \u00e9quilibre entre puissance brute, efficacit\u00e9 hybride et support technologique \u00e0 jour pour les syst\u00e8mes haute performance.<\/p>\n<ul>\n<li>Type de m\u00e9moire:\n<ul>\n<li>DDR5 SDRAM<\/li>\n<li>DDR4 SDRAM<\/li>\n<\/ul>\n<\/li>\n<li>Cha\u00eenes: 2<\/li>\n<li>Processeur:\n<ul>\n<li>Intel Core i7<\/li>\n<li>Intel Core I7-14700KF<\/li>\n<li>I7-14700K<\/li>\n<\/ul>\n<\/li>\n<li>Exigences: 64 bits<\/li>\n<li>puissance: 125 W<\/li>\n<li>Utilisation recommand\u00e9e: PC de bureau<\/li>\n<li>Cache:\n<ul>\n<li>Smart Cache<\/li>\n<li>33 MB<\/li>\n<li>28 MB<\/li>\n<\/ul>\n<\/li>\n<li>vitesse:\n<ul>\n<li>2,5 GHz<\/li>\n<li>5,6 GHZ<\/li>\n<li>4,3 ghz<\/li>\n<li>3,4 ghz<\/li>\n<li>5.50 GHz<\/li>\n<\/ul>\n<\/li>\n<li>Noyaux:\n<ul>\n<li>12 Noyaux<\/li>\n<li>8 Noyaux<\/li>\n<li>20 Noyaux<\/li>\n<\/ul>\n<\/li>\n<li>Caract\u00e9ristiques: No ECC<\/li>\n<li>Technologie:\n<ul>\n<li>Intel Hyper-Threading<\/li>\n<li>VT-d<\/li>\n<li>VT-x<\/li>\n<\/ul>\n<\/li>\n<li>Compatible:\n<ul>\n<li>pci express 4.0<\/li>\n<li>pci express 5.0<\/li>\n<li>Intel\u00ae Turbo Boost Technology 2.0<\/li>\n<\/ul>\n<\/li>\n<li>Nombre de fils: 28<\/li>\n<li>Non Inclus:\n<ul>\n<li>Dissipateur<\/li>\n<li>Adaptateur graphique discret<\/li>\n<\/ul>\n<\/li>\n<li>Type:\n<ul>\n<li>Processeur<\/li>\n<li>Jeux<\/li>\n<\/ul>\n<\/li>\n<li>PCI Express: X20<\/li>\n<li>Socket: LGA 1700<\/li>\n<li>Famille de processeurs:\n<ul>\n<li>Intel Core i7<\/li>\n<li>Intel<\/li>\n<\/ul>\n<\/li>\n<\/ul>","protected":false},"excerpt":{"rendered":"<p>Si vous \u00eates passionn\u00e9 d&#8217;informatique et d&#8217;\u00e9lectronique, si vous \u00eates \u00e0 la pointe de la technologie et qu&#8217;aucun d\u00e9tail ne vous \u00e9chappe, achetez Processeur Intel BX8071514700KF LGA 1700 au meilleur prix. Le processeur Intel Core i7 de 14e g\u00e9n\u00e9ration (mod\u00e8le BX8071514700KF, aussi connu sous le nom i9-14700KF) est un composant haute performance con\u00e7u pour les [&hellip;]<\/p>\n","protected":false},"featured_media":156151,"comment_status":"open","ping_status":"closed","template":"","meta":[],"product_brand":[982],"product_cat":[65,584,743],"product_tag":[106],"class_list":{"0":"post-80369","1":"product","2":"type-product","3":"status-publish","4":"has-post-thumbnail","6":"product_brand-brandp_555","7":"product_cat-informatique-electronique","8":"product_cat-informatique-reseaux-et-composants","9":"product_cat-processeurs","10":"product_tag-tag_1295","12":"first","13":"instock","14":"taxable","15":"shipping-taxable","16":"purchasable","17":"product-type-simple"},"_links":{"self":[{"href":"https:\/\/bigbuy.tupique.com\/es\/wp-json\/wp\/v2\/product\/80369","targetHints":{"allow":["GET"]}}],"collection":[{"href":"https:\/\/bigbuy.tupique.com\/es\/wp-json\/wp\/v2\/product"}],"about":[{"href":"https:\/\/bigbuy.tupique.com\/es\/wp-json\/wp\/v2\/types\/product"}],"replies":[{"embeddable":true,"href":"https:\/\/bigbuy.tupique.com\/es\/wp-json\/wp\/v2\/comments?post=80369"}],"wp:featuredmedia":[{"embeddable":true,"href":"https:\/\/bigbuy.tupique.com\/es\/wp-json\/wp\/v2\/media\/156151"}],"wp:attachment":[{"href":"https:\/\/bigbuy.tupique.com\/es\/wp-json\/wp\/v2\/media?parent=80369"}],"wp:term":[{"taxonomy":"product_brand","embeddable":true,"href":"https:\/\/bigbuy.tupique.com\/es\/wp-json\/wp\/v2\/product_brand?post=80369"},{"taxonomy":"product_cat","embeddable":true,"href":"https:\/\/bigbuy.tupique.com\/es\/wp-json\/wp\/v2\/product_cat?post=80369"},{"taxonomy":"product_tag","embeddable":true,"href":"https:\/\/bigbuy.tupique.com\/es\/wp-json\/wp\/v2\/product_tag?post=80369"}],"curies":[{"name":"wp","href":"https:\/\/api.w.org\/{rel}","templated":true}]}}