{"id":80305,"date":"2026-04-02T21:46:58","date_gmt":"2026-04-02T20:46:58","guid":{"rendered":"https:\/\/bigbuy.tupique.com\/produto\/graphics-card-asus-gcas-617-nvidia-geforce-rtx-3050-6-gb-gddr6\/"},"modified":"2026-04-15T08:33:57","modified_gmt":"2026-04-15T07:33:57","slug":"graphics-card-asus-gcas-617-nvidia-geforce-rtx-3050-6-gb-gddr6","status":"publish","type":"product","link":"https:\/\/bigbuy.tupique.com\/es\/produto\/graphics-card-asus-gcas-617-nvidia-geforce-rtx-3050-6-gb-gddr6\/","title":{"rendered":"Carte Graphique Asus GCAS-617 Nvidia GeForce RTX 3050 6 GB GDDR6"},"content":{"rendered":"<p>Si vous \u00eates passionn\u00e9 d&#8217;<b>informatique et d&#8217;\u00e9lectronique<\/b>, si vous \u00eates \u00e0 la pointe de la technologie et qu&#8217;aucun d\u00e9tail ne vous \u00e9chappe, achetez <b>Carte Graphique Asus GCAS-617 Nvidia GeForce RTX 3050 6 GB GDDR6<\/b> au meilleur prix.<\/p>\n<p>La <b>carte graphique<\/b> <b>Asus GeForce RTX 3050 LP BRK OC Edition<\/b> est une solution compacte et performante con\u00e7ue pour les utilisateurs n\u00e9cessitant une puissance graphique et gaming solide dans un format r\u00e9duit. \u00c9quip\u00e9e du <b>chipset Nvidia GeForce RTX 3050<\/b>, elle offre un traitement efficace des graphismes modernes et prend en charge les technologies actuelles comme le ray tracing en temps r\u00e9el et l\u2019am\u00e9lioration des performances par intelligence artificielle, gr\u00e2ce \u00e0 l\u2019architecture Ampere de Nvidia. Sa m\u00e9moire de <b>6 Go GDDR6<\/b> permet de g\u00e9rer des charges graphiques importantes, facilitant l\u2019ex\u00e9cution fluide de jeux et applications graphiques en r\u00e9solutions moyennes et \u00e9lev\u00e9es. Cette carte utilise une interface <b>PCI Express 3.0<\/b>, assurant une communication rapide et stable avec la carte m\u00e8re. C\u00f4t\u00e9 connectivit\u00e9, elle int\u00e8gre des ports <b>HDMI 2.1<\/b> et la compatibilit\u00e9 <b>HDCP<\/b>, garantissant la lecture de contenus num\u00e9riques prot\u00e9g\u00e9s et le support des \u00e9crans 4K \u00e0 haut taux de rafra\u00eechissement. Son design low-profile et une largeur d\u2019environ <b>55 cm<\/b> la rendent compatible avec des bo\u00eetiers compacts, id\u00e9ale pour les configurations o\u00f9 l\u2019espace est limit\u00e9 sans compromettre la capacit\u00e9 graphique. Sa finition en <b>noir<\/b> et ses standards techniques en font une option \u00e9quilibr\u00e9e entre puissance et praticit\u00e9 pour les utilisateurs souhaitant mettre \u00e0 jour ou monter un syst\u00e8me capable de g\u00e9rer multim\u00e9dia, gaming occasionnel et applications cr\u00e9atives avec fiabilit\u00e9. Cette carte graphique Asus refl\u00e8te un engagement envers l\u2019efficacit\u00e9 et la technologie moderne dans un format r\u00e9duit, destin\u00e9e \u00e0 ceux qui valorisent compatibilit\u00e9 et fonctionnalit\u00e9 dans des espaces restreints.<\/p>\n<ul>\n<li>Type:\n<ul>\n<li>Carte graphique (GPU)<\/li>\n<li>PCI Express 3.0<\/li>\n<\/ul>\n<\/li>\n<li>Transmission de donn\u00e9es: 14 GBIT\/S<\/li>\n<li>Couleur: Noir<\/li>\n<li>Connexions:\n<ul>\n<li>HDMI<\/li>\n<li>HDCP<\/li>\n<li>HDMI 2.1 x 1<\/li>\n<li>DisplayPort 1.4a<\/li>\n<li>PCI Express 4.0<\/li>\n<li>DisplayPort x 1<\/li>\n<li>DVI-D x 1<\/li>\n<\/ul>\n<\/li>\n<li>Ventillateur: 2<\/li>\n<li>\u00c9lev\u00e9: 55 cm<\/li>\n<li>Type de m\u00e9moire: GDDR6<\/li>\n<li>Interface: DirectX 12.0<\/li>\n<li>Inclut: Manuel de l&#8217;utilisateur<\/li>\n<li>Caract\u00e9ristiques:\n<ul>\n<li>OpenGL 4.6<\/li>\n<li>HDCP 2,3<\/li>\n<\/ul>\n<\/li>\n<li>R\u00e9solution (px): 7680 x 4320 px<\/li>\n<li>Chipset: Nvidia GeForce RTX 3050<\/li>\n<li>C\u0153urs CUDA: 2304<\/li>\n<li>Capacit\u00e9 m\u00e9moire graphique: 6 GB<\/li>\n<\/ul>","protected":false},"excerpt":{"rendered":"<p>Si vous \u00eates passionn\u00e9 d&#8217;informatique et d&#8217;\u00e9lectronique, si vous \u00eates \u00e0 la pointe de la technologie et qu&#8217;aucun d\u00e9tail ne vous \u00e9chappe, achetez Carte Graphique Asus GCAS-617 Nvidia GeForce RTX 3050 6 GB GDDR6 au meilleur prix. La carte graphique Asus GeForce RTX 3050 LP BRK OC Edition est une solution compacte et performante con\u00e7ue [&hellip;]<\/p>\n","protected":false},"featured_media":162993,"comment_status":"open","ping_status":"closed","template":"","meta":[],"product_brand":[798],"product_cat":[1223,65,584],"product_tag":[106],"class_list":{"0":"post-80305","1":"product","2":"type-product","3":"status-publish","4":"has-post-thumbnail","6":"product_brand-brandp_536","7":"product_cat-cartes-graphiques","8":"product_cat-informatique-electronique","9":"product_cat-informatique-reseaux-et-composants","10":"product_tag-tag_1295","12":"first","13":"instock","14":"taxable","15":"shipping-taxable","16":"purchasable","17":"product-type-simple"},"_links":{"self":[{"href":"https:\/\/bigbuy.tupique.com\/es\/wp-json\/wp\/v2\/product\/80305","targetHints":{"allow":["GET"]}}],"collection":[{"href":"https:\/\/bigbuy.tupique.com\/es\/wp-json\/wp\/v2\/product"}],"about":[{"href":"https:\/\/bigbuy.tupique.com\/es\/wp-json\/wp\/v2\/types\/product"}],"replies":[{"embeddable":true,"href":"https:\/\/bigbuy.tupique.com\/es\/wp-json\/wp\/v2\/comments?post=80305"}],"wp:featuredmedia":[{"embeddable":true,"href":"https:\/\/bigbuy.tupique.com\/es\/wp-json\/wp\/v2\/media\/162993"}],"wp:attachment":[{"href":"https:\/\/bigbuy.tupique.com\/es\/wp-json\/wp\/v2\/media?parent=80305"}],"wp:term":[{"taxonomy":"product_brand","embeddable":true,"href":"https:\/\/bigbuy.tupique.com\/es\/wp-json\/wp\/v2\/product_brand?post=80305"},{"taxonomy":"product_cat","embeddable":true,"href":"https:\/\/bigbuy.tupique.com\/es\/wp-json\/wp\/v2\/product_cat?post=80305"},{"taxonomy":"product_tag","embeddable":true,"href":"https:\/\/bigbuy.tupique.com\/es\/wp-json\/wp\/v2\/product_tag?post=80305"}],"curies":[{"name":"wp","href":"https:\/\/api.w.org\/{rel}","templated":true}]}}