{"id":79942,"date":"2026-04-02T21:27:28","date_gmt":"2026-04-02T20:27:28","guid":{"rendered":"https:\/\/bigbuy.tupique.com\/produto\/processor-intel-i9-12900kf-lga1700-intel-core-i9-12900kf\/"},"modified":"2026-04-15T08:33:56","modified_gmt":"2026-04-15T07:33:56","slug":"processor-intel-i9-12900kf-lga1700-intel-core-i9-12900kf","status":"publish","type":"product","link":"https:\/\/bigbuy.tupique.com\/es\/produto\/processor-intel-i9-12900kf-lga1700-intel-core-i9-12900kf\/","title":{"rendered":"Processeur Intel i9-12900KF LGA1700 Intel Core i9-12900KF"},"content":{"rendered":"<p>Si vous \u00eates passionn\u00e9 d&#8217;<b>informatique et d&#8217;\u00e9lectronique<\/b>, si vous \u00eates \u00e0 la pointe de la technologie et qu&#8217;aucun d\u00e9tail ne vous \u00e9chappe, achetez <b>Processeur Intel i9-12900KF LGA1700 Intel Core i9-12900KF<\/b> au meilleur prix.<\/p>\n<p>Le <b>processeur<\/b> <b>Intel Core i9-12900KF<\/b> est un CPU de bureau de <b>12e g\u00e9n\u00e9ration<\/b> con\u00e7u pour les PC haute performance orient\u00e9s <b>gaming<\/b> et <b>cr\u00e9ation de contenu<\/b>, bas\u00e9 sur l\u2019architecture hybride Alder Lake qui combine <b>8 c\u0153urs de performance<\/b> et <b>8 c\u0153urs d\u2019efficacit\u00e9<\/b>, offrant au total <b>16 c\u0153urs et 24 threads<\/b> pour g\u00e9rer sans \u00e0-coups des charges de travail exigeantes et un multit\u00e2che intensif. Il atteint jusqu\u2019\u00e0 <b>5,2 GHz<\/b> gr\u00e2ce aux technologies <b>Intel\u00ae Turbo Boost Technology 2.0<\/b> et <b>Intel\u00ae Turbo Boost Max Technology 3.0<\/b>, avec des fr\u00e9quences de base de 3,2 GHz pour les c\u0153urs de performance et 2,4 GHz pour les c\u0153urs efficaces, et une acc\u00e9l\u00e9ration jusqu\u2019\u00e0 5,1 GHz et 3,9 GHz respectivement, ce qui se traduit par une r\u00e9ponse tr\u00e8s rapide dans les jeux, le rendu et le montage multim\u00e9dia avanc\u00e9. Il int\u00e8gre <b>30 Mo d\u2019Intel\u00ae Smart Cache<\/b> pour r\u00e9duire les latences et am\u00e9liorer l\u2019acc\u00e8s aux donn\u00e9es, et prend en charge la m\u00e9moire <b>DDR4 et DDR5 SDRAM en double canal<\/b>, avec une <b>capacit\u00e9 maximale de 128 Go<\/b> et une bande passante jusqu\u2019\u00e0 <b>76,8 Go\/s<\/b>, id\u00e9ale pour les configurations haut de gamme. Le processeur utilise le <b>socket LGA 1700<\/b>, est compatible avec <b>PCI Express 5.0 et 4.0<\/b> avec jusqu\u2019\u00e0 20 lignes PCIe et DMI4 \u00e0 8 lignes pour la communication avec le chipset, permettant d\u2019installer des cartes graphiques et SSD de derni\u00e8re g\u00e9n\u00e9ration\u202f; \u00e9tant un mod\u00e8le <b>KF<\/b>, il ne dispose pas de <b>graphiques int\u00e9gr\u00e9s<\/b> et n\u00e9cessite donc obligatoirement une carte graphique d\u00e9di\u00e9e. Sa puissance de base est de <b>125 W<\/b> avec une puissance turbo maximale de <b>241 W<\/b>, il est donc recommand\u00e9 d\u2019utiliser une solution de refroidissement adapt\u00e9e conforme aux sp\u00e9cifications <b>PCG 2020A<\/b> pour maintenir la temp\u00e9rature sous contr\u00f4le jusqu\u2019\u00e0 son <b>Tjunction de 100 \u00b0C<\/b>. En mati\u00e8re de s\u00e9curit\u00e9 et de virtualisation, il int\u00e8gre des technologies comme <b>Intel\u00ae VT-x<\/b> et <b>VT-d<\/b>, <b>Intel\u00ae 64<\/b>, <b>Intel\u00ae AES-NI<\/b>, <b>Execute Disable Bit<\/b>, <b>Intel\u00ae Secure Key<\/b>, <b>Intel\u00ae OS Guard<\/b>, <b>Intel\u00ae Boot Guard<\/b> et Control-flow Enforcement Technology (CET), facilitant des environnements s\u00e9curis\u00e9s et optimis\u00e9s aussi pour les machines virtuelles et stations de travail avanc\u00e9es, tandis que <b>Intel\u00ae Hyper-Threading<\/b> et <b>Intel\u00ae Thread Director<\/b> aident \u00e0 r\u00e9partir les t\u00e2ches efficacement entre les diff\u00e9rents types de c\u0153urs. Il est aussi compatible avec <b>Intel\u00ae Optane<\/b> et des technologies comme <b>Intel\u00ae Deep Learning Boost (DL Boost)<\/b>, ce qui favorise les applications d\u2019intelligence artificielle et le traitement intensif moderne\u202f; il est livr\u00e9 en <b>bo\u00eete<\/b>, avec un format CPU de 45 x 37,5 mm, et est destin\u00e9 aux <b>PC de bureau<\/b>, clients et certains environnements tablette x86 selon la configuration du fabricant du syst\u00e8me. Dans l\u2019ensemble, le <b>Intel Core i9-12900KF<\/b> se positionne comme un processeur avanc\u00e9 et polyvalent pour les utilisateurs qui ont besoin d\u2019une base mat\u00e9rielle solide et actuelle pour des syst\u00e8mes haute performance.<\/p>\n<ul>\n<li>Type:\n<ul>\n<li>Processeur<\/li>\n<li>DDR4<\/li>\n<li>Jeux<\/li>\n<\/ul>\n<\/li>\n<li>Type de m\u00e9moire:\n<ul>\n<li>DDR5 SDRAM<\/li>\n<li>DDR4 SDRAM<\/li>\n<\/ul>\n<\/li>\n<li>Cha\u00eenes: 2<\/li>\n<li>Exigences: 64 bits<\/li>\n<li>Utilisation recommand\u00e9e:\n<ul>\n<li>PC de bureau<\/li>\n<li>Jeux<\/li>\n<\/ul>\n<\/li>\n<li>Cache:\n<ul>\n<li>Smart Cache<\/li>\n<li>30 MB<\/li>\n<\/ul>\n<\/li>\n<li>vitesse:\n<ul>\n<li>2,4 GHz<\/li>\n<li>5,1 GHZ<\/li>\n<li>5,2 ghz<\/li>\n<li>3,9 ghz<\/li>\n<li>3,2 ghz<\/li>\n<li>5.2 Ghz<\/li>\n<\/ul>\n<\/li>\n<li>Socket:\n<ul>\n<li>LGA1700<\/li>\n<li>LGA 1700<\/li>\n<\/ul>\n<\/li>\n<li>Famille de processeurs:\n<ul>\n<li>Intel Core i9<\/li>\n<li>Intel<\/li>\n<\/ul>\n<\/li>\n<li>Noyaux:\n<ul>\n<li>1 c\u0153ur<\/li>\n<li>8 Noyaux<\/li>\n<li>16 Noyaux<\/li>\n<\/ul>\n<\/li>\n<li>M\u00e9moire RAM maximale: 128 GB<\/li>\n<li>Nombre de fils: 24<\/li>\n<li>Technologie:\n<ul>\n<li>Intel Hyper-Threading<\/li>\n<li>VT-d<\/li>\n<li>VT-x<\/li>\n<\/ul>\n<\/li>\n<li>Compatible:\n<ul>\n<li>pci express 4.0<\/li>\n<li>pci express 5.0<\/li>\n<li>Intel\u00ae Turbo Boost Technology 2.0<\/li>\n<li>Intel Optane<\/li>\n<li>PC<\/li>\n<\/ul>\n<\/li>\n<li>Processeur:\n<ul>\n<li>Intel Core I9-12900KF<\/li>\n<li>i9-12900KF<\/li>\n<li>Intel Core i9-12900KF<\/li>\n<\/ul>\n<\/li>\n<li>Lithographie: 7 NM<\/li>\n<li>Fr\u00e9quence: 3,2 GHz<\/li>\n<li>Dimensions approx.: 10 X 12 X 5 CM<\/li>\n<li>Couleur:\n<ul>\n<li>Noir<\/li>\n<li>Transparent<\/li>\n<\/ul>\n<\/li>\n<li>Emballage: Caisse<\/li>\n<li>Taille maximale de la carte m\u00e9moire: 128 GB<\/li>\n<li>puissance: 125 W<\/li>\n<li>M\u00e9moire RAM: 128 GB<\/li>\n<li>Non Inclus: Adaptateur graphique discret<\/li>\n<li>PCI Express: X20<\/li>\n<\/ul>","protected":false},"excerpt":{"rendered":"<p>Si vous \u00eates passionn\u00e9 d&#8217;informatique et d&#8217;\u00e9lectronique, si vous \u00eates \u00e0 la pointe de la technologie et qu&#8217;aucun d\u00e9tail ne vous \u00e9chappe, achetez Processeur Intel i9-12900KF LGA1700 Intel Core i9-12900KF au meilleur prix. Le processeur Intel Core i9-12900KF est un CPU de bureau de 12e g\u00e9n\u00e9ration con\u00e7u pour les PC haute performance orient\u00e9s gaming et [&hellip;]<\/p>\n","protected":false},"featured_media":162771,"comment_status":"open","ping_status":"closed","template":"","meta":[],"product_brand":[982],"product_cat":[65,584,743],"product_tag":[106],"class_list":{"0":"post-79942","1":"product","2":"type-product","3":"status-publish","4":"has-post-thumbnail","6":"product_brand-brandp_555","7":"product_cat-informatique-electronique","8":"product_cat-informatique-reseaux-et-composants","9":"product_cat-processeurs","10":"product_tag-tag_1295","12":"first","13":"instock","14":"taxable","15":"shipping-taxable","16":"purchasable","17":"product-type-simple"},"_links":{"self":[{"href":"https:\/\/bigbuy.tupique.com\/es\/wp-json\/wp\/v2\/product\/79942","targetHints":{"allow":["GET"]}}],"collection":[{"href":"https:\/\/bigbuy.tupique.com\/es\/wp-json\/wp\/v2\/product"}],"about":[{"href":"https:\/\/bigbuy.tupique.com\/es\/wp-json\/wp\/v2\/types\/product"}],"replies":[{"embeddable":true,"href":"https:\/\/bigbuy.tupique.com\/es\/wp-json\/wp\/v2\/comments?post=79942"}],"wp:featuredmedia":[{"embeddable":true,"href":"https:\/\/bigbuy.tupique.com\/es\/wp-json\/wp\/v2\/media\/162771"}],"wp:attachment":[{"href":"https:\/\/bigbuy.tupique.com\/es\/wp-json\/wp\/v2\/media?parent=79942"}],"wp:term":[{"taxonomy":"product_brand","embeddable":true,"href":"https:\/\/bigbuy.tupique.com\/es\/wp-json\/wp\/v2\/product_brand?post=79942"},{"taxonomy":"product_cat","embeddable":true,"href":"https:\/\/bigbuy.tupique.com\/es\/wp-json\/wp\/v2\/product_cat?post=79942"},{"taxonomy":"product_tag","embeddable":true,"href":"https:\/\/bigbuy.tupique.com\/es\/wp-json\/wp\/v2\/product_tag?post=79942"}],"curies":[{"name":"wp","href":"https:\/\/api.w.org\/{rel}","templated":true}]}}