{"id":79388,"date":"2026-04-02T21:01:27","date_gmt":"2026-04-02T20:01:27","guid":{"rendered":"https:\/\/bigbuy.tupique.com\/produto\/processor-amd-100-100001277wof-amd-am5-2\/"},"modified":"2026-04-15T19:06:13","modified_gmt":"2026-04-15T18:06:13","slug":"processor-amd-100-100001277wof-amd-am5-2","status":"publish","type":"product","link":"https:\/\/bigbuy.tupique.com\/es\/produto\/processor-amd-100-100001277wof-amd-am5-2\/","title":{"rendered":"Processeur AMD 100-100001277WOF AMD AM5"},"content":{"rendered":"<p>Si vous \u00eates passionn\u00e9 d&#8217;<b>informatique et d&#8217;\u00e9lectronique<\/b>, si vous \u00eates \u00e0 la pointe de la technologie et qu&#8217;aucun d\u00e9tail ne vous \u00e9chappe, achetez <b>Processeur AMD 100-100001277WOF AMD AM5<\/b> au meilleur prix.<\/p>\n<p>Le <b>processeur<\/b> <b>AMD Ryzen 9 9950X<\/b> est une solution puissante destin\u00e9e aux utilisateurs exigeant des performances avanc\u00e9es, tels que les professionnels du design, de l\u2019\u00e9dition multim\u00e9dia et les passionn\u00e9s de gaming haut de gamme. Ce mod\u00e8le dispose de <b>16 c\u0153urs physiques<\/b> offrant une grande capacit\u00e9 de traitement multit\u00e2che et une ex\u00e9cution efficace des logiciels lourds. Il repose sur une architecture <b>64 bits<\/b> garantissant la compatibilit\u00e9 avec les applications modernes et une optimisation pour la gestion de gros volumes de donn\u00e9es. Con\u00e7u pour la plateforme de derni\u00e8re g\u00e9n\u00e9ration, il utilise le <b>socket AMD AM5<\/b>, assurant la compatibilit\u00e9 avec les nouvelles cartes m\u00e8res supportant des m\u00e9moires rapides et les technologies actuelles. De plus, il est compatible avec la <b>m\u00e9moire DDR5 SDRAM<\/b>, am\u00e9liorant nettement la bande passante et la vitesse d\u2019acc\u00e8s par rapport aux g\u00e9n\u00e9rations pr\u00e9c\u00e9dentes. Avec une consommation \u00e9nerg\u00e9tique de <b>170 W<\/b>, ce processeur \u00e9quilibre puissance et efficacit\u00e9 pour les t\u00e2ches intensives sans compromettre la stabilit\u00e9. Sa couleur noire et son design garantissent une int\u00e9gration esth\u00e9tique dans les configurations personnalis\u00e9es de syst\u00e8mes haute performance. L\u2019AMD Ryzen 9 9950X est une option robuste de la famille Ryzen, s\u2019imposant comme un \u00e9l\u00e9ment cl\u00e9 pour les syst\u00e8mes n\u00e9cessitant des performances sup\u00e9rieures et une capacit\u00e9 adapt\u00e9e aux projets professionnels complexes.<\/p>\n<ul>\n<li>Type de m\u00e9moire: DDR5 SDRAM<\/li>\n<li>Cha\u00eenes: 2<\/li>\n<li>Exigences: 64 bits<\/li>\n<li>puissance: 170 W<\/li>\n<li>Caract\u00e9ristiques:\n<ul>\n<li>No ECC<\/li>\n<li>Adaptateur graphique int\u00e9gr\u00e9<\/li>\n<\/ul>\n<\/li>\n<li>vitesse: 5,7 ghz<\/li>\n<li>Compatible:\n<ul>\n<li>pci express 5.0<\/li>\n<li>PC<\/li>\n<\/ul>\n<\/li>\n<li>Nombre de fils: 32<\/li>\n<li>Non Inclus:\n<ul>\n<li>Dissipateur<\/li>\n<li>Adaptateur graphique discret<\/li>\n<\/ul>\n<\/li>\n<li>Vitesse de m\u00e9moire support\u00e9e: 3600 mhz<\/li>\n<li>Processeur:\n<ul>\n<li>AMD RYZEN\u2122 9 9950X<\/li>\n<li>AMD RYZEN\u2122 THREADRIPPER\u2122 7980X<\/li>\n<li>AMD<\/li>\n<\/ul>\n<\/li>\n<li>Couleur:\n<ul>\n<li>Noir<\/li>\n<li>Multicouleur<\/li>\n<\/ul>\n<\/li>\n<li>Noyaux:\n<ul>\n<li>1 c\u0153ur<\/li>\n<li>32<\/li>\n<li>16 Noyaux<\/li>\n<\/ul>\n<\/li>\n<li>M\u00e9moire RAM: DDR5-SDRAM<\/li>\n<li>consommation d&#8217;\u00e9nergie: 170 W<\/li>\n<li>Dimensions approx.: 13 x 4 x 13 cm<\/li>\n<li>Socket: AMD AM5<\/li>\n<li>Famille de processeurs:\n<ul>\n<li>AMD Ryzen 9<\/li>\n<li>AMD<\/li>\n<\/ul>\n<\/li>\n<li>Contr\u00f4leur graphique: AMD RADEON GRAPHICS<\/li>\n<\/ul>","protected":false},"excerpt":{"rendered":"<p>Si vous \u00eates passionn\u00e9 d&#8217;informatique et d&#8217;\u00e9lectronique, si vous \u00eates \u00e0 la pointe de la technologie et qu&#8217;aucun d\u00e9tail ne vous \u00e9chappe, achetez Processeur AMD 100-100001277WOF AMD AM5 au meilleur prix. Le processeur AMD Ryzen 9 9950X est une solution puissante destin\u00e9e aux utilisateurs exigeant des performances avanc\u00e9es, tels que les professionnels du design, de [&hellip;]<\/p>\n","protected":false},"featured_media":179965,"comment_status":"open","ping_status":"closed","template":"","meta":[],"product_brand":[801],"product_cat":[65,584,743],"product_tag":[106],"class_list":{"0":"post-79388","1":"product","2":"type-product","3":"status-publish","4":"has-post-thumbnail","6":"product_brand-brandp_531","7":"product_cat-informatique-electronique","8":"product_cat-informatique-reseaux-et-composants","9":"product_cat-processeurs","10":"product_tag-tag_1295","12":"first","13":"instock","14":"taxable","15":"shipping-taxable","16":"purchasable","17":"product-type-simple"},"_links":{"self":[{"href":"https:\/\/bigbuy.tupique.com\/es\/wp-json\/wp\/v2\/product\/79388","targetHints":{"allow":["GET"]}}],"collection":[{"href":"https:\/\/bigbuy.tupique.com\/es\/wp-json\/wp\/v2\/product"}],"about":[{"href":"https:\/\/bigbuy.tupique.com\/es\/wp-json\/wp\/v2\/types\/product"}],"replies":[{"embeddable":true,"href":"https:\/\/bigbuy.tupique.com\/es\/wp-json\/wp\/v2\/comments?post=79388"}],"wp:featuredmedia":[{"embeddable":true,"href":"https:\/\/bigbuy.tupique.com\/es\/wp-json\/wp\/v2\/media\/179965"}],"wp:attachment":[{"href":"https:\/\/bigbuy.tupique.com\/es\/wp-json\/wp\/v2\/media?parent=79388"}],"wp:term":[{"taxonomy":"product_brand","embeddable":true,"href":"https:\/\/bigbuy.tupique.com\/es\/wp-json\/wp\/v2\/product_brand?post=79388"},{"taxonomy":"product_cat","embeddable":true,"href":"https:\/\/bigbuy.tupique.com\/es\/wp-json\/wp\/v2\/product_cat?post=79388"},{"taxonomy":"product_tag","embeddable":true,"href":"https:\/\/bigbuy.tupique.com\/es\/wp-json\/wp\/v2\/product_tag?post=79388"}],"curies":[{"name":"wp","href":"https:\/\/api.w.org\/{rel}","templated":true}]}}