{"id":78975,"date":"2026-04-02T20:38:54","date_gmt":"2026-04-02T19:38:54","guid":{"rendered":"https:\/\/bigbuy.tupique.com\/produto\/ram-memory-hpe-p64336-b21-16-gb-ddr5-4800-mhz\/"},"modified":"2026-04-15T08:33:44","modified_gmt":"2026-04-15T07:33:44","slug":"ram-memory-hpe-p64336-b21-16-gb-ddr5-4800-mhz","status":"publish","type":"product","link":"https:\/\/bigbuy.tupique.com\/es\/produto\/ram-memory-hpe-p64336-b21-16-gb-ddr5-4800-mhz\/","title":{"rendered":"M\u00e9moire RAM HPE P64336-B21 16 GB DDR5 4800 MHz"},"content":{"rendered":"<p>Si vous \u00eates passionn\u00e9 d&#8217;<b>informatique et d&#8217;\u00e9lectronique<\/b>, si vous \u00eates \u00e0 la pointe de la technologie et qu&#8217;aucun d\u00e9tail ne vous \u00e9chappe, achetez <b>M\u00e9moire RAM HPE P64336-B21 16 GB DDR5 4800 MHz<\/b> au meilleur prix.<\/p>\n<ul>\n<li>Type: M\u00e9moire (RAM)<\/li>\n<li>Facteur de forme: RDIMM<\/li>\n<li>Fr\u00e9quence: 4800 MHz<\/li>\n<li>Capacit\u00e9: 16 GB<\/li>\n<li>Tension: 1,2 V<\/li>\n<li>Format: 1 x 16 GB<\/li>\n<li>vitesse: 4800 MHz<\/li>\n<li>Type de m\u00e9moire: DDR5<\/li>\n<\/ul>","protected":false},"excerpt":{"rendered":"<p>Si vous \u00eates passionn\u00e9 d&#8217;informatique et d&#8217;\u00e9lectronique, si vous \u00eates \u00e0 la pointe de la technologie et qu&#8217;aucun d\u00e9tail ne vous \u00e9chappe, achetez M\u00e9moire RAM HPE P64336-B21 16 GB DDR5 4800 MHz au meilleur prix. Type: M\u00e9moire (RAM) Facteur de forme: RDIMM Fr\u00e9quence: 4800 MHz Capacit\u00e9: 16 GB Tension: 1,2 V Format: 1 x 16 [&hellip;]<\/p>\n","protected":false},"featured_media":78972,"comment_status":"open","ping_status":"closed","template":"","meta":[],"product_brand":[644],"product_cat":[65,584,593],"product_tag":[106],"class_list":{"0":"post-78975","1":"product","2":"type-product","3":"status-publish","4":"has-post-thumbnail","6":"product_brand-brandp_662","7":"product_cat-informatique-electronique","8":"product_cat-informatique-reseaux-et-composants","9":"product_cat-memoires-ram","10":"product_tag-tag_1295","12":"first","13":"instock","14":"taxable","15":"shipping-taxable","16":"purchasable","17":"product-type-simple"},"_links":{"self":[{"href":"https:\/\/bigbuy.tupique.com\/es\/wp-json\/wp\/v2\/product\/78975","targetHints":{"allow":["GET"]}}],"collection":[{"href":"https:\/\/bigbuy.tupique.com\/es\/wp-json\/wp\/v2\/product"}],"about":[{"href":"https:\/\/bigbuy.tupique.com\/es\/wp-json\/wp\/v2\/types\/product"}],"replies":[{"embeddable":true,"href":"https:\/\/bigbuy.tupique.com\/es\/wp-json\/wp\/v2\/comments?post=78975"}],"wp:featuredmedia":[{"embeddable":true,"href":"https:\/\/bigbuy.tupique.com\/es\/wp-json\/wp\/v2\/media\/78972"}],"wp:attachment":[{"href":"https:\/\/bigbuy.tupique.com\/es\/wp-json\/wp\/v2\/media?parent=78975"}],"wp:term":[{"taxonomy":"product_brand","embeddable":true,"href":"https:\/\/bigbuy.tupique.com\/es\/wp-json\/wp\/v2\/product_brand?post=78975"},{"taxonomy":"product_cat","embeddable":true,"href":"https:\/\/bigbuy.tupique.com\/es\/wp-json\/wp\/v2\/product_cat?post=78975"},{"taxonomy":"product_tag","embeddable":true,"href":"https:\/\/bigbuy.tupique.com\/es\/wp-json\/wp\/v2\/product_tag?post=78975"}],"curies":[{"name":"wp","href":"https:\/\/api.w.org\/{rel}","templated":true}]}}