{"id":78739,"date":"2026-04-02T20:26:50","date_gmt":"2026-04-02T19:26:50","guid":{"rendered":"https:\/\/bigbuy.tupique.com\/produto\/smartphone-spc-23544128d-128-gb\/"},"modified":"2026-04-15T15:42:27","modified_gmt":"2026-04-15T14:42:27","slug":"smartphone-spc-23544128d-128-gb","status":"publish","type":"product","link":"https:\/\/bigbuy.tupique.com\/es\/produto\/smartphone-spc-23544128d-128-gb\/","title":{"rendered":"Smartphone SPC 23544128D 128 GB"},"content":{"rendered":"<p>Si vous \u00eates passionn\u00e9 d&#8217;<b>informatique et d&#8217;\u00e9lectronique<\/b>, si vous \u00eates \u00e0 la pointe de la technologie et qu&#8217;aucun d\u00e9tail ne vous \u00e9chappe, achetez <b>Smartphone SPC 23544128D 128 GB<\/b> au meilleur prix.<\/p>\n<p>Le <b>SPC 23544128D<\/b> est un <b>smartphone<\/b> con\u00e7u pour ceux qui recherchent des performances \u00e9quilibr\u00e9es et une exp\u00e9rience utilisateur fluide au quotidien. Il int\u00e8gre un <b>processeur Octa Core<\/b> efficace qui, associ\u00e9 \u00e0 ses <b>4 Go de RAM<\/b>, permet un multit\u00e2che rapide, id\u00e9al pour naviguer sur Internet, les r\u00e9seaux sociaux et les applications courantes sans interruption. Il dispose de <b>128 Go de stockage interne<\/b>, offrant suffisamment d\u2019espace pour applications, photos et fichiers personnels sans se soucier de la m\u00e9moire. Son design en <b>bleu<\/b> apporte une touche moderne et distinctive, tandis que le format compact facilite la prise en main et le transport. Compatible avec les r\u00e9seaux <b>4G<\/b>, cet appareil assure des connexions rapides pour le streaming, les appels vid\u00e9o ou les t\u00e9l\u00e9chargements, r\u00e9pondant aux besoins actuels. Il inclut une prise europ\u00e9enne standard (<b>Prise EU<\/b>) et fonctionne sur <b>secteur<\/b>, garantissant une compatibilit\u00e9 totale \u00e0 la maison. Le <b>SPC 23544128D<\/b> r\u00e9unit les fonctionnalit\u00e9s essentielles pour les utilisateurs qui appr\u00e9cient la capacit\u00e9, l\u2019efficacit\u00e9 et la praticit\u00e9 dans un appareil au prix abordable et au design attrayant.<\/p>\n<ul>\n<li>Bloc d\u2019Alimentation:\n<ul>\n<li>r\u00e9seau \u00e9lectrique<\/li>\n<li>Batterie<\/li>\n<\/ul>\n<\/li>\n<li>Type:\n<ul>\n<li>Smartphone<\/li>\n<li>Smartphones, t\u00e9l\u00e9phones mobiles<\/li>\n<\/ul>\n<\/li>\n<li>Produit \u00e0 brancher: Oui<\/li>\n<li>Type de prise: Prise EU<\/li>\n<li>Couleur:\n<ul>\n<li>Bleu<\/li>\n<li>Noir<\/li>\n<\/ul>\n<\/li>\n<li>Syst\u00e8me d&#8217;exploitation: Android<\/li>\n<li>M\u00e9moire RAM: 4 GB RAM<\/li>\n<li>Ecran: 6,1&#8243;<\/li>\n<li>Processeur: Octa Core<\/li>\n<li>Capacit\u00e9 de la batterie: 3700 mAh<\/li>\n<li>M\u00e9moire interne:\n<ul>\n<li>128 GB SSD<\/li>\n<li>128 GB<\/li>\n<\/ul>\n<\/li>\n<li>Diagonale de l&#8217;\u00e9cran (cm):\n<ul>\n<li>190,5 cm<\/li>\n<li>15,5 cm<\/li>\n<\/ul>\n<\/li>\n<li>Mati\u00e8re: Plastique<\/li>\n<li>Rapport d&#8217;aspect: 16:9<\/li>\n<li>Disque dur: 128 GB SSD<\/li>\n<\/ul>","protected":false},"excerpt":{"rendered":"<p>Si vous \u00eates passionn\u00e9 d&#8217;informatique et d&#8217;\u00e9lectronique, si vous \u00eates \u00e0 la pointe de la technologie et qu&#8217;aucun d\u00e9tail ne vous \u00e9chappe, achetez Smartphone SPC 23544128D 128 GB au meilleur prix. Le SPC 23544128D est un smartphone con\u00e7u pour ceux qui recherchent des performances \u00e9quilibr\u00e9es et une exp\u00e9rience utilisateur fluide au quotidien. Il int\u00e8gre un [&hellip;]<\/p>\n","protected":false},"featured_media":189701,"comment_status":"open","ping_status":"closed","template":"","meta":[],"product_brand":[1712],"product_cat":[575,65,960],"product_tag":[213,566,106],"class_list":{"0":"post-78739","1":"product","2":"type-product","3":"status-publish","4":"has-post-thumbnail","6":"product_brand-brandp_609","7":"product_cat-electronique-telephonie-et-tablettes","8":"product_cat-informatique-electronique","9":"product_cat-telephones-portables","10":"product_tag-tag_933","11":"product_tag-tag_547","12":"product_tag-tag_1295","14":"first","15":"instock","16":"taxable","17":"shipping-taxable","18":"purchasable","19":"product-type-simple"},"_links":{"self":[{"href":"https:\/\/bigbuy.tupique.com\/es\/wp-json\/wp\/v2\/product\/78739","targetHints":{"allow":["GET"]}}],"collection":[{"href":"https:\/\/bigbuy.tupique.com\/es\/wp-json\/wp\/v2\/product"}],"about":[{"href":"https:\/\/bigbuy.tupique.com\/es\/wp-json\/wp\/v2\/types\/product"}],"replies":[{"embeddable":true,"href":"https:\/\/bigbuy.tupique.com\/es\/wp-json\/wp\/v2\/comments?post=78739"}],"wp:featuredmedia":[{"embeddable":true,"href":"https:\/\/bigbuy.tupique.com\/es\/wp-json\/wp\/v2\/media\/189701"}],"wp:attachment":[{"href":"https:\/\/bigbuy.tupique.com\/es\/wp-json\/wp\/v2\/media?parent=78739"}],"wp:term":[{"taxonomy":"product_brand","embeddable":true,"href":"https:\/\/bigbuy.tupique.com\/es\/wp-json\/wp\/v2\/product_brand?post=78739"},{"taxonomy":"product_cat","embeddable":true,"href":"https:\/\/bigbuy.tupique.com\/es\/wp-json\/wp\/v2\/product_cat?post=78739"},{"taxonomy":"product_tag","embeddable":true,"href":"https:\/\/bigbuy.tupique.com\/es\/wp-json\/wp\/v2\/product_tag?post=78739"}],"curies":[{"name":"wp","href":"https:\/\/api.w.org\/{rel}","templated":true}]}}