{"id":78216,"date":"2026-04-02T19:59:08","date_gmt":"2026-04-02T18:59:08","guid":{"rendered":"https:\/\/bigbuy.tupique.com\/produto\/ram-memory-lexar-ld5s16g56c46st-bgs-16-gb-ddr5-5600-mhz\/"},"modified":"2026-04-15T08:30:44","modified_gmt":"2026-04-15T07:30:44","slug":"ram-memory-lexar-ld5s16g56c46st-bgs-16-gb-ddr5-5600-mhz","status":"publish","type":"product","link":"https:\/\/bigbuy.tupique.com\/es\/produto\/ram-memory-lexar-ld5s16g56c46st-bgs-16-gb-ddr5-5600-mhz\/","title":{"rendered":"M\u00e9moire RAM Lexar LD5S16G56C46ST-BGS 16 GB DDR5 5600 MHz"},"content":{"rendered":"<p>Si vous \u00eates passionn\u00e9 d&#8217;<b>informatique et d&#8217;\u00e9lectronique<\/b>, si vous \u00eates \u00e0 la pointe de la technologie et qu&#8217;aucun d\u00e9tail ne vous \u00e9chappe, achetez <b>M\u00e9moire RAM Lexar LD5S16G56C46ST-BGS 16 GB DDR5 5600 MHz<\/b> au meilleur prix.<\/p>\n<p>Le <b>Lexar LD5S16G56C46ST-BGS<\/b> est une <b>m\u00e9moire RAM<\/b> con\u00e7ue pour ordinateurs portables qui allie capacit\u00e9 et vitesse pour optimiser les performances du syst\u00e8me. Elle offre une <b>capacit\u00e9 de 16 Go<\/b> configur\u00e9e en un module unique de <b>1 x 16 Go<\/b>, facilitant son int\u00e9gration dans les appareils n\u00e9cessitant une extension efficace et stable. Fabriqu\u00e9e avec la technologie <b>DDR5<\/b>, derni\u00e8re g\u00e9n\u00e9ration de m\u00e9moire RAM, elle apporte des am\u00e9liorations significatives en vitesse, consommation d\u2019\u00e9nergie et bande passante par rapport aux g\u00e9n\u00e9rations pr\u00e9c\u00e9dentes, garantissant une exp\u00e9rience fluide pour les t\u00e2ches exigeantes et le multit\u00e2che avanc\u00e9. Sa <b>fr\u00e9quence de 5600 MHz<\/b> assure des transferts rapides et une faible latence, avec une <b>latence CAS de 46<\/b>, \u00e9quilibrant vitesse et stabilit\u00e9 pour les applications et jeux n\u00e9cessitant une grande r\u00e9activit\u00e9. De plus, son format et son design sont sp\u00e9cifiquement adapt\u00e9s aux <b>ordinateurs portables<\/b>, assurant la compatibilit\u00e9 avec la plupart des mod\u00e8les r\u00e9cents supportant la DDR5, offrant ainsi une mise \u00e0 niveau efficace pour am\u00e9liorer les performances globales sans compromettre l\u2019espace ou l\u2019efficacit\u00e9 \u00e9nerg\u00e9tique. La m\u00e9moire Lexar LD5S16G56ST-BGS est une solution technique adapt\u00e9e aux utilisateurs souhaitant booster leur portable avec une option performante, destin\u00e9e aux professionnels et passionn\u00e9s de mat\u00e9riel qui ont besoin d\u2019acc\u00e9l\u00e9rer leurs processus et garantir la stabilit\u00e9 de leurs syst\u00e8mes.<\/p>\n<ul>\n<li>Type:\n<ul>\n<li>M\u00e9moire (RAM)<\/li>\n<li>DDR5<\/li>\n<\/ul>\n<\/li>\n<li>Latence: CL46<\/li>\n<li>Facteur de forme: 262-PIN SO-DIMM<\/li>\n<li>M\u00e9moire RAM: 16 GB RAM<\/li>\n<li>Capacit\u00e9: 16 GB<\/li>\n<li>Compatible: Ordinateur Portable<\/li>\n<li>Format: 1 x 16 GB<\/li>\n<li>vitesse: 5600 MHz<\/li>\n<li>Type de m\u00e9moire: DDR5<\/li>\n<\/ul>","protected":false},"excerpt":{"rendered":"<p>Si vous \u00eates passionn\u00e9 d&#8217;informatique et d&#8217;\u00e9lectronique, si vous \u00eates \u00e0 la pointe de la technologie et qu&#8217;aucun d\u00e9tail ne vous \u00e9chappe, achetez M\u00e9moire RAM Lexar LD5S16G56C46ST-BGS 16 GB DDR5 5600 MHz au meilleur prix. Le Lexar LD5S16G56C46ST-BGS est une m\u00e9moire RAM con\u00e7ue pour ordinateurs portables qui allie capacit\u00e9 et vitesse pour optimiser les performances [&hellip;]<\/p>\n","protected":false},"featured_media":78203,"comment_status":"open","ping_status":"closed","template":"","meta":[],"product_brand":[1166],"product_cat":[65,584,593],"product_tag":[106],"class_list":{"0":"post-78216","1":"product","2":"type-product","3":"status-publish","4":"has-post-thumbnail","6":"product_brand-brandp_2133","7":"product_cat-informatique-electronique","8":"product_cat-informatique-reseaux-et-composants","9":"product_cat-memoires-ram","10":"product_tag-tag_1295","12":"first","13":"instock","14":"taxable","15":"shipping-taxable","16":"purchasable","17":"product-type-simple"},"_links":{"self":[{"href":"https:\/\/bigbuy.tupique.com\/es\/wp-json\/wp\/v2\/product\/78216","targetHints":{"allow":["GET"]}}],"collection":[{"href":"https:\/\/bigbuy.tupique.com\/es\/wp-json\/wp\/v2\/product"}],"about":[{"href":"https:\/\/bigbuy.tupique.com\/es\/wp-json\/wp\/v2\/types\/product"}],"replies":[{"embeddable":true,"href":"https:\/\/bigbuy.tupique.com\/es\/wp-json\/wp\/v2\/comments?post=78216"}],"wp:featuredmedia":[{"embeddable":true,"href":"https:\/\/bigbuy.tupique.com\/es\/wp-json\/wp\/v2\/media\/78203"}],"wp:attachment":[{"href":"https:\/\/bigbuy.tupique.com\/es\/wp-json\/wp\/v2\/media?parent=78216"}],"wp:term":[{"taxonomy":"product_brand","embeddable":true,"href":"https:\/\/bigbuy.tupique.com\/es\/wp-json\/wp\/v2\/product_brand?post=78216"},{"taxonomy":"product_cat","embeddable":true,"href":"https:\/\/bigbuy.tupique.com\/es\/wp-json\/wp\/v2\/product_cat?post=78216"},{"taxonomy":"product_tag","embeddable":true,"href":"https:\/\/bigbuy.tupique.com\/es\/wp-json\/wp\/v2\/product_tag?post=78216"}],"curies":[{"name":"wp","href":"https:\/\/api.w.org\/{rel}","templated":true}]}}