{"id":77740,"date":"2026-04-02T19:32:09","date_gmt":"2026-04-02T18:32:09","guid":{"rendered":"https:\/\/bigbuy.tupique.com\/produto\/hard-drive-hpe-p40503-b21-960-gb-ssd\/"},"modified":"2026-04-15T08:30:11","modified_gmt":"2026-04-15T07:30:11","slug":"hard-drive-hpe-p40503-b21-960-gb-ssd","status":"publish","type":"product","link":"https:\/\/bigbuy.tupique.com\/es\/produto\/hard-drive-hpe-p40503-b21-960-gb-ssd\/","title":{"rendered":"Disque dur HPE P40503-B21 960 GB SSD"},"content":{"rendered":"<p>Si vous \u00eates passionn\u00e9 d&#8217;<b>informatique et d&#8217;\u00e9lectronique<\/b>, si vous \u00eates \u00e0 la pointe de la technologie et qu&#8217;aucun d\u00e9tail ne vous \u00e9chappe, achetez <b>Disque dur HPE P40503-B21 960 GB SSD<\/b> au meilleur prix.<\/p>\n<p>Le <b>disque dur<\/b> interne <b>HPE P40503-B21<\/b> est un lecteur \u00e0 \u00e9tat solide au format <b>2,5&#8243;<\/b> con\u00e7u pour les environnements professionnels qui exigent fiabilit\u00e9 et bonnes performances sur les serveurs et syst\u00e8mes de stockage HPE compatibles. Il offre une capacit\u00e9 de <b>960&nbsp;Go SSD<\/b>, adapt\u00e9e pour h\u00e9berger syst\u00e8mes d\u2019exploitation, applications m\u00e9tier et bases de donn\u00e9es de taille moyenne, am\u00e9liorant nettement les temps de r\u00e9ponse par rapport aux disques m\u00e9caniques traditionnels. Son interface <b>SATA<\/b> 6&nbsp;Gbit\/s garantit un transfert de donn\u00e9es stable et standardis\u00e9, facilitant l\u2019int\u00e9gration dans les infrastructures existantes. Le lecteur fournit des vitesses allant jusqu\u2019\u00e0 <b>520&nbsp;Mo\/s en lecture<\/b> et environ <b>480&nbsp;Mo\/s en \u00e9criture<\/b>, ce qui permet d\u2019acc\u00e9l\u00e9rer les processus de d\u00e9marrage, le chargement des applications et les op\u00e9rations intensives de lecture\/\u00e9criture, en r\u00e9duisant les latences et les goulots d\u2019\u00e9tranglement du syst\u00e8me. En tant que SSD sans pi\u00e8ces mobiles et avec <b>0&nbsp;tr\/min<\/b>, il r\u00e9duit le risque de pannes m\u00e9caniques, g\u00e9n\u00e8re moins de chaleur et de bruit et contribue \u00e0 une meilleure efficacit\u00e9 \u00e9nerg\u00e9tique dans le centre de donn\u00e9es ou sur les postes de travail en fonctionnement continu. Ce <b>SSD interne SATA 2,5&#8243; 960&nbsp;Go HPE P40503-B21<\/b> s\u2019impose comme une solution solide pour mettre \u00e0 niveau ou \u00e9tendre le stockage avec de meilleures performances et une fiabilit\u00e9 accrue dans les environnements professionnels et d\u2019entreprise.<\/p>\n<ul>\n<li>vitesse: 520 MB\/s<\/li>\n<li>Disque dur: 960 GB SSD<\/li>\n<li>Type: Disque dur interne<\/li>\n<li>Connexions: SATA<\/li>\n<li>Taille: 2,5&#8243;<\/li>\n<\/ul>","protected":false},"excerpt":{"rendered":"<p>Si vous \u00eates passionn\u00e9 d&#8217;informatique et d&#8217;\u00e9lectronique, si vous \u00eates \u00e0 la pointe de la technologie et qu&#8217;aucun d\u00e9tail ne vous \u00e9chappe, achetez Disque dur HPE P40503-B21 960 GB SSD au meilleur prix. Le disque dur interne HPE P40503-B21 est un lecteur \u00e0 \u00e9tat solide au format 2,5&#8243; con\u00e7u pour les environnements professionnels qui exigent [&hellip;]<\/p>\n","protected":false},"featured_media":77729,"comment_status":"open","ping_status":"closed","template":"","meta":[],"product_brand":[644],"product_cat":[588,65,584],"product_tag":[106],"class_list":{"0":"post-77740","1":"product","2":"type-product","3":"status-publish","4":"has-post-thumbnail","6":"product_brand-brandp_662","7":"product_cat-disques-durs","8":"product_cat-informatique-electronique","9":"product_cat-informatique-reseaux-et-composants","10":"product_tag-tag_1295","12":"first","13":"instock","14":"taxable","15":"shipping-taxable","16":"purchasable","17":"product-type-simple"},"_links":{"self":[{"href":"https:\/\/bigbuy.tupique.com\/es\/wp-json\/wp\/v2\/product\/77740","targetHints":{"allow":["GET"]}}],"collection":[{"href":"https:\/\/bigbuy.tupique.com\/es\/wp-json\/wp\/v2\/product"}],"about":[{"href":"https:\/\/bigbuy.tupique.com\/es\/wp-json\/wp\/v2\/types\/product"}],"replies":[{"embeddable":true,"href":"https:\/\/bigbuy.tupique.com\/es\/wp-json\/wp\/v2\/comments?post=77740"}],"wp:featuredmedia":[{"embeddable":true,"href":"https:\/\/bigbuy.tupique.com\/es\/wp-json\/wp\/v2\/media\/77729"}],"wp:attachment":[{"href":"https:\/\/bigbuy.tupique.com\/es\/wp-json\/wp\/v2\/media?parent=77740"}],"wp:term":[{"taxonomy":"product_brand","embeddable":true,"href":"https:\/\/bigbuy.tupique.com\/es\/wp-json\/wp\/v2\/product_brand?post=77740"},{"taxonomy":"product_cat","embeddable":true,"href":"https:\/\/bigbuy.tupique.com\/es\/wp-json\/wp\/v2\/product_cat?post=77740"},{"taxonomy":"product_tag","embeddable":true,"href":"https:\/\/bigbuy.tupique.com\/es\/wp-json\/wp\/v2\/product_tag?post=77740"}],"curies":[{"name":"wp","href":"https:\/\/api.w.org\/{rel}","templated":true}]}}