{"id":77529,"date":"2026-04-02T19:22:00","date_gmt":"2026-04-02T18:22:00","guid":{"rendered":"https:\/\/bigbuy.tupique.com\/produto\/hard-drive-hpe-p40510-b21\/"},"modified":"2026-04-15T08:30:07","modified_gmt":"2026-04-15T07:30:07","slug":"hard-drive-hpe-p40510-b21","status":"publish","type":"product","link":"https:\/\/bigbuy.tupique.com\/es\/produto\/hard-drive-hpe-p40510-b21\/","title":{"rendered":"Disque dur HPE P40510-B21"},"content":{"rendered":"<p>Si vous \u00eates passionn\u00e9 d&#8217;<b>informatique et d&#8217;\u00e9lectronique<\/b>, si vous \u00eates \u00e0 la pointe de la technologie et qu&#8217;aucun d\u00e9tail ne vous \u00e9chappe, achetez <b>Disque dur HPE P40510-B21<\/b> au meilleur prix.<\/p>\n<ul>\n<li>Type: Disque dur interne<\/li>\n<li>Disque dur: 960 GB SSD<\/li>\n<li>Taille: 2,5&#8243;<\/li>\n<li>Interface: SAS<\/li>\n<\/ul>","protected":false},"excerpt":{"rendered":"<p>Si vous \u00eates passionn\u00e9 d&#8217;informatique et d&#8217;\u00e9lectronique, si vous \u00eates \u00e0 la pointe de la technologie et qu&#8217;aucun d\u00e9tail ne vous \u00e9chappe, achetez Disque dur HPE P40510-B21 au meilleur prix. Type: Disque dur interne Disque dur: 960 GB SSD Taille: 2,5&#8243; Interface: SAS<\/p>","protected":false},"featured_media":77527,"comment_status":"open","ping_status":"closed","template":"","meta":[],"product_brand":[644],"product_cat":[588,65,584],"product_tag":[106],"class_list":{"0":"post-77529","1":"product","2":"type-product","3":"status-publish","4":"has-post-thumbnail","6":"product_brand-brandp_662","7":"product_cat-disques-durs","8":"product_cat-informatique-electronique","9":"product_cat-informatique-reseaux-et-composants","10":"product_tag-tag_1295","12":"first","13":"instock","14":"taxable","15":"shipping-taxable","16":"purchasable","17":"product-type-simple"},"_links":{"self":[{"href":"https:\/\/bigbuy.tupique.com\/es\/wp-json\/wp\/v2\/product\/77529","targetHints":{"allow":["GET"]}}],"collection":[{"href":"https:\/\/bigbuy.tupique.com\/es\/wp-json\/wp\/v2\/product"}],"about":[{"href":"https:\/\/bigbuy.tupique.com\/es\/wp-json\/wp\/v2\/types\/product"}],"replies":[{"embeddable":true,"href":"https:\/\/bigbuy.tupique.com\/es\/wp-json\/wp\/v2\/comments?post=77529"}],"wp:featuredmedia":[{"embeddable":true,"href":"https:\/\/bigbuy.tupique.com\/es\/wp-json\/wp\/v2\/media\/77527"}],"wp:attachment":[{"href":"https:\/\/bigbuy.tupique.com\/es\/wp-json\/wp\/v2\/media?parent=77529"}],"wp:term":[{"taxonomy":"product_brand","embeddable":true,"href":"https:\/\/bigbuy.tupique.com\/es\/wp-json\/wp\/v2\/product_brand?post=77529"},{"taxonomy":"product_cat","embeddable":true,"href":"https:\/\/bigbuy.tupique.com\/es\/wp-json\/wp\/v2\/product_cat?post=77529"},{"taxonomy":"product_tag","embeddable":true,"href":"https:\/\/bigbuy.tupique.com\/es\/wp-json\/wp\/v2\/product_tag?post=77529"}],"curies":[{"name":"wp","href":"https:\/\/api.w.org\/{rel}","templated":true}]}}