{"id":77465,"date":"2026-04-02T19:19:55","date_gmt":"2026-04-02T18:19:55","guid":{"rendered":"https:\/\/bigbuy.tupique.com\/produto\/nas-network-storage-synology-ds425-6g-black\/"},"modified":"2026-04-16T23:30:39","modified_gmt":"2026-04-16T22:30:39","slug":"nas-network-storage-synology-ds425-6g-black","status":"publish","type":"product","link":"https:\/\/bigbuy.tupique.com\/es\/produto\/nas-network-storage-synology-ds425-6g-black\/","title":{"rendered":"Stockage en R\u00e9seau NAS Synology DS425+\/6G Noir"},"content":{"rendered":"<p>Si vous \u00eates passionn\u00e9 d&#8217;<b>informatique et d&#8217;\u00e9lectronique<\/b>, si vous \u00eates \u00e0 la pointe de la technologie et qu&#8217;aucun d\u00e9tail ne vous \u00e9chappe, achetez <b>Stockage en R\u00e9seau NAS Synology DS425+\/6G Noir<\/b> au meilleur prix.<\/p>\n<p>Le <b>Synology DS425+\/6G<\/b> est un dispositif de <b>stockage en r\u00e9seau NAS<\/b> con\u00e7u pour offrir une solution robuste et efficace dans la gestion et la protection des donn\u00e9es. Avec un format tour int\u00e9grant <b>4 baies compatibles avec des disques durs 3,5&#8243; et 2,5&#8243;<\/b>, il permet une configuration flexible pour les utilisateurs souhaitant \u00e9tendre leur capacit\u00e9 de stockage ult\u00e9rieurement, car il ne comprend pas de disques durs en s\u00e9rie. Il est \u00e9quip\u00e9 d\u2019un processeur <b>Intel Celeron<\/b>, qui offre un bon \u00e9quilibre entre performance et efficacit\u00e9, facilitant la gestion de t\u00e2ches multiples et d\u2019acc\u00e8s simultan\u00e9s sans compromettre la vitesse ni la stabilit\u00e9. Sa m\u00e9moire DDR4 de <b>6 Go<\/b> assure une capacit\u00e9 suffisante pour des processus intensifs comme le transfert de fichiers, le streaming de contenus ou l\u2019ex\u00e9cution d\u2019applications professionnelles. C\u00f4t\u00e9 connectivit\u00e9, le DS425+ int\u00e8gre des ports <b>HDMI<\/b> et <b>USB 3.0<\/b>, permettant des connexions directes \u00e0 des \u00e9crans et p\u00e9riph\u00e9riques externes pour simplifier l\u2019acc\u00e8s aux donn\u00e9es ou r\u00e9aliser rapidement des sauvegardes. Il fonctionne avec une alimentation directe sur le <b>r\u00e9seau \u00e9lectrique<\/b>, garantissant une alimentation stable et continue, id\u00e9ale pour des environnements professionnels ou domestiques n\u00e9cessitant une haute disponibilit\u00e9. Son design en <b>noir<\/b> apporte une esth\u00e9tique sobre et professionnelle, s\u2019adaptant ais\u00e9ment \u00e0 tout espace de travail. Gr\u00e2ce \u00e0 ses caract\u00e9ristiques techniques et sa capacit\u00e9 d\u2019extension, le Synology DS425+\/6G s\u2019adresse aux utilisateurs et petites entreprises recherchant une solution \u00e9volutive, avec des performances fiables et des outils avanc\u00e9s pour la gestion des donn\u00e9es. Dans l\u2019ensemble, ce NAS repr\u00e9sente une option \u00e9quilibr\u00e9e pour ceux qui souhaitent optimiser leur infrastructure de stockage avec un \u00e9quipement stable, polyvalent et compatible avec plusieurs configurations de disques et connexions.<\/p>\n<ul>\n<li>Produit \u00e0 brancher: Oui<\/li>\n<li>Processeur: Intel Celeron<\/li>\n<li>Type de prise: Prise EU<\/li>\n<li>Couleur: Noir<\/li>\n<li>Connexions:\n<ul>\n<li>HDMI<\/li>\n<li>USB 3.0<\/li>\n<li>RJ45<\/li>\n<\/ul>\n<\/li>\n<li>Bloc d\u2019Alimentation: r\u00e9seau \u00e9lectrique<\/li>\n<li>Disque dur: Non Inclus<\/li>\n<li>Connectivit\u00e9:\n<ul>\n<li>Gigabit Ethernet<\/li>\n<li>Ethernet LAN<\/li>\n<\/ul>\n<\/li>\n<li>Tension: 100-240 V<\/li>\n<li>Facteur de forme: Caisse<\/li>\n<li>Type de stockage: HDD + SSD<\/li>\n<\/ul>","protected":false},"excerpt":{"rendered":"<p>Si vous \u00eates passionn\u00e9 d&#8217;informatique et d&#8217;\u00e9lectronique, si vous \u00eates \u00e0 la pointe de la technologie et qu&#8217;aucun d\u00e9tail ne vous \u00e9chappe, achetez Stockage en R\u00e9seau NAS Synology DS425+\/6G Noir au meilleur prix. Le Synology DS425+\/6G est un dispositif de stockage en r\u00e9seau NAS con\u00e7u pour offrir une solution robuste et efficace dans la gestion [&hellip;]<\/p>\n","protected":false},"featured_media":183590,"comment_status":"open","ping_status":"closed","template":"","meta":[],"product_brand":[990],"product_cat":[588,65,584],"product_tag":[106],"class_list":{"0":"post-77465","1":"product","2":"type-product","3":"status-publish","4":"has-post-thumbnail","6":"product_brand-brandp_653","7":"product_cat-disques-durs","8":"product_cat-informatique-electronique","9":"product_cat-informatique-reseaux-et-composants","10":"product_tag-tag_1295","12":"first","13":"instock","14":"taxable","15":"shipping-taxable","16":"purchasable","17":"product-type-simple"},"_links":{"self":[{"href":"https:\/\/bigbuy.tupique.com\/es\/wp-json\/wp\/v2\/product\/77465","targetHints":{"allow":["GET"]}}],"collection":[{"href":"https:\/\/bigbuy.tupique.com\/es\/wp-json\/wp\/v2\/product"}],"about":[{"href":"https:\/\/bigbuy.tupique.com\/es\/wp-json\/wp\/v2\/types\/product"}],"replies":[{"embeddable":true,"href":"https:\/\/bigbuy.tupique.com\/es\/wp-json\/wp\/v2\/comments?post=77465"}],"wp:featuredmedia":[{"embeddable":true,"href":"https:\/\/bigbuy.tupique.com\/es\/wp-json\/wp\/v2\/media\/183590"}],"wp:attachment":[{"href":"https:\/\/bigbuy.tupique.com\/es\/wp-json\/wp\/v2\/media?parent=77465"}],"wp:term":[{"taxonomy":"product_brand","embeddable":true,"href":"https:\/\/bigbuy.tupique.com\/es\/wp-json\/wp\/v2\/product_brand?post=77465"},{"taxonomy":"product_cat","embeddable":true,"href":"https:\/\/bigbuy.tupique.com\/es\/wp-json\/wp\/v2\/product_cat?post=77465"},{"taxonomy":"product_tag","embeddable":true,"href":"https:\/\/bigbuy.tupique.com\/es\/wp-json\/wp\/v2\/product_tag?post=77465"}],"curies":[{"name":"wp","href":"https:\/\/api.w.org\/{rel}","templated":true}]}}