{"id":77463,"date":"2026-04-02T19:19:52","date_gmt":"2026-04-02T18:19:52","guid":{"rendered":"https:\/\/bigbuy.tupique.com\/produto\/hard-drive-samsung-mz-v9s2t0bw-2-tb-ssd\/"},"modified":"2026-04-16T18:00:28","modified_gmt":"2026-04-16T17:00:28","slug":"hard-drive-samsung-mz-v9s2t0bw-2-tb-ssd","status":"publish","type":"product","link":"https:\/\/bigbuy.tupique.com\/es\/produto\/hard-drive-samsung-mz-v9s2t0bw-2-tb-ssd\/","title":{"rendered":"Disque dur Samsung MZ-V9S2T0BW 2 TB SSD"},"content":{"rendered":"<p>Si vous \u00eates passionn\u00e9 d&#8217;<b>informatique et d&#8217;\u00e9lectronique<\/b>, si vous \u00eates \u00e0 la pointe de la technologie et qu&#8217;aucun d\u00e9tail ne vous \u00e9chappe, achetez <b>Disque dur Samsung MZ-V9S2T0BW 2 TB SSD<\/b> au meilleur prix.<\/p>\n<ul>\n<li>Type:\n<ul>\n<li>SSD<\/li>\n<li>Interne<\/li>\n<\/ul>\n<\/li>\n<li>Connexions:\n<ul>\n<li>PCIe<\/li>\n<li>M.2 2280<\/li>\n<li>M.2<\/li>\n<li>PCI Express 4.0<\/li>\n<\/ul>\n<\/li>\n<li>vitesse: 6300 MB\/S<\/li>\n<li>Type de m\u00e9moire: V-NAND TLC<\/li>\n<li>Largeur: 80,2 mm<\/li>\n<li>Couleur: Noir<\/li>\n<li>Dimensions approx.: 11 x 2 x 15 cm<\/li>\n<li>Disque dur: 2 TB SSD<\/li>\n<li>Utilisation recommand\u00e9e: PC de bureau<\/li>\n<li>Poids approx.: 9 g<\/li>\n<li>\u00c9lev\u00e9: 2.2 cm<\/li>\n<li>Compatible:\n<ul>\n<li>SSD NVMe<\/li>\n<li>PC<\/li>\n<\/ul>\n<\/li>\n<li>S\u00e9curit\u00e9: AES 256-bits<\/li>\n<li>Taille: 2,5&#8243;<\/li>\n<li>Plage de temp\u00e9ratures de travail: 0\u00ba \/ 70\u00ba<\/li>\n<li>Type de stockage: SSD<\/li>\n<\/ul>","protected":false},"excerpt":{"rendered":"<p>Si vous \u00eates passionn\u00e9 d&#8217;informatique et d&#8217;\u00e9lectronique, si vous \u00eates \u00e0 la pointe de la technologie et qu&#8217;aucun d\u00e9tail ne vous \u00e9chappe, achetez Disque dur Samsung MZ-V9S2T0BW 2 TB SSD au meilleur prix. Type: SSD Interne Connexions: PCIe M.2 2280 M.2 PCI Express 4.0 vitesse: 6300 MB\/S Type de m\u00e9moire: V-NAND TLC Largeur: 80,2 mm [&hellip;]<\/p>\n","protected":false},"featured_media":77422,"comment_status":"open","ping_status":"closed","template":"","meta":[],"product_brand":[183],"product_cat":[588,65,584],"product_tag":[],"class_list":{"0":"post-77463","1":"product","2":"type-product","3":"status-publish","4":"has-post-thumbnail","6":"product_brand-brandp_576","7":"product_cat-disques-durs","8":"product_cat-informatique-electronique","9":"product_cat-informatique-reseaux-et-composants","11":"first","12":"instock","13":"taxable","14":"shipping-taxable","15":"purchasable","16":"product-type-simple"},"_links":{"self":[{"href":"https:\/\/bigbuy.tupique.com\/es\/wp-json\/wp\/v2\/product\/77463","targetHints":{"allow":["GET"]}}],"collection":[{"href":"https:\/\/bigbuy.tupique.com\/es\/wp-json\/wp\/v2\/product"}],"about":[{"href":"https:\/\/bigbuy.tupique.com\/es\/wp-json\/wp\/v2\/types\/product"}],"replies":[{"embeddable":true,"href":"https:\/\/bigbuy.tupique.com\/es\/wp-json\/wp\/v2\/comments?post=77463"}],"wp:featuredmedia":[{"embeddable":true,"href":"https:\/\/bigbuy.tupique.com\/es\/wp-json\/wp\/v2\/media\/77422"}],"wp:attachment":[{"href":"https:\/\/bigbuy.tupique.com\/es\/wp-json\/wp\/v2\/media?parent=77463"}],"wp:term":[{"taxonomy":"product_brand","embeddable":true,"href":"https:\/\/bigbuy.tupique.com\/es\/wp-json\/wp\/v2\/product_brand?post=77463"},{"taxonomy":"product_cat","embeddable":true,"href":"https:\/\/bigbuy.tupique.com\/es\/wp-json\/wp\/v2\/product_cat?post=77463"},{"taxonomy":"product_tag","embeddable":true,"href":"https:\/\/bigbuy.tupique.com\/es\/wp-json\/wp\/v2\/product_tag?post=77463"}],"curies":[{"name":"wp","href":"https:\/\/api.w.org\/{rel}","templated":true}]}}