{"id":77389,"date":"2026-04-02T19:17:27","date_gmt":"2026-04-02T18:17:27","guid":{"rendered":"https:\/\/bigbuy.tupique.com\/produto\/activity-bangle-samsung-golden\/"},"modified":"2026-04-15T08:29:59","modified_gmt":"2026-04-15T07:29:59","slug":"activity-bangle-samsung-golden","status":"publish","type":"product","link":"https:\/\/bigbuy.tupique.com\/es\/produto\/activity-bangle-samsung-golden\/","title":{"rendered":"Bracelet d&#8217;activit\u00e9s Samsung Dor\u00e9"},"content":{"rendered":"<p>Restez en forme et d\u00e9couvrez les derni\u00e8res nouveaut\u00e9s du secteur pour faire du sport avec les meilleures garanties ! Achetez <b>Bracelet d&#8217;activit\u00e9s Samsung Dor\u00e9<\/b> au meilleur prix et profitez d&#8217;une vie saine !<\/p>\n<ul>\n<li>Type de montre: Bracelet d&#8217;activit\u00e9s<\/li>\n<li>Produit \u00e0 brancher: Oui<\/li>\n<li>Bloc d\u2019Alimentation:\n<ul>\n<li>Batterie<\/li>\n<li>r\u00e9seau \u00e9lectrique<\/li>\n<\/ul>\n<\/li>\n<li>Type de prise: Prise EU<\/li>\n<li>Couleur: Dor\u00e9<\/li>\n<\/ul>","protected":false},"excerpt":{"rendered":"<p>Restez en forme et d\u00e9couvrez les derni\u00e8res nouveaut\u00e9s du secteur pour faire du sport avec les meilleures garanties ! Achetez Bracelet d&#8217;activit\u00e9s Samsung Dor\u00e9 au meilleur prix et profitez d&#8217;une vie saine ! Type de montre: Bracelet d&#8217;activit\u00e9s Produit \u00e0 brancher: Oui Bloc d\u2019Alimentation: Batterie r\u00e9seau \u00e9lectrique Type de prise: Prise EU Couleur: Dor\u00e9<\/p>","protected":false},"featured_media":77388,"comment_status":"open","ping_status":"closed","template":"","meta":[],"product_brand":[183],"product_cat":[1704,575,65],"product_tag":[163],"class_list":{"0":"post-77389","1":"product","2":"type-product","3":"status-publish","4":"has-post-thumbnail","6":"product_brand-brandp_576","7":"product_cat-bracelets-d-activite","8":"product_cat-electronique-telephonie-et-tablettes","9":"product_cat-informatique-electronique","10":"product_tag-tag_17","12":"first","13":"instock","14":"taxable","15":"shipping-taxable","16":"purchasable","17":"product-type-simple"},"_links":{"self":[{"href":"https:\/\/bigbuy.tupique.com\/es\/wp-json\/wp\/v2\/product\/77389","targetHints":{"allow":["GET"]}}],"collection":[{"href":"https:\/\/bigbuy.tupique.com\/es\/wp-json\/wp\/v2\/product"}],"about":[{"href":"https:\/\/bigbuy.tupique.com\/es\/wp-json\/wp\/v2\/types\/product"}],"replies":[{"embeddable":true,"href":"https:\/\/bigbuy.tupique.com\/es\/wp-json\/wp\/v2\/comments?post=77389"}],"wp:featuredmedia":[{"embeddable":true,"href":"https:\/\/bigbuy.tupique.com\/es\/wp-json\/wp\/v2\/media\/77388"}],"wp:attachment":[{"href":"https:\/\/bigbuy.tupique.com\/es\/wp-json\/wp\/v2\/media?parent=77389"}],"wp:term":[{"taxonomy":"product_brand","embeddable":true,"href":"https:\/\/bigbuy.tupique.com\/es\/wp-json\/wp\/v2\/product_brand?post=77389"},{"taxonomy":"product_cat","embeddable":true,"href":"https:\/\/bigbuy.tupique.com\/es\/wp-json\/wp\/v2\/product_cat?post=77389"},{"taxonomy":"product_tag","embeddable":true,"href":"https:\/\/bigbuy.tupique.com\/es\/wp-json\/wp\/v2\/product_tag?post=77389"}],"curies":[{"name":"wp","href":"https:\/\/api.w.org\/{rel}","templated":true}]}}