{"id":77333,"date":"2026-04-02T19:03:50","date_gmt":"2026-04-02T18:03:50","guid":{"rendered":"https:\/\/bigbuy.tupique.com\/produto\/hard-drive-seagate-st8000dm004-8-tb-hdd\/"},"modified":"2026-04-15T08:29:59","modified_gmt":"2026-04-15T07:29:59","slug":"hard-drive-seagate-st8000dm004-8-tb-hdd","status":"publish","type":"product","link":"https:\/\/bigbuy.tupique.com\/es\/produto\/hard-drive-seagate-st8000dm004-8-tb-hdd\/","title":{"rendered":"Disque dur Seagate ST8000DM004 8 TB HDD"},"content":{"rendered":"<p>Si vous \u00eates passionn\u00e9 d&#8217;<b>informatique et d&#8217;\u00e9lectronique<\/b>, si vous \u00eates \u00e0 la pointe de la technologie et qu&#8217;aucun d\u00e9tail ne vous \u00e9chappe, achetez <b>Disque dur Seagate ST8000DM004 8 TB HDD<\/b> au meilleur prix.<\/p>\n<p>Le <b>ST8000DM004<\/b> de Seagate est un <b>disque dur<\/b> interne haute capacit\u00e9 con\u00e7u pour les environnements de stockage domestiques et professionnels n\u00e9cessitant un espace important et une grande fiabilit\u00e9. Il s&#8217;agit d&#8217;un mod\u00e8le de la c\u00e9l\u00e8bre s\u00e9rie BarraCuda Desktop, offrant une capacit\u00e9 de stockage de <b>8 To<\/b>, id\u00e9al pour conserver de gros volumes de donn\u00e9es comme des fichiers multim\u00e9dias, des programmes, des jeux ou des sauvegardes compl\u00e8tes. Ce disque utilise une technologie d&#8217;enregistrement <b>magn\u00e9tique<\/b> sur plateaux classiques et se connecte via une interface <b>SATA<\/b>, garantissant une large compatibilit\u00e9 avec la plupart des ordinateurs de bureau. Son format est de <b>3,5 pouces<\/b>, standard pour les disques internes en tour ou PC fixe, et il fonctionne \u00e0 une vitesse de rotation de <b>5400 tr\/min<\/b>, offrant un bon \u00e9quilibre entre performance, faible bruit et consommation \u00e9nerg\u00e9tique. De plus, son design est orient\u00e9 vers la durabilit\u00e9 et la stabilit\u00e9 pour un usage continu, avec une capacit\u00e9 largement sup\u00e9rieure aux mod\u00e8les plus petits, permettant de g\u00e9rer des fichiers lourds et des projets complexes sans manquer d\u2019espace. Ce disque dur interne est une solution robuste pour ceux qui souhaitent \u00e9tendre significativement le stockage de leur \u00e9quipement avec un produit \u00e9prouv\u00e9 d\u2019une marque leader du secteur. En r\u00e9sum\u00e9, le Seagate ST8000DM004 se pr\u00e9sente comme une option fiable et polyvalente pour r\u00e9pondre aux besoins avanc\u00e9s de stockage local.<\/p>\n<ul>\n<li>Type:\n<ul>\n<li>Interne<\/li>\n<li>Magn\u00e9tique<\/li>\n<li>Disque dur interne<\/li>\n<li>HDD<\/li>\n<\/ul>\n<\/li>\n<li>Couleur: Gris<\/li>\n<li>Connexions:\n<ul>\n<li>SATA<\/li>\n<li>Sata III<\/li>\n<\/ul>\n<\/li>\n<li>Technologie: Magn\u00e9tique<\/li>\n<li>vitesse:\n<ul>\n<li>5400 rpm<\/li>\n<li>220 MIB\/S<\/li>\n<\/ul>\n<\/li>\n<li>Interface: Serial ATA III<\/li>\n<li>Disque dur:\n<ul>\n<li>8 TB<\/li>\n<li>2 TB<\/li>\n<li>8 TB HDD<\/li>\n<\/ul>\n<\/li>\n<li>Utilisation recommand\u00e9e: NAS<\/li>\n<li>Poids approx.:\n<ul>\n<li>630 g<\/li>\n<li>650 g<\/li>\n<\/ul>\n<\/li>\n<li>Long: 14,7 cm<\/li>\n<li>Vitesse de rotation: 5400 rpm<\/li>\n<li>Tension: 5-12 V<\/li>\n<li>Temp\u00e9rature approximative: -40\u00ba \/ 70\u00ba<\/li>\n<li>Amp\u00e9rage: 1,8 A<\/li>\n<li>Buffer: 256 MB<\/li>\n<\/ul>\n<p><\/p>\n<p>Seagate Barracuda ST8000DM004. Taille du disque dur: 3.5&#8243;, Capacit\u00e9 disque dur: 8000 Go, Vitesse de rotation du disque dur: 5400 tr\/min<\/p>\n<p><\/p>\n<ul>\n<li>Taille du disque dur: 3.5&#8243;<\/li>\n<li>Capacit\u00e9 disque dur: 8000 Go<\/li>\n<li>Vitesse de rotation du disque dur: 5400 tr\/min<\/li>\n<li>Interface: S\u00e9rie ATA III<\/li>\n<li>Type: HDD<\/li>\n<li>composant pour: Serveur\/Station de travail<\/li>\n<li>Taille du tampon du lecteur de stockage: 256 Mo<\/li>\n<li>Vitesse de transfert soutenu de l&#8217;interface de disque dur: 220 MiB\/s<\/li>\n<li>Consommation \u00e9lectrique typique: 6,8 W<\/li>\n<li>Consommation d&#8217;\u00e9nergie (mode veille): 0,8 W<\/li>\n<li>Consommation d&#8217;\u00e9nergie (mode \u00e9conomie): 0,8 W<\/li>\n<li>Consommation \u00e9lectrique (idle): 4,5 W<\/li>\n<li>Tension de fonctionnement: 5 \/ 12 V<\/li>\n<li>D\u00e9marrage courant: 1,8 A<\/li>\n<li>Temp\u00e9rature d&#8217;op\u00e9ration: 0 &#8211; 60 \u00b0C<\/li>\n<li>Temp\u00e9rature hors fonctionnement: -40 &#8211; 70 \u00b0C<\/li>\n<li>Largeur: 101,8 mm<\/li>\n<li>Hauteur: 26,1 mm<\/li>\n<li>Profondeur: 147 mm<\/li>\n<li>Poids: 650 g<\/li>\n<\/ul>","protected":false},"excerpt":{"rendered":"<p>Si vous \u00eates passionn\u00e9 d&#8217;informatique et d&#8217;\u00e9lectronique, si vous \u00eates \u00e0 la pointe de la technologie et qu&#8217;aucun d\u00e9tail ne vous \u00e9chappe, achetez Disque dur Seagate ST8000DM004 8 TB HDD au meilleur prix. Le ST8000DM004 de Seagate est un disque dur interne haute capacit\u00e9 con\u00e7u pour les environnements de stockage domestiques et professionnels n\u00e9cessitant un [&hellip;]<\/p>\n","protected":false},"featured_media":77317,"comment_status":"open","ping_status":"closed","template":"","meta":[],"product_brand":[641],"product_cat":[588,65,584],"product_tag":[106],"class_list":{"0":"post-77333","1":"product","2":"type-product","3":"status-publish","4":"has-post-thumbnail","6":"product_brand-brandp_578","7":"product_cat-disques-durs","8":"product_cat-informatique-electronique","9":"product_cat-informatique-reseaux-et-composants","10":"product_tag-tag_1295","12":"first","13":"instock","14":"taxable","15":"shipping-taxable","16":"purchasable","17":"product-type-simple"},"_links":{"self":[{"href":"https:\/\/bigbuy.tupique.com\/es\/wp-json\/wp\/v2\/product\/77333","targetHints":{"allow":["GET"]}}],"collection":[{"href":"https:\/\/bigbuy.tupique.com\/es\/wp-json\/wp\/v2\/product"}],"about":[{"href":"https:\/\/bigbuy.tupique.com\/es\/wp-json\/wp\/v2\/types\/product"}],"replies":[{"embeddable":true,"href":"https:\/\/bigbuy.tupique.com\/es\/wp-json\/wp\/v2\/comments?post=77333"}],"wp:featuredmedia":[{"embeddable":true,"href":"https:\/\/bigbuy.tupique.com\/es\/wp-json\/wp\/v2\/media\/77317"}],"wp:attachment":[{"href":"https:\/\/bigbuy.tupique.com\/es\/wp-json\/wp\/v2\/media?parent=77333"}],"wp:term":[{"taxonomy":"product_brand","embeddable":true,"href":"https:\/\/bigbuy.tupique.com\/es\/wp-json\/wp\/v2\/product_brand?post=77333"},{"taxonomy":"product_cat","embeddable":true,"href":"https:\/\/bigbuy.tupique.com\/es\/wp-json\/wp\/v2\/product_cat?post=77333"},{"taxonomy":"product_tag","embeddable":true,"href":"https:\/\/bigbuy.tupique.com\/es\/wp-json\/wp\/v2\/product_tag?post=77333"}],"curies":[{"name":"wp","href":"https:\/\/api.w.org\/{rel}","templated":true}]}}