{"id":76007,"date":"2026-04-02T18:04:41","date_gmt":"2026-04-02T17:04:41","guid":{"rendered":"https:\/\/bigbuy.tupique.com\/produto\/graphics-card-asus-90yv0lf1-m0na00-radeon-rx-9060-xt-16-gb-gddr6\/"},"modified":"2026-04-15T08:27:14","modified_gmt":"2026-04-15T07:27:14","slug":"graphics-card-asus-90yv0lf1-m0na00-radeon-rx-9060-xt-16-gb-gddr6","status":"publish","type":"product","link":"https:\/\/bigbuy.tupique.com\/es\/produto\/graphics-card-asus-90yv0lf1-m0na00-radeon-rx-9060-xt-16-gb-gddr6\/","title":{"rendered":"Carte Graphique Asus 90YV0LF1-M0NA00 RADEON RX 9060 XT 16 GB GDDR6"},"content":{"rendered":"<p>Si vous \u00eates passionn\u00e9 d&#8217;<b>informatique et d&#8217;\u00e9lectronique<\/b>, si vous \u00eates \u00e0 la pointe de la technologie et qu&#8217;aucun d\u00e9tail ne vous \u00e9chappe, achetez <b>Carte Graphique Asus 90YV0LF1-M0NA00 RADEON RX 9060 XT 16 GB GDDR6<\/b> au meilleur prix.<\/p>\n<ul>\n<li>Type: Carte graphique (GPU)<\/li>\n<li>Caract\u00e9ristiques:\n<ul>\n<li>accesorios incluidos<\/li>\n<li>OpenGL 4.6<\/li>\n<li>HDCP 2,3<\/li>\n<\/ul>\n<\/li>\n<li>Connexions:\n<ul>\n<li>HDMI x 1<\/li>\n<li>ATX 8-pin x 1<\/li>\n<li>HDMI<\/li>\n<li>DisplayPort x 2<\/li>\n<li>DisplayPort<\/li>\n<li>8-pin x 1<\/li>\n<li>HDCP<\/li>\n<li>PCI Express x16 2.0<\/li>\n<\/ul>\n<\/li>\n<li>Compatible:\n<ul>\n<li>HDCP<\/li>\n<li>Ordinateurs<\/li>\n<\/ul>\n<\/li>\n<li>Long: 5 cm<\/li>\n<li>Source d&#8217;alimentation recommand\u00e9e: 550 W<\/li>\n<li>Non Inclus: DUAL LINK DVI<\/li>\n<li>\u00c9crans support\u00e9s: x 3<\/li>\n<li>Transmission de donn\u00e9es: 128 BIT<\/li>\n<li>Ventillateur:\n<ul>\n<li>x 3<\/li>\n<li>3<\/li>\n<\/ul>\n<\/li>\n<li>Couleur: Noir<\/li>\n<li>M\u00e9moire RAM: 16 GB RAM<\/li>\n<li>Type de m\u00e9moire: GDDR6<\/li>\n<li>Inclut: Manuel de l&#8217;utilisateur<\/li>\n<li>Facteur de forme: Full-Height\/Full-Length (FH\/FL)<\/li>\n<li>Famille de processeurs: AMD<\/li>\n<li>R\u00e9solution (px): 7680 x 4320 px<\/li>\n<li>Longueur: 30,4 cm<\/li>\n<li>Capacit\u00e9 m\u00e9moire graphique: 16 GB<\/li>\n<li>Chipset: RADEON RX 9060 XT<\/li>\n<\/ul>","protected":false},"excerpt":{"rendered":"<p>Si vous \u00eates passionn\u00e9 d&#8217;informatique et d&#8217;\u00e9lectronique, si vous \u00eates \u00e0 la pointe de la technologie et qu&#8217;aucun d\u00e9tail ne vous \u00e9chappe, achetez Carte Graphique Asus 90YV0LF1-M0NA00 RADEON RX 9060 XT 16 GB GDDR6 au meilleur prix. Type: Carte graphique (GPU) Caract\u00e9ristiques: accesorios incluidos OpenGL 4.6 HDCP 2,3 Connexions: HDMI x 1 ATX 8-pin x [&hellip;]<\/p>\n","protected":false},"featured_media":75964,"comment_status":"open","ping_status":"closed","template":"","meta":[],"product_brand":[798],"product_cat":[1223,65,584],"product_tag":[106],"class_list":{"0":"post-76007","1":"product","2":"type-product","3":"status-publish","4":"has-post-thumbnail","6":"product_brand-brandp_536","7":"product_cat-cartes-graphiques","8":"product_cat-informatique-electronique","9":"product_cat-informatique-reseaux-et-composants","10":"product_tag-tag_1295","12":"first","13":"instock","14":"taxable","15":"shipping-taxable","16":"purchasable","17":"product-type-simple"},"_links":{"self":[{"href":"https:\/\/bigbuy.tupique.com\/es\/wp-json\/wp\/v2\/product\/76007","targetHints":{"allow":["GET"]}}],"collection":[{"href":"https:\/\/bigbuy.tupique.com\/es\/wp-json\/wp\/v2\/product"}],"about":[{"href":"https:\/\/bigbuy.tupique.com\/es\/wp-json\/wp\/v2\/types\/product"}],"replies":[{"embeddable":true,"href":"https:\/\/bigbuy.tupique.com\/es\/wp-json\/wp\/v2\/comments?post=76007"}],"wp:featuredmedia":[{"embeddable":true,"href":"https:\/\/bigbuy.tupique.com\/es\/wp-json\/wp\/v2\/media\/75964"}],"wp:attachment":[{"href":"https:\/\/bigbuy.tupique.com\/es\/wp-json\/wp\/v2\/media?parent=76007"}],"wp:term":[{"taxonomy":"product_brand","embeddable":true,"href":"https:\/\/bigbuy.tupique.com\/es\/wp-json\/wp\/v2\/product_brand?post=76007"},{"taxonomy":"product_cat","embeddable":true,"href":"https:\/\/bigbuy.tupique.com\/es\/wp-json\/wp\/v2\/product_cat?post=76007"},{"taxonomy":"product_tag","embeddable":true,"href":"https:\/\/bigbuy.tupique.com\/es\/wp-json\/wp\/v2\/product_tag?post=76007"}],"curies":[{"name":"wp","href":"https:\/\/api.w.org\/{rel}","templated":true}]}}