{"id":74672,"date":"2026-04-02T16:58:38","date_gmt":"2026-04-02T15:58:38","guid":{"rendered":"https:\/\/bigbuy.tupique.com\/produto\/projector-optoma-e3pb001e111-full-hd-1920-x-1080-px\/"},"modified":"2026-04-16T18:00:26","modified_gmt":"2026-04-16T17:00:26","slug":"projector-optoma-e3pb001e111-full-hd-1920-x-1080-px","status":"publish","type":"product","link":"https:\/\/bigbuy.tupique.com\/es\/produto\/projector-optoma-e3pb001e111-full-hd-1920-x-1080-px\/","title":{"rendered":"Projecteur Optoma E3PB001E111 Full HD 1920 x 1080 px"},"content":{"rendered":"<p>Si vous \u00eates passionn\u00e9 d&#8217;<b>informatique et d&#8217;\u00e9lectronique<\/b>, si vous \u00eates \u00e0 la pointe de la technologie et qu&#8217;aucun d\u00e9tail ne vous \u00e9chappe, achetez <b>Projecteur Optoma E3PB001E111 Full HD 1920 x 1080 px<\/b> au meilleur prix.<\/p>\n<ul>\n<li>Type: Projecteur<\/li>\n<li>Format:\n<ul>\n<li>16:9<\/li>\n<li>4:3<\/li>\n<\/ul>\n<\/li>\n<li>R\u00e9solution:\n<ul>\n<li>FHD<\/li>\n<li>Full HD<\/li>\n<\/ul>\n<\/li>\n<li>Lumens: 1500<\/li>\n<li>Produit \u00e0 brancher: Oui<\/li>\n<li>Type de prise: Prise EU<\/li>\n<li>Couleur: Noir<\/li>\n<li>Connexions:\n<ul>\n<li>HDMI<\/li>\n<li>USB 2.0<\/li>\n<li>HDMI 1.4<\/li>\n<\/ul>\n<\/li>\n<li>Rapport d&#8217;aspect: 16:9<\/li>\n<li>Technologie:\n<ul>\n<li>LED<\/li>\n<li>HDR<\/li>\n<li>DLP<\/li>\n<\/ul>\n<\/li>\n<li>Piles incluses: Oui<\/li>\n<li>Bloc d\u2019Alimentation:\n<ul>\n<li>r\u00e9seau \u00e9lectrique<\/li>\n<li>Courant alternatif<\/li>\n<\/ul>\n<\/li>\n<li>Fr\u00e9quence: 50 &#8211; 60 Hz<\/li>\n<li>Inclut:\n<ul>\n<li>T\u00e9l\u00e9commande<\/li>\n<li>C\u00e2ble USB<\/li>\n<li>Manuel de l&#8217;utilisateur<\/li>\n<\/ul>\n<\/li>\n<li>Tension: 100 &#8211; 240 V<\/li>\n<li>Niveau sonore: 32 dB<\/li>\n<li>Non Inclus: Adaptateur AC<\/li>\n<li>Connecteurs: Kensington<\/li>\n<li>\u00c9cran integr\u00e9: Non<\/li>\n<li>Caract\u00e9ristiques: Haut-parleurs int\u00e9gr\u00e9s<\/li>\n<li>R\u00e9solution (px): 1920 x 1080 px<\/li>\n<\/ul>","protected":false},"excerpt":{"rendered":"<p>Si vous \u00eates passionn\u00e9 d&#8217;informatique et d&#8217;\u00e9lectronique, si vous \u00eates \u00e0 la pointe de la technologie et qu&#8217;aucun d\u00e9tail ne vous \u00e9chappe, achetez Projecteur Optoma E3PB001E111 Full HD 1920 x 1080 px au meilleur prix. Type: Projecteur Format: 16:9 4:3 R\u00e9solution: FHD Full HD Lumens: 1500 Produit \u00e0 brancher: Oui Type de prise: Prise EU [&hellip;]<\/p>\n","protected":false},"featured_media":74659,"comment_status":"open","ping_status":"closed","template":"","meta":[],"product_brand":[1656],"product_cat":[65,581,583],"product_tag":[],"class_list":{"0":"post-74672","1":"product","2":"type-product","3":"status-publish","4":"has-post-thumbnail","6":"product_brand-brandp_615","7":"product_cat-informatique-electronique","8":"product_cat-informatique-peripheriques-et-consommables","9":"product_cat-projecteurs","11":"first","12":"instock","13":"taxable","14":"shipping-taxable","15":"purchasable","16":"product-type-simple"},"_links":{"self":[{"href":"https:\/\/bigbuy.tupique.com\/es\/wp-json\/wp\/v2\/product\/74672","targetHints":{"allow":["GET"]}}],"collection":[{"href":"https:\/\/bigbuy.tupique.com\/es\/wp-json\/wp\/v2\/product"}],"about":[{"href":"https:\/\/bigbuy.tupique.com\/es\/wp-json\/wp\/v2\/types\/product"}],"replies":[{"embeddable":true,"href":"https:\/\/bigbuy.tupique.com\/es\/wp-json\/wp\/v2\/comments?post=74672"}],"wp:featuredmedia":[{"embeddable":true,"href":"https:\/\/bigbuy.tupique.com\/es\/wp-json\/wp\/v2\/media\/74659"}],"wp:attachment":[{"href":"https:\/\/bigbuy.tupique.com\/es\/wp-json\/wp\/v2\/media?parent=74672"}],"wp:term":[{"taxonomy":"product_brand","embeddable":true,"href":"https:\/\/bigbuy.tupique.com\/es\/wp-json\/wp\/v2\/product_brand?post=74672"},{"taxonomy":"product_cat","embeddable":true,"href":"https:\/\/bigbuy.tupique.com\/es\/wp-json\/wp\/v2\/product_cat?post=74672"},{"taxonomy":"product_tag","embeddable":true,"href":"https:\/\/bigbuy.tupique.com\/es\/wp-json\/wp\/v2\/product_tag?post=74672"}],"curies":[{"name":"wp","href":"https:\/\/api.w.org\/{rel}","templated":true}]}}