{"id":74507,"date":"2026-04-02T16:48:47","date_gmt":"2026-04-02T15:48:47","guid":{"rendered":"https:\/\/bigbuy.tupique.com\/produto\/projector-optoma-x400lve-xga-4000-lm\/"},"modified":"2026-04-15T11:52:33","modified_gmt":"2026-04-15T10:52:33","slug":"projector-optoma-x400lve-xga-4000-lm","status":"publish","type":"product","link":"https:\/\/bigbuy.tupique.com\/es\/produto\/projector-optoma-x400lve-xga-4000-lm\/","title":{"rendered":"Projecteur Optoma X400LVe XGA 4000 Lm"},"content":{"rendered":"<p>Si vous \u00eates passionn\u00e9 d&#8217;<b>informatique et d&#8217;\u00e9lectronique<\/b>, si vous \u00eates \u00e0 la pointe de la technologie et qu&#8217;aucun d\u00e9tail ne vous \u00e9chappe, achetez <b>Projecteur Optoma X400LVe XGA 4000 Lm<\/b> au meilleur prix.<\/p>\n<p>Le <b>projecteur Optoma X400LVe<\/b> est un appareil con\u00e7u pour offrir une exp\u00e9rience visuelle efficace et polyvalente, id\u00e9al pour les environnements professionnels et \u00e9ducatifs n\u00e9cessitant une image claire et lumineuse. Ce <b>projecteur<\/b> utilise la technologie <b>DLP<\/b> garantissant une projection nette et pr\u00e9cise gr\u00e2ce \u00e0 sa <b>r\u00e9solution XGA<\/b>, adapt\u00e9e au format d\u2019image classique <b>4:3<\/b>. Avec une <b>luminosit\u00e9 de 4000 lumens ANSI<\/b>, il peut projeter dans diverses conditions d\u2019\u00e9clairage, assurant visibilit\u00e9 et contraste m\u00eame dans des espaces avec une lumi\u00e8re ambiante importante. Son rapport de contraste de <b>25000:1<\/b> renforce la profondeur des noirs et la d\u00e9finition des couleurs, contribuant \u00e0 une reproduction fid\u00e8le des contenus visuels. C\u00f4t\u00e9 connectivit\u00e9, ce mod\u00e8le offre plusieurs options comme <b>HDMI 1.4<\/b>, <b>USB 2.0<\/b> et deux entr\u00e9es <b>VGA<\/b>, facilitant la connexion \u00e0 diff\u00e9rentes sources telles que ordinateurs, lecteurs multim\u00e9dias ou appareils externes. Il comprend \u00e9galement une entr\u00e9e auxiliaire audio et une fonction <b>d\u2019arr\u00eat automatique<\/b>, optimisant son usage et sa consommation \u00e9nerg\u00e9tique. Le projecteur pr\u00e9sente un design compact en <b>noir<\/b> et dispose d\u2019une <b>lentille standard<\/b> favorisant une projection \u00e9quilibr\u00e9e sur diff\u00e9rents formats d\u2019\u00e9cran. Bien qu\u2019il ne soit pas interactif, il propose une option de connexion sans fil via des accessoires additionnels, \u00e9largissant les possibilit\u00e9s d\u2019utilisation sans c\u00e2ble. Dans l\u2019ensemble, l\u2019Optoma X400LVe s\u2019impose comme une option solide et pratique dans la gamme des projecteurs professionnels et de bureau, alliant qualit\u00e9 d\u2019image, flexibilit\u00e9 des connexions et robustesse en environnements vari\u00e9s.<\/p>\n<ul>\n<li>Type: Projecteur<\/li>\n<li>Type de prise: Prise EU<\/li>\n<li>Caract\u00e9ristiques:\n<ul>\n<li>T\u00e9l\u00e9commande<\/li>\n<li>Manuel<\/li>\n<li>Arr\u00eat Automatique<\/li>\n<li>Entr\u00e9e auxiliaire<\/li>\n<li>Haut-parleurs int\u00e9gr\u00e9s<\/li>\n<\/ul>\n<\/li>\n<li>Connexions:\n<ul>\n<li>VGA<\/li>\n<li>USB<\/li>\n<li>Jack 3.5 mm<\/li>\n<li>RCA<\/li>\n<li>HDMI<\/li>\n<li>USB 2.0<\/li>\n<li>VGA x 2<\/li>\n<li>HDMI 1.4<\/li>\n<\/ul>\n<\/li>\n<li>3D: Oui<\/li>\n<li>Tension d&#8217;entr\u00e9e AC: 100-240 V<\/li>\n<li>T\u00e9l\u00e9commande: Oui<\/li>\n<li>USB 2.0: 1<\/li>\n<li>Zoom: Manuel<\/li>\n<li>Arr\u00eat Automatique: Oui<\/li>\n<li>Lumens: 4000<\/li>\n<li>R\u00e9solution (px): 1024 x 768 px<\/li>\n<li>Fr\u00e9quence:\n<ul>\n<li>120 Hz<\/li>\n<li>50 &#8211; 60 Hz<\/li>\n<\/ul>\n<\/li>\n<li>Produit \u00e0 brancher: Oui<\/li>\n<li>Couleur: Noir<\/li>\n<li>Rapport d&#8217;aspect: 4:3<\/li>\n<li>Format: 4:3<\/li>\n<li>Bloc d\u2019Alimentation:\n<ul>\n<li>Cordon d&#8217;alimentation CA<\/li>\n<li>r\u00e9seau \u00e9lectrique<\/li>\n<li>Courant alternatif<\/li>\n<\/ul>\n<\/li>\n<li>Puissance RMS: 10 W<\/li>\n<li>Piles incluses: Oui<\/li>\n<li>TV intelligente: Non<\/li>\n<li>Inclut: T\u00e9l\u00e9commande<\/li>\n<li>R\u00e9solution: XGA<\/li>\n<li>Tension: 100 &#8211; 240 V<\/li>\n<li>Fr\u00e9quence d&#8217;entr\u00e9e AC: 50-60 Hz<\/li>\n<li>Ethernet: Non<\/li>\n<li>puissance: 203 W<\/li>\n<li>Non Inclus: Wi-Fi<\/li>\n<li>Flux lumineux: 4000 Lm<\/li>\n<li>Niveau sonore: 27 dB<\/li>\n<li>Connecteurs: Kensington<\/li>\n<li>\u00c9cran integr\u00e9: Non<\/li>\n<li>Rapport de contraste: 25000:1<\/li>\n<li>Full HD: Non<\/li>\n<li>Distance focale: 21.85 ~ 24 mm<\/li>\n<li>Technologie: DLP<\/li>\n<li>Utilisation recommand\u00e9e: Entreprise et commerce<\/li>\n<li>Echelle: 1.1:1<\/li>\n<\/ul>","protected":false},"excerpt":{"rendered":"<p>Si vous \u00eates passionn\u00e9 d&#8217;informatique et d&#8217;\u00e9lectronique, si vous \u00eates \u00e0 la pointe de la technologie et qu&#8217;aucun d\u00e9tail ne vous \u00e9chappe, achetez Projecteur Optoma X400LVe XGA 4000 Lm au meilleur prix. Le projecteur Optoma X400LVe est un appareil con\u00e7u pour offrir une exp\u00e9rience visuelle efficace et polyvalente, id\u00e9al pour les environnements professionnels et \u00e9ducatifs [&hellip;]<\/p>\n","protected":false},"featured_media":74481,"comment_status":"open","ping_status":"closed","template":"","meta":[],"product_brand":[1656],"product_cat":[65,581,583],"product_tag":[],"class_list":{"0":"post-74507","1":"product","2":"type-product","3":"status-publish","4":"has-post-thumbnail","6":"product_brand-brandp_615","7":"product_cat-informatique-electronique","8":"product_cat-informatique-peripheriques-et-consommables","9":"product_cat-projecteurs","11":"first","12":"instock","13":"taxable","14":"shipping-taxable","15":"purchasable","16":"product-type-simple"},"_links":{"self":[{"href":"https:\/\/bigbuy.tupique.com\/es\/wp-json\/wp\/v2\/product\/74507","targetHints":{"allow":["GET"]}}],"collection":[{"href":"https:\/\/bigbuy.tupique.com\/es\/wp-json\/wp\/v2\/product"}],"about":[{"href":"https:\/\/bigbuy.tupique.com\/es\/wp-json\/wp\/v2\/types\/product"}],"replies":[{"embeddable":true,"href":"https:\/\/bigbuy.tupique.com\/es\/wp-json\/wp\/v2\/comments?post=74507"}],"wp:featuredmedia":[{"embeddable":true,"href":"https:\/\/bigbuy.tupique.com\/es\/wp-json\/wp\/v2\/media\/74481"}],"wp:attachment":[{"href":"https:\/\/bigbuy.tupique.com\/es\/wp-json\/wp\/v2\/media?parent=74507"}],"wp:term":[{"taxonomy":"product_brand","embeddable":true,"href":"https:\/\/bigbuy.tupique.com\/es\/wp-json\/wp\/v2\/product_brand?post=74507"},{"taxonomy":"product_cat","embeddable":true,"href":"https:\/\/bigbuy.tupique.com\/es\/wp-json\/wp\/v2\/product_cat?post=74507"},{"taxonomy":"product_tag","embeddable":true,"href":"https:\/\/bigbuy.tupique.com\/es\/wp-json\/wp\/v2\/product_tag?post=74507"}],"curies":[{"name":"wp","href":"https:\/\/api.w.org\/{rel}","templated":true}]}}