{"id":74429,"date":"2026-04-02T16:46:28","date_gmt":"2026-04-02T15:46:28","guid":{"rendered":"https:\/\/bigbuy.tupique.com\/produto\/hard-drive-western-digital-sa510-1-tb-ssd\/"},"modified":"2026-04-15T23:34:03","modified_gmt":"2026-04-15T22:34:03","slug":"hard-drive-western-digital-sa510-1-tb-ssd","status":"publish","type":"product","link":"https:\/\/bigbuy.tupique.com\/es\/produto\/hard-drive-western-digital-sa510-1-tb-ssd\/","title":{"rendered":"Disque dur Western Digital SA510 1 TB SSD"},"content":{"rendered":"<p>Si vous \u00eates passionn\u00e9 d&#8217;<b>informatique et d&#8217;\u00e9lectronique<\/b>, si vous \u00eates \u00e0 la pointe de la technologie et qu&#8217;aucun d\u00e9tail ne vous \u00e9chappe, achetez <b>Disque dur Western Digital SA510 1 TB SSD<\/b> au meilleur prix.<\/p>\n<p>Le <b>disque dur SSD Western Digital SA510<\/b> est un dispositif de stockage interne con\u00e7u pour am\u00e9liorer les performances et la vitesse des ordinateurs n\u00e9cessitant des solutions fiables et efficaces. Avec une capacit\u00e9 de <b>1 To<\/b>, ce disque offre un large espace pour stocker syst\u00e8mes d\u2019exploitation, applications, fichiers multim\u00e9dias et donn\u00e9es importantes. Son interface de connexion est <b>SATA III<\/b>, compatible avec un d\u00e9bit allant jusqu\u2019\u00e0 <b>6 Gbit\/s<\/b>, permettant une communication rapide et stable avec la carte m\u00e8re. Il se distingue par sa technologie <b>SSD<\/b> qui, compar\u00e9e aux disques durs m\u00e9caniques traditionnels, offre une vitesse de lecture et d\u2019\u00e9criture nettement sup\u00e9rieure, ici jusqu\u2019\u00e0 <b>520 Mo\/s<\/b>, ce qui se traduit par des d\u00e9marrages et chargements d\u2019applications plus rapides, une r\u00e9duction des temps d\u2019attente et une exp\u00e9rience utilisateur plus fluide. Le design du SA510 privil\u00e9gie aussi la durabilit\u00e9 et l\u2019efficacit\u00e9, avec une moindre production de chaleur et consommation par rapport aux unit\u00e9s HDD, contribuant \u00e0 la stabilit\u00e9 et \u00e0 la long\u00e9vit\u00e9 du syst\u00e8me. Sa couleur bleue et son format standard assurent la compatibilit\u00e9 avec la plupart des ordinateurs de bureau et portables supportant les disques SATA, en faisant une option pratique et polyvalente pour mettre \u00e0 jour ou \u00e9tendre le stockage. En r\u00e9sum\u00e9, ce mod\u00e8le Western Digital combine un \u00e9quilibre optimal entre capacit\u00e9, technologie avanc\u00e9e \u00e0 m\u00e9moire flash et connexion rapide, constituant une solution adapt\u00e9e aux utilisateurs recherchant fiabilit\u00e9 et performance pour leurs \u00e9quipements informatiques.<\/p>\n<ul>\n<li>Disque dur:\n<ul>\n<li>1 TB SSD<\/li>\n<li>1000 GB<\/li>\n<\/ul>\n<\/li>\n<li>Type:\n<ul>\n<li>SSD<\/li>\n<li>Interne<\/li>\n<\/ul>\n<\/li>\n<li>vitesse:\n<ul>\n<li>520 MB\/s<\/li>\n<li>560 MB\/s<\/li>\n<li>6 Gbit\/s<\/li>\n<li>6 Gbps<\/li>\n<\/ul>\n<\/li>\n<li>\u00c9lev\u00e9:\n<ul>\n<li>7 mm<\/li>\n<li>0,7 cm<\/li>\n<\/ul>\n<\/li>\n<li>Technologie: SSD<\/li>\n<li>Utilisation recommand\u00e9e:\n<ul>\n<li>Ordinateur Portable<\/li>\n<li>PC de bureau<\/li>\n<\/ul>\n<\/li>\n<li>Facteur de forme: 2,5&#8243;<\/li>\n<li>Transmission de donn\u00e9es: 6 Gbit\/s<\/li>\n<li>Largeur: 7 cm<\/li>\n<li>Long: 10 cm<\/li>\n<li>Dimensions approx.: 7 x 7 x 10 cm<\/li>\n<li>Couleur: Bleu<\/li>\n<li>Connexions:\n<ul>\n<li>SATA<\/li>\n<li>Sata III<\/li>\n<\/ul>\n<\/li>\n<li>Taille: 2,5&#8243;<\/li>\n<li>Plage de temp\u00e9ratures de travail: 0\u00ba \/ 70\u00ba<\/li>\n<li>Compatible: PC\/Notebook<\/li>\n<li>Type de stockage: SSD<\/li>\n<\/ul>","protected":false},"excerpt":{"rendered":"<p>Si vous \u00eates passionn\u00e9 d&#8217;informatique et d&#8217;\u00e9lectronique, si vous \u00eates \u00e0 la pointe de la technologie et qu&#8217;aucun d\u00e9tail ne vous \u00e9chappe, achetez Disque dur Western Digital SA510 1 TB SSD au meilleur prix. Le disque dur SSD Western Digital SA510 est un dispositif de stockage interne con\u00e7u pour am\u00e9liorer les performances et la vitesse [&hellip;]<\/p>\n","protected":false},"featured_media":74392,"comment_status":"open","ping_status":"closed","template":"","meta":[],"product_brand":[792],"product_cat":[588,65,584],"product_tag":[106],"class_list":{"0":"post-74429","1":"product","2":"type-product","3":"status-publish","4":"has-post-thumbnail","6":"product_brand-brandp_589","7":"product_cat-disques-durs","8":"product_cat-informatique-electronique","9":"product_cat-informatique-reseaux-et-composants","10":"product_tag-tag_1295","12":"first","13":"instock","14":"taxable","15":"shipping-taxable","16":"purchasable","17":"product-type-simple"},"_links":{"self":[{"href":"https:\/\/bigbuy.tupique.com\/es\/wp-json\/wp\/v2\/product\/74429","targetHints":{"allow":["GET"]}}],"collection":[{"href":"https:\/\/bigbuy.tupique.com\/es\/wp-json\/wp\/v2\/product"}],"about":[{"href":"https:\/\/bigbuy.tupique.com\/es\/wp-json\/wp\/v2\/types\/product"}],"replies":[{"embeddable":true,"href":"https:\/\/bigbuy.tupique.com\/es\/wp-json\/wp\/v2\/comments?post=74429"}],"wp:featuredmedia":[{"embeddable":true,"href":"https:\/\/bigbuy.tupique.com\/es\/wp-json\/wp\/v2\/media\/74392"}],"wp:attachment":[{"href":"https:\/\/bigbuy.tupique.com\/es\/wp-json\/wp\/v2\/media?parent=74429"}],"wp:term":[{"taxonomy":"product_brand","embeddable":true,"href":"https:\/\/bigbuy.tupique.com\/es\/wp-json\/wp\/v2\/product_brand?post=74429"},{"taxonomy":"product_cat","embeddable":true,"href":"https:\/\/bigbuy.tupique.com\/es\/wp-json\/wp\/v2\/product_cat?post=74429"},{"taxonomy":"product_tag","embeddable":true,"href":"https:\/\/bigbuy.tupique.com\/es\/wp-json\/wp\/v2\/product_tag?post=74429"}],"curies":[{"name":"wp","href":"https:\/\/api.w.org\/{rel}","templated":true}]}}