{"id":74239,"date":"2026-04-02T16:35:58","date_gmt":"2026-04-02T15:35:58","guid":{"rendered":"https:\/\/bigbuy.tupique.com\/produto\/switch-tp-link-tl-sg2218p\/"},"modified":"2026-04-16T22:06:06","modified_gmt":"2026-04-16T21:06:06","slug":"switch-tp-link-tl-sg2218p","status":"publish","type":"product","link":"https:\/\/bigbuy.tupique.com\/es\/produto\/switch-tp-link-tl-sg2218p\/","title":{"rendered":"Switch TP-Link TL-SG2218P"},"content":{"rendered":"<p>Si vous \u00eates passionn\u00e9 d&#8217;<b>informatique et d&#8217;\u00e9lectronique<\/b>, si vous \u00eates \u00e0 la pointe de la technologie et qu&#8217;aucun d\u00e9tail ne vous \u00e9chappe, achetez <b>Switch TP-Link TL-SG2218P<\/b> au meilleur prix.<\/p>\n<p>Le <b>TL-SG2218P<\/b> de TP-Link est un <b>switch<\/b> haute performance con\u00e7u pour les environnements professionnels n\u00e9cessitant une connectivit\u00e9 fiable et \u00e9volutive. Cet appareil, avec sa finition \u00e9l\u00e9gante en <b>noir<\/b>, dispose de <b>18 ports RJ45<\/b> 10\/100\/1000 Mbps, permettant une int\u00e9gration solide dans les r\u00e9seaux d\u2019entreprise de taille moyenne et grande, pour une transmission efficace des donn\u00e9es et la connexion simultan\u00e9e de plusieurs appareils. Ses <b>ports compatibles PoE+<\/b> offrent la possibilit\u00e9 d\u2019alimenter des dispositifs compatibles tels que points d\u2019acc\u00e8s, cam\u00e9ras IP ou t\u00e9l\u00e9phones VoIP, simplifiant la gestion des c\u00e2bles et offrant une grande flexibilit\u00e9 d\u2019installation. Il est \u00e9quip\u00e9 d\u2019<b>indicateurs LED<\/b> affichant en temps r\u00e9el l\u2019\u00e9tat de chaque connexion, facilitant l\u2019administration et le diagnostic du r\u00e9seau. Compatible avec les <b>r\u00e9seaux Ethernet LAN<\/b> et prenant en charge des tensions de <b>100 \u00e0 240 V<\/b>, il s\u2019adapte \u00e0 diff\u00e9rentes infrastructures \u00e9lectriques. Le <b>support polyvalent<\/b> permet une installation en rack ou sur bureau, r\u00e9pondant \u00e0 divers besoins d\u2019espace et d\u2019organisation. Ce switch fait partie de la gamme Omada JetStream de TP-Link, destin\u00e9e aux utilisateurs recherchant efficacit\u00e9, s\u00e9curit\u00e9 et gestion centralis\u00e9e dans des r\u00e9seaux exigeants. En r\u00e9sum\u00e9, le TL-SG2218P est une solution robuste et flexible pour les professionnels exigeant une grande capacit\u00e9 de connexion et des fonctionnalit\u00e9s avanc\u00e9es pour les r\u00e9seaux filaires.<\/p>\n<ul>\n<li>Caract\u00e9ristiques:\n<ul>\n<li>T\u00e9moin LED<\/li>\n<li>T\u00e9moin de fonctionnement LED<\/li>\n<\/ul>\n<\/li>\n<li>Bloc d&#8217;alimentation inclus: Oui<\/li>\n<li>Bloc d\u2019Alimentation:\n<ul>\n<li>r\u00e9seau \u00e9lectrique<\/li>\n<li>Incluses<\/li>\n<\/ul>\n<\/li>\n<li>Standard: IEEE 802.1p Class of Service (CoS) prioritization<\/li>\n<li>Certificat:\n<ul>\n<li>RoHS<\/li>\n<li>CE<\/li>\n<li>FCC<\/li>\n<li>CE, FCC, RoHS<\/li>\n<\/ul>\n<\/li>\n<li>Tension d&#8217;entr\u00e9e AC: 100-240 V<\/li>\n<li>Type de prise: Prise EU<\/li>\n<li>Inclut:\n<ul>\n<li>LAN (RJ-45)<\/li>\n<li>C\u00e2ble Ethernet LAN<\/li>\n<li>C\u00e2ble RJ45<\/li>\n<li>Manuel de l&#8217;utilisateur<\/li>\n<\/ul>\n<\/li>\n<li>Long: 18 cm<\/li>\n<li>Dimensions approx.: 44 x 44 x 8 cm<\/li>\n<li>Produit \u00e0 brancher: Oui<\/li>\n<li>Type: Switch<\/li>\n<li>Connexions:\n<ul>\n<li>RJ45 x 16<\/li>\n<li>PoE x 1<\/li>\n<li>RJ45<\/li>\n<li>Ethernet LAN<\/li>\n<\/ul>\n<\/li>\n<li>Ports:\n<ul>\n<li>2<\/li>\n<li>16<\/li>\n<\/ul>\n<\/li>\n<li>Largeur:\n<ul>\n<li>440 mm<\/li>\n<li>44 cm<\/li>\n<\/ul>\n<\/li>\n<li>Tension:\n<ul>\n<li>100-240 V<\/li>\n<li>240 V<\/li>\n<li>100 &#8211; 240 V<\/li>\n<\/ul>\n<\/li>\n<li>Fr\u00e9quence: 50-60 Hz<\/li>\n<li>Connectivit\u00e9: Gigabit Ethernet<\/li>\n<li>\u00c9lev\u00e9: 4,4 cm<\/li>\n<li>Couleur: Noir<\/li>\n<li>Support: Multisupport<\/li>\n<li>N\u00b0 de rainures: 2<\/li>\n<li>puissance: 150 W<\/li>\n<li>Fr\u00e9quence d&#8217;entr\u00e9e AC: 50-60 Hz<\/li>\n<li>vitesse: 10\/100\/1000 Mbps<\/li>\n<li>Plage d&#8217;humidit\u00e9 de travail: 10 % &#8211; 90 %<\/li>\n<li>Facteur de forme: 1U<\/li>\n<li>Temp\u00e9rature approximative: -40\u00ba \/ 70\u00ba<\/li>\n<\/ul>","protected":false},"excerpt":{"rendered":"<p>Si vous \u00eates passionn\u00e9 d&#8217;informatique et d&#8217;\u00e9lectronique, si vous \u00eates \u00e0 la pointe de la technologie et qu&#8217;aucun d\u00e9tail ne vous \u00e9chappe, achetez Switch TP-Link TL-SG2218P au meilleur prix. Le TL-SG2218P de TP-Link est un switch haute performance con\u00e7u pour les environnements professionnels n\u00e9cessitant une connectivit\u00e9 fiable et \u00e9volutive. Cet appareil, avec sa finition \u00e9l\u00e9gante [&hellip;]<\/p>\n","protected":false},"featured_media":74218,"comment_status":"open","ping_status":"closed","template":"","meta":[],"product_brand":[1435],"product_cat":[65,584,585],"product_tag":[106],"class_list":{"0":"post-74239","1":"product","2":"type-product","3":"status-publish","4":"has-post-thumbnail","6":"product_brand-brandp_585","7":"product_cat-informatique-electronique","8":"product_cat-informatique-reseaux-et-composants","9":"product_cat-switch","10":"product_tag-tag_1295","12":"first","13":"instock","14":"taxable","15":"shipping-taxable","16":"purchasable","17":"product-type-simple"},"_links":{"self":[{"href":"https:\/\/bigbuy.tupique.com\/es\/wp-json\/wp\/v2\/product\/74239","targetHints":{"allow":["GET"]}}],"collection":[{"href":"https:\/\/bigbuy.tupique.com\/es\/wp-json\/wp\/v2\/product"}],"about":[{"href":"https:\/\/bigbuy.tupique.com\/es\/wp-json\/wp\/v2\/types\/product"}],"replies":[{"embeddable":true,"href":"https:\/\/bigbuy.tupique.com\/es\/wp-json\/wp\/v2\/comments?post=74239"}],"wp:featuredmedia":[{"embeddable":true,"href":"https:\/\/bigbuy.tupique.com\/es\/wp-json\/wp\/v2\/media\/74218"}],"wp:attachment":[{"href":"https:\/\/bigbuy.tupique.com\/es\/wp-json\/wp\/v2\/media?parent=74239"}],"wp:term":[{"taxonomy":"product_brand","embeddable":true,"href":"https:\/\/bigbuy.tupique.com\/es\/wp-json\/wp\/v2\/product_brand?post=74239"},{"taxonomy":"product_cat","embeddable":true,"href":"https:\/\/bigbuy.tupique.com\/es\/wp-json\/wp\/v2\/product_cat?post=74239"},{"taxonomy":"product_tag","embeddable":true,"href":"https:\/\/bigbuy.tupique.com\/es\/wp-json\/wp\/v2\/product_tag?post=74239"}],"curies":[{"name":"wp","href":"https:\/\/api.w.org\/{rel}","templated":true}]}}