{"id":73416,"date":"2026-04-02T15:41:26","date_gmt":"2026-04-02T14:41:26","guid":{"rendered":"https:\/\/bigbuy.tupique.com\/produto\/ram-memory-crucial-ct16g56c46u5-16-gb-ddr5-sdram-ddr5-5600-mhz\/"},"modified":"2026-04-15T08:12:54","modified_gmt":"2026-04-15T07:12:54","slug":"ram-memory-crucial-ct16g56c46u5-16-gb-ddr5-sdram-ddr5-5600-mhz","status":"publish","type":"product","link":"https:\/\/bigbuy.tupique.com\/es\/produto\/ram-memory-crucial-ct16g56c46u5-16-gb-ddr5-sdram-ddr5-5600-mhz\/","title":{"rendered":"M\u00e9moire RAM Crucial CT16G56C46U5 16 GB DDR5 SDRAM DDR5 5600 MHz"},"content":{"rendered":"<p>Si vous \u00eates passionn\u00e9 d&#8217;<b>informatique et d&#8217;\u00e9lectronique<\/b>, si vous \u00eates \u00e0 la pointe de la technologie et qu&#8217;aucun d\u00e9tail ne vous \u00e9chappe, achetez <b>M\u00e9moire RAM Crucial CT16G56C46U5 16 GB DDR5 SDRAM DDR5 5600 MHz<\/b> au meilleur prix.<\/p>\n<p>La <b>m\u00e9moire RAM Crucial CT16G56C46U5<\/b> est un module de <b>m\u00e9moire DDR5 SDRAM<\/b> d\u2019une capacit\u00e9 de <b>16 Go<\/b> configur\u00e9 en format <b>1 x 16 Go<\/b>, con\u00e7u pour am\u00e9liorer les performances des ordinateurs de bureau modernes n\u00e9cessitant vitesse et efficacit\u00e9. Cette m\u00e9moire fonctionne \u00e0 une fr\u00e9quence de <b>5600 MHz<\/b>, assurant un transfert rapide des donn\u00e9es et une meilleure r\u00e9activit\u00e9 lors de t\u00e2ches exigeantes comme le gaming, le montage vid\u00e9o ou le d\u00e9veloppement logiciel. Sa latence CAS de <b>46<\/b> offre un bon \u00e9quilibre entre rapidit\u00e9 et stabilit\u00e9, optimisant l\u2019acc\u00e8s aux donn\u00e9es sans compromettre la fiabilit\u00e9. De plus, elle est con\u00e7ue pour fonctionner sous une faible tension de <b>1,1 V<\/b>, r\u00e9duisant la production de chaleur et favorisant une consommation \u00e9nerg\u00e9tique efficace, b\u00e9n\u00e9fique pour la stabilit\u00e9 thermique du syst\u00e8me. Le module pr\u00e9sente un design \u00e9l\u00e9gant en couleur <b>noir<\/b>, typique de la gamme Crucial, facilitant une int\u00e9gration esth\u00e9tique dans le bo\u00eetier m\u00eame en espace restreint. Cette m\u00e9moire est compatible avec les syst\u00e8mes prenant en charge la nouvelle g\u00e9n\u00e9ration DDR5, garantissant un composant \u00e0 jour int\u00e9grant les derni\u00e8res avanc\u00e9es technologiques en mati\u00e8re de performances et d\u2019\u00e9conomie d\u2019\u00e9nergie par rapport aux g\u00e9n\u00e9rations pr\u00e9c\u00e9dentes. En r\u00e9sum\u00e9, le Crucial CT16G56C46U5 offre une solution fiable et puissante pour les utilisateurs souhaitant augmenter la capacit\u00e9 et la vitesse de leur m\u00e9moire interne, r\u00e9pondant aux exigences des applications multit\u00e2ches actuelles. Ce module assure une am\u00e9lioration notable de la fluidit\u00e9 et de la r\u00e9activit\u00e9 du syst\u00e8me, s\u2019imposant comme un choix solide dans la cat\u00e9gorie des m\u00e9moires RAM DDR5 pour PC.<\/p>\n<ul>\n<li>Type:\n<ul>\n<li>M\u00e9moire (RAM)<\/li>\n<li>DDR5<\/li>\n<\/ul>\n<\/li>\n<li>Type de m\u00e9moire:\n<ul>\n<li>DIMM<\/li>\n<li>DDR5 SDRAM<\/li>\n<li>DDR5<\/li>\n<\/ul>\n<\/li>\n<li>Latence: CL46<\/li>\n<li>Couleur: Noir<\/li>\n<li>M\u00e9moire RAM: 16 GB RAM<\/li>\n<li>Capacit\u00e9: 16 GB<\/li>\n<li>Tension: 1,1 V<\/li>\n<li>Compatible: PC<\/li>\n<li>Connexions: DIMM<\/li>\n<li>Facteur de forme: RDIMM<\/li>\n<li>Format: 1 x 16 GB<\/li>\n<li>vitesse: 5600 MHz<\/li>\n<\/ul>","protected":false},"excerpt":{"rendered":"<p>Si vous \u00eates passionn\u00e9 d&#8217;informatique et d&#8217;\u00e9lectronique, si vous \u00eates \u00e0 la pointe de la technologie et qu&#8217;aucun d\u00e9tail ne vous \u00e9chappe, achetez M\u00e9moire RAM Crucial CT16G56C46U5 16 GB DDR5 SDRAM DDR5 5600 MHz au meilleur prix. La m\u00e9moire RAM Crucial CT16G56C46U5 est un module de m\u00e9moire DDR5 SDRAM d\u2019une capacit\u00e9 de 16 Go configur\u00e9 [&hellip;]<\/p>\n","protected":false},"featured_media":73399,"comment_status":"open","ping_status":"closed","template":"","meta":[],"product_brand":[1100],"product_cat":[65,584,593],"product_tag":[106],"class_list":{"0":"post-73416","1":"product","2":"type-product","3":"status-publish","4":"has-post-thumbnail","6":"product_brand-brandp_594","7":"product_cat-informatique-electronique","8":"product_cat-informatique-reseaux-et-composants","9":"product_cat-memoires-ram","10":"product_tag-tag_1295","12":"first","13":"instock","14":"taxable","15":"shipping-taxable","16":"purchasable","17":"product-type-simple"},"_links":{"self":[{"href":"https:\/\/bigbuy.tupique.com\/es\/wp-json\/wp\/v2\/product\/73416","targetHints":{"allow":["GET"]}}],"collection":[{"href":"https:\/\/bigbuy.tupique.com\/es\/wp-json\/wp\/v2\/product"}],"about":[{"href":"https:\/\/bigbuy.tupique.com\/es\/wp-json\/wp\/v2\/types\/product"}],"replies":[{"embeddable":true,"href":"https:\/\/bigbuy.tupique.com\/es\/wp-json\/wp\/v2\/comments?post=73416"}],"wp:featuredmedia":[{"embeddable":true,"href":"https:\/\/bigbuy.tupique.com\/es\/wp-json\/wp\/v2\/media\/73399"}],"wp:attachment":[{"href":"https:\/\/bigbuy.tupique.com\/es\/wp-json\/wp\/v2\/media?parent=73416"}],"wp:term":[{"taxonomy":"product_brand","embeddable":true,"href":"https:\/\/bigbuy.tupique.com\/es\/wp-json\/wp\/v2\/product_brand?post=73416"},{"taxonomy":"product_cat","embeddable":true,"href":"https:\/\/bigbuy.tupique.com\/es\/wp-json\/wp\/v2\/product_cat?post=73416"},{"taxonomy":"product_tag","embeddable":true,"href":"https:\/\/bigbuy.tupique.com\/es\/wp-json\/wp\/v2\/product_tag?post=73416"}],"curies":[{"name":"wp","href":"https:\/\/api.w.org\/{rel}","templated":true}]}}