{"id":73398,"date":"2026-04-02T15:40:50","date_gmt":"2026-04-02T14:40:50","guid":{"rendered":"https:\/\/bigbuy.tupique.com\/produto\/hard-drive-samsung-990-pro-4-tb-ssd-2\/"},"modified":"2026-04-15T08:10:29","modified_gmt":"2026-04-15T07:10:29","slug":"hard-drive-samsung-990-pro-4-tb-ssd-2","status":"publish","type":"product","link":"https:\/\/bigbuy.tupique.com\/es\/produto\/hard-drive-samsung-990-pro-4-tb-ssd-2\/","title":{"rendered":"Disque dur Samsung 990 PRO 4 TB SSD"},"content":{"rendered":"<p>Si vous \u00eates passionn\u00e9 d&#8217;<b>informatique et d&#8217;\u00e9lectronique<\/b>, si vous \u00eates \u00e0 la pointe de la technologie et qu&#8217;aucun d\u00e9tail ne vous \u00e9chappe, achetez <b>Disque dur Samsung 990 PRO 4 TB SSD<\/b> au meilleur prix.<\/p>\n<p>Le <b>Samsung 990 PRO<\/b> est un <b>disque dur<\/b> interne haute performance con\u00e7u pour les utilisateurs professionnels et les passionn\u00e9s qui exigent une vitesse et une capacit\u00e9 maximales dans leurs syst\u00e8mes. Ce mod\u00e8le offre une <b>capacit\u00e9 de stockage de 4 To<\/b>, id\u00e9ale pour g\u00e9rer de gros volumes de donn\u00e9es, des projets cr\u00e9atifs ou de vastes biblioth\u00e8ques. Avec son format <b>M.2 2280<\/b>, il s\u2019int\u00e8gre facilement aux cartes m\u00e8res modernes compatibles, optimisant l\u2019espace et la gestion thermique. Ce SSD utilise l\u2019interface PCIe 4.0 et le protocole NVMe 2.0, permettant d\u2019atteindre des vitesses de lecture et d\u2019\u00e9criture s\u00e9quentielle jusqu\u2019\u00e0 <b>7450 Mo\/s<\/b>, garantissant des transferts ultra-rapides, des temps de chargement r\u00e9duits et une r\u00e9activit\u00e9 fluide en multit\u00e2che ou en \u00e9dition professionnelle. Sa technologie de chiffrement <b>AES 256 bits<\/b> offre un niveau suppl\u00e9mentaire de s\u00e9curit\u00e9 pour prot\u00e9ger les donn\u00e9es stock\u00e9es, une caract\u00e9ristique essentielle pour les utilisateurs soucieux de la confidentialit\u00e9 et de l\u2019int\u00e9grit\u00e9 de leurs informations. Il pr\u00e9sente un design <b>noir<\/b> qui compl\u00e8te toute configuration PC moderne, tout en respectant les normes d\u2019efficacit\u00e9 \u00e9nerg\u00e9tique et de durabilit\u00e9 propres \u00e0 la s\u00e9rie PRO de Samsung. En r\u00e9sum\u00e9, le <b>Samsung 990 PRO SSD de 4 To<\/b> repr\u00e9sente une solution \u00e9quilibr\u00e9e entre capacit\u00e9, vitesse et s\u00e9curit\u00e9, se positionnant comme un choix fiable pour ceux qui ont besoin d\u2019un stockage rapide et s\u00fbr sur des syst\u00e8mes avanc\u00e9s.<\/p>\n<ul>\n<li>Dimensions approx.:\n<ul>\n<li>8 x 2,2 x 0,22 cm<\/li>\n<li>2,2 cm<\/li>\n<li>8 cm<\/li>\n<\/ul>\n<\/li>\n<li>Utilisation recommand\u00e9e: PC de bureau<\/li>\n<li>Poids approx.: 9 g<\/li>\n<li>Largeur:\n<ul>\n<li>8 cm<\/li>\n<li>80 mm<\/li>\n<\/ul>\n<\/li>\n<li>vitesse:\n<ul>\n<li>6900 MB\/s<\/li>\n<li>7450 MB\/s<\/li>\n<\/ul>\n<\/li>\n<li>Caract\u00e9ristiques:\n<ul>\n<li>R\u00e9sistants \u00e0 la chaleur<\/li>\n<li>Temp\u00e9rature<\/li>\n<\/ul>\n<\/li>\n<li>Type de m\u00e9moire: V-NAND MLC<\/li>\n<li>Taille: 2,5&#8243;<\/li>\n<li>Type:\n<ul>\n<li>SSD<\/li>\n<li>Interne<\/li>\n<li>V-NAND MLC<\/li>\n<\/ul>\n<\/li>\n<li>Connexions:\n<ul>\n<li>PCIe<\/li>\n<li>M.2 2280<\/li>\n<li>M.2<\/li>\n<li>PCI Express 4.0<\/li>\n<\/ul>\n<\/li>\n<li>Disque dur:\n<ul>\n<li>4 TB SSD<\/li>\n<li>4 TB HDD<\/li>\n<\/ul>\n<\/li>\n<li>Couleur: Noir<\/li>\n<li>\u00c9lev\u00e9: 2.2 cm<\/li>\n<li>Compatible:\n<ul>\n<li>SSD NVMe<\/li>\n<li>PC<\/li>\n<\/ul>\n<\/li>\n<li>S\u00e9curit\u00e9: AES 256-bits<\/li>\n<li>Plage de temp\u00e9ratures de travail: 0\u00ba \/ 70\u00ba<\/li>\n<li>Tension: 3,3 V<\/li>\n<li>Type de stockage: SSD<\/li>\n<\/ul>","protected":false},"excerpt":{"rendered":"<p>Si vous \u00eates passionn\u00e9 d&#8217;informatique et d&#8217;\u00e9lectronique, si vous \u00eates \u00e0 la pointe de la technologie et qu&#8217;aucun d\u00e9tail ne vous \u00e9chappe, achetez Disque dur Samsung 990 PRO 4 TB SSD au meilleur prix. Le Samsung 990 PRO est un disque dur interne haute performance con\u00e7u pour les utilisateurs professionnels et les passionn\u00e9s qui exigent [&hellip;]<\/p>\n","protected":false},"featured_media":73360,"comment_status":"open","ping_status":"closed","template":"","meta":[],"product_brand":[183],"product_cat":[588,65,584],"product_tag":[106],"class_list":{"0":"post-73398","1":"product","2":"type-product","3":"status-publish","4":"has-post-thumbnail","6":"product_brand-brandp_576","7":"product_cat-disques-durs","8":"product_cat-informatique-electronique","9":"product_cat-informatique-reseaux-et-composants","10":"product_tag-tag_1295","12":"first","13":"instock","14":"taxable","15":"shipping-taxable","16":"purchasable","17":"product-type-simple"},"_links":{"self":[{"href":"https:\/\/bigbuy.tupique.com\/es\/wp-json\/wp\/v2\/product\/73398","targetHints":{"allow":["GET"]}}],"collection":[{"href":"https:\/\/bigbuy.tupique.com\/es\/wp-json\/wp\/v2\/product"}],"about":[{"href":"https:\/\/bigbuy.tupique.com\/es\/wp-json\/wp\/v2\/types\/product"}],"replies":[{"embeddable":true,"href":"https:\/\/bigbuy.tupique.com\/es\/wp-json\/wp\/v2\/comments?post=73398"}],"wp:featuredmedia":[{"embeddable":true,"href":"https:\/\/bigbuy.tupique.com\/es\/wp-json\/wp\/v2\/media\/73360"}],"wp:attachment":[{"href":"https:\/\/bigbuy.tupique.com\/es\/wp-json\/wp\/v2\/media?parent=73398"}],"wp:term":[{"taxonomy":"product_brand","embeddable":true,"href":"https:\/\/bigbuy.tupique.com\/es\/wp-json\/wp\/v2\/product_brand?post=73398"},{"taxonomy":"product_cat","embeddable":true,"href":"https:\/\/bigbuy.tupique.com\/es\/wp-json\/wp\/v2\/product_cat?post=73398"},{"taxonomy":"product_tag","embeddable":true,"href":"https:\/\/bigbuy.tupique.com\/es\/wp-json\/wp\/v2\/product_tag?post=73398"}],"curies":[{"name":"wp","href":"https:\/\/api.w.org\/{rel}","templated":true}]}}