{"id":73315,"date":"2026-04-02T15:38:09","date_gmt":"2026-04-02T14:38:09","guid":{"rendered":"https:\/\/bigbuy.tupique.com\/produto\/hard-drive-samsung-990-pro-2-tb-ssd-2\/"},"modified":"2026-04-16T15:05:36","modified_gmt":"2026-04-16T14:05:36","slug":"hard-drive-samsung-990-pro-2-tb-ssd-2","status":"publish","type":"product","link":"https:\/\/bigbuy.tupique.com\/es\/produto\/hard-drive-samsung-990-pro-2-tb-ssd-2\/","title":{"rendered":"Disque dur Samsung 990 PRO 2 TB SSD"},"content":{"rendered":"<p>Si vous \u00eates passionn\u00e9 d&#8217;<b>informatique et d&#8217;\u00e9lectronique<\/b>, si vous \u00eates \u00e0 la pointe de la technologie et qu&#8217;aucun d\u00e9tail ne vous \u00e9chappe, achetez <b>Disque dur Samsung 990 PRO 2 TB SSD<\/b> au meilleur prix.<\/p>\n<p>Le <b>Samsung 990 PRO<\/b> est un <b>disque dur SSD<\/b> haut de gamme offrant des performances exceptionnelles gr\u00e2ce \u00e0 sa capacit\u00e9 de <b>2TB<\/b> et son format <b>M.2 2280<\/b>, compatible avec l\u2019interface <b>PCIe Gen 4.0 x4<\/b> et le protocole <b>NVMe 2.0<\/b>, garantissant des vitesses de transfert tr\u00e8s \u00e9lev\u00e9es, id\u00e9ales pour les utilisateurs professionnels et les environnements exigeant une lecture et \u00e9criture rapides. Ce mod\u00e8le, r\u00e9f\u00e9renc\u00e9 <b>MZ-V9P2T0CW<\/b>, permet d\u2019atteindre une <b>lecture s\u00e9quentielle jusqu\u2019\u00e0 7 450 MB\/s<\/b> et une <b>\u00e9criture s\u00e9quentielle jusqu\u2019\u00e0 6 900 MB\/s<\/b>, ainsi que des taux d\u2019op\u00e9rations d\u2019entr\u00e9e\/sortie par seconde (IOPS) remarquables, jusqu\u2019\u00e0 <b>1 400 000 en lecture al\u00e9atoire<\/b> et <b>1 550 000 en \u00e9criture al\u00e9atoire<\/b> (4KB, QD32), le positionnant en t\u00eate de sa cat\u00e9gorie pour les applications n\u00e9cessitant un acc\u00e8s rapide \u00e0 de gros volumes de donn\u00e9es. Son design <b>noir<\/b> int\u00e8gre des fonctions ax\u00e9es sur la durabilit\u00e9 et la stabilit\u00e9, comme le support de <b>TRIM<\/b>, <b>S.M.A.R.T.<\/b> et un algorithme efficace de <b>garbage collection (GC)<\/b> optimisant les performances et la long\u00e9vit\u00e9 du disque. C\u00f4t\u00e9 s\u00e9curit\u00e9, il dispose d\u2019une <b>encryption AES 256 bits<\/b> et respecte les normes <b>TCG\/Opal IEEE1667<\/b>, assurant une protection fiable des donn\u00e9es stock\u00e9es. Ce SSD pr\u00e9sente une faible consommation moyenne de 5,5 W en usage, pouvant atteindre 8,5 W en rafales, et reste efficace en mode veille ou inactif. Il supporte des temp\u00e9ratures de fonctionnement jusqu\u2019\u00e0 70 \u00baC et une r\u00e9sistance m\u00e9canique aux chocs jusqu\u2019\u00e0 1 500 G, garantissant une utilisation fiable en divers environnements. Ses dimensions compactes de <b>80 x 24,3 x 8,2 mm<\/b> et son poids l\u00e9ger de <b>28 grammes<\/b> facilitent son int\u00e9gration dans des ordinateurs portables et stations de travail performantes. En r\u00e9sum\u00e9, le <b>Samsung 990 PRO<\/b> est une solution robuste et avanc\u00e9e pour les utilisateurs exigeants recherchant un stockage stable, rapide et s\u00e9curis\u00e9, compatible avec les technologies les plus r\u00e9centes du march\u00e9.<\/p>\n<ul>\n<li>Connexions:\n<ul>\n<li>PCIe<\/li>\n<li>PCI Express 4.0<\/li>\n<li>M.2 2280<\/li>\n<li>M.2<\/li>\n<\/ul>\n<\/li>\n<li>Type:\n<ul>\n<li>Interne<\/li>\n<li>SSD<\/li>\n<li>V-NAND MLC<\/li>\n<\/ul>\n<\/li>\n<li>Disque dur: 2 TB SSD<\/li>\n<li>Largeur: 80 mm<\/li>\n<li>Type de m\u00e9moire: V-NAND MLC<\/li>\n<li>vitesse: 7450 MB\/s<\/li>\n<li>Taille: 2,5&#8243;<\/li>\n<li>Couleur: Noir<\/li>\n<li>Caract\u00e9ristiques: R\u00e9tro-\u00e9clair\u00e9<\/li>\n<li>Compatible:\n<ul>\n<li>SSD NVMe<\/li>\n<li>PC<\/li>\n<\/ul>\n<\/li>\n<li>S\u00e9curit\u00e9: AES 256-bits<\/li>\n<li>Plage de temp\u00e9ratures de travail: 0\u00ba \/ 70\u00ba<\/li>\n<li>Tension: 3,3 V<\/li>\n<li>Type de stockage: SSD<\/li>\n<\/ul>","protected":false},"excerpt":{"rendered":"<p>Si vous \u00eates passionn\u00e9 d&#8217;informatique et d&#8217;\u00e9lectronique, si vous \u00eates \u00e0 la pointe de la technologie et qu&#8217;aucun d\u00e9tail ne vous \u00e9chappe, achetez Disque dur Samsung 990 PRO 2 TB SSD au meilleur prix. Le Samsung 990 PRO est un disque dur SSD haut de gamme offrant des performances exceptionnelles gr\u00e2ce \u00e0 sa capacit\u00e9 de [&hellip;]<\/p>\n","protected":false},"featured_media":73285,"comment_status":"open","ping_status":"closed","template":"","meta":[],"product_brand":[183],"product_cat":[588,65,584],"product_tag":[106],"class_list":{"0":"post-73315","1":"product","2":"type-product","3":"status-publish","4":"has-post-thumbnail","6":"product_brand-brandp_576","7":"product_cat-disques-durs","8":"product_cat-informatique-electronique","9":"product_cat-informatique-reseaux-et-composants","10":"product_tag-tag_1295","12":"first","13":"instock","14":"taxable","15":"shipping-taxable","16":"purchasable","17":"product-type-simple"},"_links":{"self":[{"href":"https:\/\/bigbuy.tupique.com\/es\/wp-json\/wp\/v2\/product\/73315","targetHints":{"allow":["GET"]}}],"collection":[{"href":"https:\/\/bigbuy.tupique.com\/es\/wp-json\/wp\/v2\/product"}],"about":[{"href":"https:\/\/bigbuy.tupique.com\/es\/wp-json\/wp\/v2\/types\/product"}],"replies":[{"embeddable":true,"href":"https:\/\/bigbuy.tupique.com\/es\/wp-json\/wp\/v2\/comments?post=73315"}],"wp:featuredmedia":[{"embeddable":true,"href":"https:\/\/bigbuy.tupique.com\/es\/wp-json\/wp\/v2\/media\/73285"}],"wp:attachment":[{"href":"https:\/\/bigbuy.tupique.com\/es\/wp-json\/wp\/v2\/media?parent=73315"}],"wp:term":[{"taxonomy":"product_brand","embeddable":true,"href":"https:\/\/bigbuy.tupique.com\/es\/wp-json\/wp\/v2\/product_brand?post=73315"},{"taxonomy":"product_cat","embeddable":true,"href":"https:\/\/bigbuy.tupique.com\/es\/wp-json\/wp\/v2\/product_cat?post=73315"},{"taxonomy":"product_tag","embeddable":true,"href":"https:\/\/bigbuy.tupique.com\/es\/wp-json\/wp\/v2\/product_tag?post=73315"}],"curies":[{"name":"wp","href":"https:\/\/api.w.org\/{rel}","templated":true}]}}