{"id":73284,"date":"2026-04-02T15:37:13","date_gmt":"2026-04-02T14:37:13","guid":{"rendered":"https:\/\/bigbuy.tupique.com\/produto\/hard-drive-samsung-990-pro-2-tb-ssd\/"},"modified":"2026-04-16T17:00:20","modified_gmt":"2026-04-16T16:00:20","slug":"hard-drive-samsung-990-pro-2-tb-ssd","status":"publish","type":"product","link":"https:\/\/bigbuy.tupique.com\/es\/produto\/hard-drive-samsung-990-pro-2-tb-ssd\/","title":{"rendered":"Disque dur Samsung 990 PRO 2 TB SSD"},"content":{"rendered":"<p>Si vous \u00eates passionn\u00e9 d&#8217;<b>informatique et d&#8217;\u00e9lectronique<\/b>, si vous \u00eates \u00e0 la pointe de la technologie et qu&#8217;aucun d\u00e9tail ne vous \u00e9chappe, achetez <b>Disque dur Samsung 990 PRO 2 TB SSD<\/b> au meilleur prix.<\/p>\n<p>Le <b>Samsung 990 PRO<\/b> est un <b>disque dur SSD<\/b> haute performance con\u00e7u pour les passionn\u00e9s et professionnels exigeant vitesse et fiabilit\u00e9 en stockage. Ce mod\u00e8le offre une impressionnante <b>capacit\u00e9 de 2 To<\/b>, id\u00e9ale pour g\u00e9rer de gros volumes de donn\u00e9es avec un d\u00e9bit soutenu. Il pr\u00e9sente un format compact <b>M.2 2280<\/b>, compatible avec les connexions <b>PCIe Gen 4.0 x4<\/b> et la norme <b>NVMe 2.0<\/b>, garantissant une vitesse de transfert exceptionnelle, avec des lectures s\u00e9quentielles jusqu\u2019\u00e0 <b>7 450 Mo\/s<\/b> et des \u00e9critures s\u00e9quentielles de <b>6 900 Mo\/s<\/b>, bien au-del\u00e0 des mod\u00e8les classiques, parfait pour des t\u00e2ches intensives comme le montage vid\u00e9o 4K, le design graphique ou le gaming. En performance al\u00e9atoire, il offre jusqu\u2019\u00e0 <b>1 550 000 IOPS<\/b> en \u00e9criture, assurant une r\u00e9activit\u00e9 instantan\u00e9e sur les applications manipulant de petits fichiers. Il int\u00e8gre \u00e9galement le support de technologies avanc\u00e9es telles que <b>TRIM, S.M.A.R.T<\/b> et un algorithme automatique de <b>Garbage Collection<\/b> qui optimisent le disque et prolongent sa dur\u00e9e de vie. La s\u00e9curit\u00e9 est renforc\u00e9e par un chiffrement <b>AES 256 bits<\/b> compatible avec les protocoles TCG\/Opal et IEEE1667 pour prot\u00e9ger les donn\u00e9es stock\u00e9es. Sa faible consommation \u00e9nerg\u00e9tique, avec une moyenne de <b>5,4 W<\/b> en fonctionnement et des modes veille \u00e0 consommation minimale, en fait une solution efficace pour les syst\u00e8mes haute performance sans sacrifier la stabilit\u00e9. Avec des dimensions compactes de <b>80 x 22 x 2,3 mm<\/b> et un poids l\u00e9ger de seulement <b>9 grammes<\/b>, il s\u2019int\u00e8gre facilement dans les configurations PC modernes. Sa r\u00e9sistance aux conditions extr\u00eames se traduit par une durabilit\u00e9 de <b>1,5 million d\u2019heures MTBF<\/b> et une tol\u00e9rance aux chocs jusqu\u2019\u00e0 <b>1 500 G<\/b>. Le design en couleur <b>noir<\/b> offre une esth\u00e9tique sobre qui s\u2019adapte \u00e0 tout montage. En r\u00e9sum\u00e9, le Samsung 990 PRO est une solution SSD avanc\u00e9e alliant vitesse, s\u00e9curit\u00e9 et durabilit\u00e9 pour les utilisateurs exigeant le meilleur de leur stockage interne.<\/p>\n<ul>\n<li>Caract\u00e9ristiques:\n<ul>\n<li>Kit d&#8217;installation<\/li>\n<li>R\u00e9sistants \u00e0 la chaleur<\/li>\n<\/ul>\n<\/li>\n<li>Type:\n<ul>\n<li>SSD<\/li>\n<li>Interne<\/li>\n<li>V-NAND MLC<\/li>\n<\/ul>\n<\/li>\n<li>Connexions:\n<ul>\n<li>PCIe<\/li>\n<li>PCI Express 4.0<\/li>\n<li>M.2 2280<\/li>\n<li>M.2<\/li>\n<\/ul>\n<\/li>\n<li>vitesse:\n<ul>\n<li>6900 MB\/s<\/li>\n<li>7450 MB\/s<\/li>\n<\/ul>\n<\/li>\n<li>Largeur:\n<ul>\n<li>80 mm<\/li>\n<li>22 mm<\/li>\n<\/ul>\n<\/li>\n<li>Taille: 2,5&#8243;<\/li>\n<li>Type de m\u00e9moire: V-NAND MLC<\/li>\n<li>Dimensions approx.:\n<ul>\n<li>80 mm<\/li>\n<li>22 mm<\/li>\n<li>10 x 3 x 15 cm<\/li>\n<\/ul>\n<\/li>\n<li>Disque dur: 2 TB SSD<\/li>\n<li>Utilisation recommand\u00e9e: PC de bureau<\/li>\n<li>Poids approx.: 9 g<\/li>\n<li>\u00c9lev\u00e9: 2.2 cm<\/li>\n<li>Couleur: Noir<\/li>\n<li>Compatible:\n<ul>\n<li>SSD NVMe<\/li>\n<li>PC<\/li>\n<\/ul>\n<\/li>\n<li>S\u00e9curit\u00e9: AES 256-bits<\/li>\n<li>Plage de temp\u00e9ratures de travail: 0\u00ba \/ 70\u00ba<\/li>\n<li>Tension: 3,3 V<\/li>\n<li>Type de stockage: SSD<\/li>\n<\/ul>","protected":false},"excerpt":{"rendered":"<p>Si vous \u00eates passionn\u00e9 d&#8217;informatique et d&#8217;\u00e9lectronique, si vous \u00eates \u00e0 la pointe de la technologie et qu&#8217;aucun d\u00e9tail ne vous \u00e9chappe, achetez Disque dur Samsung 990 PRO 2 TB SSD au meilleur prix. Le Samsung 990 PRO est un disque dur SSD haute performance con\u00e7u pour les passionn\u00e9s et professionnels exigeant vitesse et fiabilit\u00e9 [&hellip;]<\/p>\n","protected":false},"featured_media":73243,"comment_status":"open","ping_status":"closed","template":"","meta":[],"product_brand":[183],"product_cat":[588,65,584],"product_tag":[106],"class_list":{"0":"post-73284","1":"product","2":"type-product","3":"status-publish","4":"has-post-thumbnail","6":"product_brand-brandp_576","7":"product_cat-disques-durs","8":"product_cat-informatique-electronique","9":"product_cat-informatique-reseaux-et-composants","10":"product_tag-tag_1295","12":"first","13":"instock","14":"taxable","15":"shipping-taxable","16":"purchasable","17":"product-type-simple"},"_links":{"self":[{"href":"https:\/\/bigbuy.tupique.com\/es\/wp-json\/wp\/v2\/product\/73284","targetHints":{"allow":["GET"]}}],"collection":[{"href":"https:\/\/bigbuy.tupique.com\/es\/wp-json\/wp\/v2\/product"}],"about":[{"href":"https:\/\/bigbuy.tupique.com\/es\/wp-json\/wp\/v2\/types\/product"}],"replies":[{"embeddable":true,"href":"https:\/\/bigbuy.tupique.com\/es\/wp-json\/wp\/v2\/comments?post=73284"}],"wp:featuredmedia":[{"embeddable":true,"href":"https:\/\/bigbuy.tupique.com\/es\/wp-json\/wp\/v2\/media\/73243"}],"wp:attachment":[{"href":"https:\/\/bigbuy.tupique.com\/es\/wp-json\/wp\/v2\/media?parent=73284"}],"wp:term":[{"taxonomy":"product_brand","embeddable":true,"href":"https:\/\/bigbuy.tupique.com\/es\/wp-json\/wp\/v2\/product_brand?post=73284"},{"taxonomy":"product_cat","embeddable":true,"href":"https:\/\/bigbuy.tupique.com\/es\/wp-json\/wp\/v2\/product_cat?post=73284"},{"taxonomy":"product_tag","embeddable":true,"href":"https:\/\/bigbuy.tupique.com\/es\/wp-json\/wp\/v2\/product_tag?post=73284"}],"curies":[{"name":"wp","href":"https:\/\/api.w.org\/{rel}","templated":true}]}}