{"id":73007,"date":"2026-04-02T15:24:24","date_gmt":"2026-04-02T14:24:24","guid":{"rendered":"https:\/\/bigbuy.tupique.com\/produto\/tablet-samsung-sm-x400nzareub\/"},"modified":"2026-04-15T08:10:23","modified_gmt":"2026-04-15T07:10:23","slug":"tablet-samsung-sm-x400nzareub","status":"publish","type":"product","link":"https:\/\/bigbuy.tupique.com\/es\/produto\/tablet-samsung-sm-x400nzareub\/","title":{"rendered":"Tablette Samsung SM-X400NZAREUB"},"content":{"rendered":"<p>Si vous \u00eates \u00e0 la recherche de nouvelles tendances sur le march\u00e9, nous vous pr\u00e9sentons <b>Tablette Samsung SM-X400NZAREUB<\/b> !<\/p>\n<p>La <b>Samsung SM-X400NZAREUB<\/b> est une <b>tablette<\/b> polyvalente et performante qui se distingue dans le segment multim\u00e9dia et productivit\u00e9 gr\u00e2ce \u00e0 ses caract\u00e9ristiques \u00e9quilibr\u00e9es et son design sophistiqu\u00e9 en gris. Elle int\u00e8gre une <b>m\u00e9moire RAM de 6 Go<\/b> permettant de g\u00e9rer plusieurs applications et t\u00e2ches simultan\u00e9ment, assurant des performances fluides lors de la navigation et de l\u2019utilisation d\u2019applications exigeantes. Son <b>\u00e9cran de 10,9 pouces<\/b> offre une exp\u00e9rience visuelle large, id\u00e9ale pour consommer du contenu multim\u00e9dia, lire ou travailler sur des documents, tout en profitant de la compacit\u00e9 et de la l\u00e9g\u00e8ret\u00e9 de l\u2019appareil. L\u2019appareil dispose d\u2019une <b>capacit\u00e9 de stockage de 128 Go<\/b>, facilitant la sauvegarde locale de fichiers, vid\u00e9os, photos et applications sans souci d\u2019espace. La partie photo est assur\u00e9e par un <b>appareil photo arri\u00e8re de 8 MP<\/b> et une <b>cam\u00e9ra frontale de 5 MP<\/b>, parfaits pour des appels vid\u00e9o de qualit\u00e9, des images nettes et des vid\u00e9os en haute r\u00e9solution ; la fonction autofocus am\u00e9liore la clart\u00e9 des prises de vue. Elle comprend un <b>lecteur de cartes<\/b> pour \u00e9tendre la capacit\u00e9 et un port <b>USB-C<\/b> pour une connectivit\u00e9 rapide et efficace, permettant des transferts de fichiers rapides et une charge pratique. L\u2019appareil prend en charge de nombreux formats audio et vid\u00e9o, garantissant la lecture fluide de divers fichiers multim\u00e9dias. Sa r\u00e9sistance de base aux \u00e9claboussures et aux particules selon la norme <b>IP42<\/b> offre une protection suppl\u00e9mentaire utile au quotidien. L\u2019absence de connexion r\u00e9seau mobile est compens\u00e9e par des fonctions intelligentes et une connectivit\u00e9 sans fil, destinant ce mod\u00e8le aux utilisateurs \u00e9voluant principalement dans des environnements Wi-Fi. Cette tablette Samsung s\u2019adresse \u00e0 ceux qui recherchent un outil polyvalent alliant capacit\u00e9 technique, stockage et facilit\u00e9 d\u2019utilisation.<\/p>\n<ul>\n<li>Type: Tablette<\/li>\n<li>Produit \u00e0 brancher: Oui<\/li>\n<li>Type de prise: Prise EU<\/li>\n<li>Bloc d\u2019Alimentation:\n<ul>\n<li>r\u00e9seau \u00e9lectrique<\/li>\n<li>USB<\/li>\n<\/ul>\n<\/li>\n<li>Formats: 3GA<\/li>\n<li>Couleur: Gris<\/li>\n<li>Caract\u00e9ristiques:\n<ul>\n<li>Cam\u00e9ra frontale<\/li>\n<li>Autofocus<\/li>\n<li>Lecteur de Cartes<\/li>\n<\/ul>\n<\/li>\n<li>Connexions:\n<ul>\n<li>USB-C<\/li>\n<li>USB-C 2.0<\/li>\n<\/ul>\n<\/li>\n<li>Connectivit\u00e9:\n<ul>\n<li>Bluetooth<\/li>\n<li>Wi-Fi<\/li>\n<li>GPS<\/li>\n<li>Galileo<\/li>\n<li>Wi-Fi 6 GHz<\/li>\n<li>Bluetooth 5.3<\/li>\n<\/ul>\n<\/li>\n<li>Classification \u00e9nerg\u00e9tique: F<\/li>\n<li>Syst\u00e8me d&#8217;exploitation: Android<\/li>\n<li>vitesse:\n<ul>\n<li>2 GHz<\/li>\n<li>30 fps<\/li>\n<li>90 Hz<\/li>\n<li>2.4 GHz<\/li>\n<\/ul>\n<\/li>\n<li>Ecran: 10,9&#8243;<\/li>\n<li>Cam\u00e9ra\/Appareil Photo:\n<ul>\n<li>8 MP<\/li>\n<li>5 Mp<\/li>\n<li>Arri\u00e8re<\/li>\n<\/ul>\n<\/li>\n<li>Fonctions: Acc\u00e9l\u00e9rom\u00e8tre<\/li>\n<li>Technologie:\n<ul>\n<li>Mime<\/li>\n<li>TFT<\/li>\n<\/ul>\n<\/li>\n<li>Taille maximale de la carte m\u00e9moire: 2 TB<\/li>\n<li>Cartes M\u00e9moire Compatibles: MicroSD (TransFlash)<\/li>\n<li>R\u00e9solution: WUXGA+<\/li>\n<li>Non Inclus: Connexion au r\u00e9seau mobile<\/li>\n<li>M\u00e9moire interne: 128 GB<\/li>\n<li>Inclut: Crayon tactile<\/li>\n<li>M\u00e9moire RAM: 6 GB RAM<\/li>\n<li>Noyaux: 8 Noyaux<\/li>\n<li>Capacit\u00e9 de la batterie: 8000 mAh<\/li>\n<li>R\u00e9solution (px):\n<ul>\n<li>1080 px<\/li>\n<li>1920 x 1080 px<\/li>\n<li>3840 x 2160 px<\/li>\n<\/ul>\n<\/li>\n<li>Diagonale de l&#8217;\u00e9cran (cm): 27,7 cm<\/li>\n<li>Indice de r\u00e9parabilit\u00e9: 7.1<\/li>\n<\/ul>","protected":false},"excerpt":{"rendered":"<p>Si vous \u00eates \u00e0 la recherche de nouvelles tendances sur le march\u00e9, nous vous pr\u00e9sentons Tablette Samsung SM-X400NZAREUB ! La Samsung SM-X400NZAREUB est une tablette polyvalente et performante qui se distingue dans le segment multim\u00e9dia et productivit\u00e9 gr\u00e2ce \u00e0 ses caract\u00e9ristiques \u00e9quilibr\u00e9es et son design sophistiqu\u00e9 en gris. Elle int\u00e8gre une m\u00e9moire RAM de 6 [&hellip;]<\/p>\n","protected":false},"featured_media":72984,"comment_status":"open","ping_status":"closed","template":"","meta":[],"product_brand":[183],"product_cat":[575,65,1052],"product_tag":[566,106],"class_list":{"0":"post-73007","1":"product","2":"type-product","3":"status-publish","4":"has-post-thumbnail","6":"product_brand-brandp_576","7":"product_cat-electronique-telephonie-et-tablettes","8":"product_cat-informatique-electronique","9":"product_cat-tablettes","10":"product_tag-tag_547","11":"product_tag-tag_1295","13":"first","14":"instock","15":"taxable","16":"shipping-taxable","17":"purchasable","18":"product-type-simple"},"_links":{"self":[{"href":"https:\/\/bigbuy.tupique.com\/es\/wp-json\/wp\/v2\/product\/73007","targetHints":{"allow":["GET"]}}],"collection":[{"href":"https:\/\/bigbuy.tupique.com\/es\/wp-json\/wp\/v2\/product"}],"about":[{"href":"https:\/\/bigbuy.tupique.com\/es\/wp-json\/wp\/v2\/types\/product"}],"replies":[{"embeddable":true,"href":"https:\/\/bigbuy.tupique.com\/es\/wp-json\/wp\/v2\/comments?post=73007"}],"wp:featuredmedia":[{"embeddable":true,"href":"https:\/\/bigbuy.tupique.com\/es\/wp-json\/wp\/v2\/media\/72984"}],"wp:attachment":[{"href":"https:\/\/bigbuy.tupique.com\/es\/wp-json\/wp\/v2\/media?parent=73007"}],"wp:term":[{"taxonomy":"product_brand","embeddable":true,"href":"https:\/\/bigbuy.tupique.com\/es\/wp-json\/wp\/v2\/product_brand?post=73007"},{"taxonomy":"product_cat","embeddable":true,"href":"https:\/\/bigbuy.tupique.com\/es\/wp-json\/wp\/v2\/product_cat?post=73007"},{"taxonomy":"product_tag","embeddable":true,"href":"https:\/\/bigbuy.tupique.com\/es\/wp-json\/wp\/v2\/product_tag?post=73007"}],"curies":[{"name":"wp","href":"https:\/\/api.w.org\/{rel}","templated":true}]}}