{"id":70101,"date":"2026-04-02T09:58:50","date_gmt":"2026-04-02T08:58:50","guid":{"rendered":"https:\/\/bigbuy.tupique.com\/produto\/barcode-reader-zebra-li3608-sr00003vzww\/"},"modified":"2026-04-15T01:25:35","modified_gmt":"2026-04-15T00:25:35","slug":"barcode-reader-zebra-li3608-sr00003vzww","status":"publish","type":"product","link":"https:\/\/bigbuy.tupique.com\/es\/produto\/barcode-reader-zebra-li3608-sr00003vzww\/","title":{"rendered":"Lecteur de Codes Barres Zebra LI3608-SR00003VZWW"},"content":{"rendered":"<p>Si vous \u00eates passionn\u00e9 d&#8217;<b>informatique et d&#8217;\u00e9lectronique<\/b>, si vous \u00eates \u00e0 la pointe de la technologie et qu&#8217;aucun d\u00e9tail ne vous \u00e9chappe, achetez <b>Lecteur de Codes Barres Zebra LI3608-SR00003VZWW<\/b> au meilleur prix.<\/p>\n<ul>\n<li>Type:\n<ul>\n<li>Sans fil<\/li>\n<li>1D<\/li>\n<li>Lecteur de Codes Barres<\/li>\n<\/ul>\n<\/li>\n<li>Couleur: Vert<\/li>\n<li>Capacit\u00e9 de la batterie: 3100 mAh<\/li>\n<\/ul>","protected":false},"excerpt":{"rendered":"<p>Si vous \u00eates passionn\u00e9 d&#8217;informatique et d&#8217;\u00e9lectronique, si vous \u00eates \u00e0 la pointe de la technologie et qu&#8217;aucun d\u00e9tail ne vous \u00e9chappe, achetez Lecteur de Codes Barres Zebra LI3608-SR00003VZWW au meilleur prix. Type: Sans fil 1D Lecteur de Codes Barres Couleur: Vert Capacit\u00e9 de la batterie: 3100 mAh<\/p>","protected":false},"featured_media":70100,"comment_status":"open","ping_status":"closed","template":"","meta":[],"product_brand":[812],"product_cat":[65,584,625],"product_tag":[210],"class_list":{"0":"post-70101","1":"product","2":"type-product","3":"status-publish","4":"has-post-thumbnail","6":"product_brand-brandp_590","7":"product_cat-informatique-electronique","8":"product_cat-informatique-reseaux-et-composants","9":"product_cat-multilecteurs","10":"product_tag-tag_25","12":"first","13":"instock","14":"taxable","15":"shipping-taxable","16":"purchasable","17":"product-type-simple"},"_links":{"self":[{"href":"https:\/\/bigbuy.tupique.com\/es\/wp-json\/wp\/v2\/product\/70101","targetHints":{"allow":["GET"]}}],"collection":[{"href":"https:\/\/bigbuy.tupique.com\/es\/wp-json\/wp\/v2\/product"}],"about":[{"href":"https:\/\/bigbuy.tupique.com\/es\/wp-json\/wp\/v2\/types\/product"}],"replies":[{"embeddable":true,"href":"https:\/\/bigbuy.tupique.com\/es\/wp-json\/wp\/v2\/comments?post=70101"}],"wp:featuredmedia":[{"embeddable":true,"href":"https:\/\/bigbuy.tupique.com\/es\/wp-json\/wp\/v2\/media\/70100"}],"wp:attachment":[{"href":"https:\/\/bigbuy.tupique.com\/es\/wp-json\/wp\/v2\/media?parent=70101"}],"wp:term":[{"taxonomy":"product_brand","embeddable":true,"href":"https:\/\/bigbuy.tupique.com\/es\/wp-json\/wp\/v2\/product_brand?post=70101"},{"taxonomy":"product_cat","embeddable":true,"href":"https:\/\/bigbuy.tupique.com\/es\/wp-json\/wp\/v2\/product_cat?post=70101"},{"taxonomy":"product_tag","embeddable":true,"href":"https:\/\/bigbuy.tupique.com\/es\/wp-json\/wp\/v2\/product_tag?post=70101"}],"curies":[{"name":"wp","href":"https:\/\/api.w.org\/{rel}","templated":true}]}}