{"id":69924,"date":"2026-04-02T09:08:19","date_gmt":"2026-04-02T08:08:19","guid":{"rendered":"https:\/\/bigbuy.tupique.com\/produto\/utp-category-6-rigid-network-cable-cisco-qsfp-100g-cu5m\/"},"modified":"2026-04-16T09:05:54","modified_gmt":"2026-04-16T08:05:54","slug":"utp-category-6-rigid-network-cable-cisco-qsfp-100g-cu5m","status":"publish","type":"product","link":"https:\/\/bigbuy.tupique.com\/es\/produto\/utp-category-6-rigid-network-cable-cisco-qsfp-100g-cu5m\/","title":{"rendered":"C\u00e2ble R\u00e9seau Rigide UTP 6\u00e8me Cat\u00e9gorie CISCO QSFP-100G-CU5M="},"content":{"rendered":"<p>Si vous \u00eates passionn\u00e9 d&#8217;<b>informatique et d&#8217;\u00e9lectronique<\/b>, si vous \u00eates \u00e0 la pointe de la technologie et qu&#8217;aucun d\u00e9tail ne vous \u00e9chappe, achetez <b>C\u00e2ble R\u00e9seau Rigide UTP 6\u00e8me Cat\u00e9gorie CISCO QSFP-100G-CU5M=     <\/b> au meilleur prix.<\/p>\n<ul>\n<li>Couleur: Gris<\/li>\n<li>Longueur du c\u00e2ble: 5 m<\/li>\n<li>Type: Prise M\u00e2le\/Prise M\u00e2le<\/li>\n<li>vitesse: 100 Gbps<\/li>\n<\/ul>","protected":false},"excerpt":{"rendered":"<p><span class=\"unit-info\">91.1980 &euro; \/ 1 m<\/span><\/p>","protected":false},"featured_media":69923,"comment_status":"open","ping_status":"closed","template":"","meta":[],"product_brand":[656],"product_cat":[599,598,65],"product_tag":[210],"class_list":{"0":"post-69924","1":"product","2":"type-product","3":"status-publish","4":"has-post-thumbnail","6":"product_brand-brandp_1036","7":"product_cat-cables-de-reseaux","8":"product_cat-informatique-cables-et-adaptateurs","9":"product_cat-informatique-electronique","10":"product_tag-tag_25","12":"first","13":"instock","14":"taxable","15":"shipping-taxable","16":"purchasable","17":"product-type-simple"},"_links":{"self":[{"href":"https:\/\/bigbuy.tupique.com\/es\/wp-json\/wp\/v2\/product\/69924","targetHints":{"allow":["GET"]}}],"collection":[{"href":"https:\/\/bigbuy.tupique.com\/es\/wp-json\/wp\/v2\/product"}],"about":[{"href":"https:\/\/bigbuy.tupique.com\/es\/wp-json\/wp\/v2\/types\/product"}],"replies":[{"embeddable":true,"href":"https:\/\/bigbuy.tupique.com\/es\/wp-json\/wp\/v2\/comments?post=69924"}],"wp:featuredmedia":[{"embeddable":true,"href":"https:\/\/bigbuy.tupique.com\/es\/wp-json\/wp\/v2\/media\/69923"}],"wp:attachment":[{"href":"https:\/\/bigbuy.tupique.com\/es\/wp-json\/wp\/v2\/media?parent=69924"}],"wp:term":[{"taxonomy":"product_brand","embeddable":true,"href":"https:\/\/bigbuy.tupique.com\/es\/wp-json\/wp\/v2\/product_brand?post=69924"},{"taxonomy":"product_cat","embeddable":true,"href":"https:\/\/bigbuy.tupique.com\/es\/wp-json\/wp\/v2\/product_cat?post=69924"},{"taxonomy":"product_tag","embeddable":true,"href":"https:\/\/bigbuy.tupique.com\/es\/wp-json\/wp\/v2\/product_tag?post=69924"}],"curies":[{"name":"wp","href":"https:\/\/api.w.org\/{rel}","templated":true}]}}