{"id":69477,"date":"2026-04-02T06:33:22","date_gmt":"2026-04-02T05:33:22","guid":{"rendered":"https:\/\/bigbuy.tupique.com\/produto\/switch-d-link-dgs-1210-48-e\/"},"modified":"2026-05-11T19:59:19","modified_gmt":"2026-05-11T17:59:19","slug":"switch-d-link-dgs-1210-48-e","status":"publish","type":"product","link":"https:\/\/bigbuy.tupique.com\/es\/produto\/switch-d-link-dgs-1210-48-e\/","title":{"rendered":"Switch D-Link DGS-1210-48\/E"},"content":{"rendered":"<p>Si vous \u00eates passionn\u00e9 d&#8217;<b>informatique et d&#8217;\u00e9lectronique<\/b>, si vous \u00eates \u00e0 la pointe de la technologie et qu&#8217;aucun d\u00e9tail ne vous \u00e9chappe, achetez <b>Switch D-Link DGS-1210-48\/E<\/b> au meilleur prix.<\/p>\n<p>Le <b>DGS-1210-48\/E<\/b> de D-Link est un <b>switch<\/b> administrable haute performance con\u00e7u pour les infrastructures r\u00e9seau professionnelles n\u00e9cessitant une connectivit\u00e9 fiable et \u00e9volutive. Ce mod\u00e8le dispose de <b>48 ports RJ-45<\/b> prenant en charge des vitesses <b>10\/100\/1000 Mbps<\/b>, permettant une gestion efficace du trafic de donn\u00e9es dans les environnements d\u2019entreprise et l\u2019int\u00e9gration fluide de nombreux appareils r\u00e9seau. Il comprend \u00e9galement <b>4 ports suppl\u00e9mentaires<\/b>, g\u00e9n\u00e9ralement utilis\u00e9s pour les liaisons montantes ou les connexions fibre via des modules SFP, facilitant l\u2019expansion du r\u00e9seau et offrant une flexibilit\u00e9 accrue lors du d\u00e9ploiement. Avec une capacit\u00e9 de commutation atteignant <b>1 Gbps par port<\/b>, ce switch supporte un volume \u00e9lev\u00e9 de transfert, adapt\u00e9 aussi bien au trafic de donn\u00e9es intensif qu\u2019aux applications critiques d\u2019entreprise. Son alimentation par <b>secteur<\/b> assure une installation simple et s\u00e9curis\u00e9e dans des racks ou armoires de communication standards. En tant qu\u2019appareil administrable, il permet de configurer et de surveiller des param\u00e8tres r\u00e9seau avanc\u00e9s, essentiels pour optimiser les performances, la s\u00e9curit\u00e9 et la segmentation du r\u00e9seau selon les besoins sp\u00e9cifiques de chaque organisation. Id\u00e9al pour les entreprises de taille moyenne \u00e0 grande recherchant une solution robuste et \u00e9volutive, le DGS-1210-48\/E offre un \u00e9quilibre entre polyvalence, performance et fiabilit\u00e9 pour la gestion des infrastructures r\u00e9seau professionnelles.<\/p>\n<ul>\n<li>Produit \u00e0 brancher: Oui<\/li>\n<li>Type de prise: Prise EU<\/li>\n<li>Type:\n<ul>\n<li>Armoire<\/li>\n<li>Switch<\/li>\n<li>Avec fil<\/li>\n<\/ul>\n<\/li>\n<li>vitesse: 1 Gbps<\/li>\n<li>Ports: 48<\/li>\n<li>Connexions: SFP+ x 4<\/li>\n<li>Couleur: Noir<\/li>\n<li>Ventillateur: 2<\/li>\n<\/ul>","protected":false},"excerpt":{"rendered":"<p>Si vous \u00eates passionn\u00e9 d&#8217;informatique et d&#8217;\u00e9lectronique, si vous \u00eates \u00e0 la pointe de la technologie et qu&#8217;aucun d\u00e9tail ne vous \u00e9chappe, achetez Switch D-Link DGS-1210-48\/E au meilleur prix. Le DGS-1210-48\/E de D-Link est un switch administrable haute performance con\u00e7u pour les infrastructures r\u00e9seau professionnelles n\u00e9cessitant une connectivit\u00e9 fiable et \u00e9volutive. Ce mod\u00e8le dispose de [&hellip;]<\/p>\n","protected":false},"featured_media":69475,"comment_status":"open","ping_status":"closed","template":"","meta":[],"product_brand":[640],"product_cat":[65,584,585],"product_tag":[106],"class_list":{"0":"post-69477","1":"product","2":"type-product","3":"status-publish","4":"has-post-thumbnail","6":"product_brand-brandp_543","7":"product_cat-informatique-electronique","8":"product_cat-informatique-reseaux-et-composants","9":"product_cat-switch","10":"product_tag-tag_1295","12":"first","13":"instock","14":"taxable","15":"shipping-taxable","16":"purchasable","17":"product-type-simple"},"_links":{"self":[{"href":"https:\/\/bigbuy.tupique.com\/es\/wp-json\/wp\/v2\/product\/69477","targetHints":{"allow":["GET"]}}],"collection":[{"href":"https:\/\/bigbuy.tupique.com\/es\/wp-json\/wp\/v2\/product"}],"about":[{"href":"https:\/\/bigbuy.tupique.com\/es\/wp-json\/wp\/v2\/types\/product"}],"replies":[{"embeddable":true,"href":"https:\/\/bigbuy.tupique.com\/es\/wp-json\/wp\/v2\/comments?post=69477"}],"wp:featuredmedia":[{"embeddable":true,"href":"https:\/\/bigbuy.tupique.com\/es\/wp-json\/wp\/v2\/media\/69475"}],"wp:attachment":[{"href":"https:\/\/bigbuy.tupique.com\/es\/wp-json\/wp\/v2\/media?parent=69477"}],"wp:term":[{"taxonomy":"product_brand","embeddable":true,"href":"https:\/\/bigbuy.tupique.com\/es\/wp-json\/wp\/v2\/product_brand?post=69477"},{"taxonomy":"product_cat","embeddable":true,"href":"https:\/\/bigbuy.tupique.com\/es\/wp-json\/wp\/v2\/product_cat?post=69477"},{"taxonomy":"product_tag","embeddable":true,"href":"https:\/\/bigbuy.tupique.com\/es\/wp-json\/wp\/v2\/product_tag?post=69477"}],"curies":[{"name":"wp","href":"https:\/\/api.w.org\/{rel}","templated":true}]}}