{"id":69466,"date":"2026-04-02T06:28:41","date_gmt":"2026-04-02T05:28:41","guid":{"rendered":"https:\/\/bigbuy.tupique.com\/produto\/multifunction-printer-brother-mfcj5955dwre1\/"},"modified":"2026-05-11T19:59:13","modified_gmt":"2026-05-11T17:59:13","slug":"multifunction-printer-brother-mfcj5955dwre1","status":"publish","type":"product","link":"https:\/\/bigbuy.tupique.com\/es\/produto\/multifunction-printer-brother-mfcj5955dwre1\/","title":{"rendered":"Imprimante Multifonction Brother MFCJ5955DWRE1"},"content":{"rendered":"<p>Si vous \u00eates passionn\u00e9 d&#8217;<b>informatique et d&#8217;\u00e9lectronique<\/b>, si vous \u00eates \u00e0 la pointe de la technologie et qu&#8217;aucun d\u00e9tail ne vous \u00e9chappe, achetez <b>Imprimante Multifonction Brother MFCJ5955DWRE1<\/b> au meilleur prix.<\/p>\n<p>La <b>imprimante multifonction<\/b> <b>Brother MFC-J5955DW<\/b> offre une solution professionnelle et efficace pour les bureaux et utilisateurs recherchant une gestion documentaire polyvalente. Ce mod\u00e8le, dot\u00e9 de la <b>technologie jet d\u2019encre<\/b>, permet d\u2019imprimer en <b>couleur<\/b> comme en <b>noir et blanc<\/b> et prend en charge le format <b>A3<\/b>, facilitant la cr\u00e9ation de documents grand format, graphiques et pr\u00e9sentations. Avec une <b>vitesse d\u2019impression<\/b> allant jusqu\u2019\u00e0 <b>30 pages par minute<\/b>, elle r\u00e9pond aux besoins de volume \u00e9lev\u00e9, tandis que les modes inf\u00e9rieurs (16 et 21 ppm) s\u2019adaptent \u00e0 diff\u00e9rents niveaux de qualit\u00e9 ou types de documents. Sa <b>fonction tout-en-un<\/b> combine impression, copie, num\u00e9risation et fax dans un seul appareil, optimisant l\u2019espace de travail et centralisant les flux documentaires. Elle dispose d\u2019un <b>\u00e9cran couleur int\u00e9gr\u00e9<\/b> facilitant la navigation dans les menus et la configuration directe depuis l\u2019appareil, simplifiant l\u2019utilisation quotidienne. Son design robuste en <b>blanc, noir et gris<\/b> s\u2019int\u00e8gre aux environnements professionnels modernes, et la prise en charge du format A3 offre une flexibilit\u00e9 accrue pour l\u2019impression de plans, affiches et supports graphiques. Ce mod\u00e8le est un choix fiable pour ceux qui exigent polyvalence, fiabilit\u00e9 et capacit\u00e9 \u00e0 g\u00e9rer des t\u00e2ches exigeantes au bureau ou en milieu professionnel.<\/p>\n<ul>\n<li>Type:\n<ul>\n<li>Couleur<\/li>\n<li>Imprimante Multifonction<\/li>\n<\/ul>\n<\/li>\n<li>Couleur: Blanc<\/li>\n<li>Caract\u00e9ristiques:\n<ul>\n<li>\u00c9cran integr\u00e9<\/li>\n<li>\u00c9cran couleur<\/li>\n<li>Impression recto verso<\/li>\n<li>Scanner Double Face<\/li>\n<\/ul>\n<\/li>\n<li>Connexions:\n<ul>\n<li>USB 2.0<\/li>\n<li>Ethernet LAN<\/li>\n<li>USB<\/li>\n<\/ul>\n<\/li>\n<li>Technologie: Injection d&#8217;encre<\/li>\n<li>R\u00e9solution d&#8217;image maximale:\n<ul>\n<li>1200 x 4800 dpi<\/li>\n<li>600 x 600 dpi<\/li>\n<\/ul>\n<\/li>\n<li>Produit \u00e0 brancher: Oui<\/li>\n<li>Type de prise: Prise EU<\/li>\n<li>Taille: A3<\/li>\n<li>M\u00e9moire interne: 512 MB<\/li>\n<li>Connectivit\u00e9:\n<ul>\n<li>Wi-Fi<\/li>\n<li>NFC<\/li>\n<\/ul>\n<\/li>\n<li>Capacit\u00e9:\n<ul>\n<li>500 Volets<\/li>\n<li>250 Volets<\/li>\n<\/ul>\n<\/li>\n<li>vitesse:\n<ul>\n<li>16 ppm<\/li>\n<li>21 ppm<\/li>\n<li>30 ppm<\/li>\n<li>10\/100 Mbps<\/li>\n<li>33,6 mbps<\/li>\n<\/ul>\n<\/li>\n<li>Impression couleur: Oui<\/li>\n<li>Scanner: 1200 x 2400 dpi<\/li>\n<li>Ecran: 3,5&#8243;<\/li>\n<li>Impression recto verso: Automatique<\/li>\n<li>Type de commande: Tactile<\/li>\n<li>consommation d&#8217;\u00e9nergie:\n<ul>\n<li>0.9 kWh<\/li>\n<li>6 kWh<\/li>\n<\/ul>\n<\/li>\n<li>Pr\u00e9cision (humidit\u00e9 relative): 20 % &#8211; 80 %<\/li>\n<li>Wi-Fi: Wi-Fi 4 (802.11n)<\/li>\n<li>Utilisation recommand\u00e9e: Maison<\/li>\n<li>Plateau: 2<\/li>\n<li>Dimensions approx.: 10 x 48 x 50 cm<\/li>\n<\/ul>","protected":false},"excerpt":{"rendered":"<p>Si vous \u00eates passionn\u00e9 d&#8217;informatique et d&#8217;\u00e9lectronique, si vous \u00eates \u00e0 la pointe de la technologie et qu&#8217;aucun d\u00e9tail ne vous \u00e9chappe, achetez Imprimante Multifonction Brother MFCJ5955DWRE1 au meilleur prix. La imprimante multifonction Brother MFC-J5955DW offre une solution professionnelle et efficace pour les bureaux et utilisateurs recherchant une gestion documentaire polyvalente. Ce mod\u00e8le, dot\u00e9 de [&hellip;]<\/p>\n","protected":false},"featured_media":69462,"comment_status":"open","ping_status":"closed","template":"","meta":[],"product_brand":[669],"product_cat":[592,65,581],"product_tag":[213,106],"class_list":{"0":"post-69466","1":"product","2":"type-product","3":"status-publish","4":"has-post-thumbnail","6":"product_brand-brandp_538","7":"product_cat-imprimantes","8":"product_cat-informatique-electronique","9":"product_cat-informatique-peripheriques-et-consommables","10":"product_tag-tag_933","11":"product_tag-tag_1295","13":"first","14":"instock","15":"taxable","16":"shipping-taxable","17":"purchasable","18":"product-type-simple"},"_links":{"self":[{"href":"https:\/\/bigbuy.tupique.com\/es\/wp-json\/wp\/v2\/product\/69466","targetHints":{"allow":["GET"]}}],"collection":[{"href":"https:\/\/bigbuy.tupique.com\/es\/wp-json\/wp\/v2\/product"}],"about":[{"href":"https:\/\/bigbuy.tupique.com\/es\/wp-json\/wp\/v2\/types\/product"}],"replies":[{"embeddable":true,"href":"https:\/\/bigbuy.tupique.com\/es\/wp-json\/wp\/v2\/comments?post=69466"}],"wp:featuredmedia":[{"embeddable":true,"href":"https:\/\/bigbuy.tupique.com\/es\/wp-json\/wp\/v2\/media\/69462"}],"wp:attachment":[{"href":"https:\/\/bigbuy.tupique.com\/es\/wp-json\/wp\/v2\/media?parent=69466"}],"wp:term":[{"taxonomy":"product_brand","embeddable":true,"href":"https:\/\/bigbuy.tupique.com\/es\/wp-json\/wp\/v2\/product_brand?post=69466"},{"taxonomy":"product_cat","embeddable":true,"href":"https:\/\/bigbuy.tupique.com\/es\/wp-json\/wp\/v2\/product_cat?post=69466"},{"taxonomy":"product_tag","embeddable":true,"href":"https:\/\/bigbuy.tupique.com\/es\/wp-json\/wp\/v2\/product_tag?post=69466"}],"curies":[{"name":"wp","href":"https:\/\/api.w.org\/{rel}","templated":true}]}}