{"id":68944,"date":"2026-04-02T03:06:52","date_gmt":"2026-04-02T02:06:52","guid":{"rendered":"https:\/\/bigbuy.tupique.com\/produto\/facial-mask-sensai-sensai-ultimate-75-ml\/"},"modified":"2026-04-15T01:27:49","modified_gmt":"2026-04-15T00:27:49","slug":"facial-mask-sensai-sensai-ultimate-75-ml","status":"publish","type":"product","link":"https:\/\/bigbuy.tupique.com\/es\/produto\/facial-mask-sensai-sensai-ultimate-75-ml\/","title":{"rendered":"Masque facial Sensai Sensai Ultimate 75 ml"},"content":{"rendered":"<\/p>\n<p><b>Masque facial Sensai Sensai Ultimate<\/b> est un produit de qualit\u00e9 con\u00e7u pour les personnes exigeantes qui prennent soin de leur image et recherchent les meilleurs cosm\u00e9tiques pour mettre en valeur leur beaut\u00e9. Si vous en faites partie, les produits 100 % originaux <b>Sensai<\/b> sont faits pour vous.<\/p>\n<ul>\n<li>Type:\n<ul>\n<li>Sant\u00e9 et beaut\u00e9<\/li>\n<li>Masque facial<\/li>\n<li>Nuit<\/li>\n<\/ul>\n<\/li>\n<li>Genre:\n<ul>\n<li>Femme<\/li>\n<li>Unisexe<\/li>\n<\/ul>\n<\/li>\n<li>Utilisation recommand\u00e9e: Tous les types de peau<\/li>\n<li>Ingr\u00e9dients:\n<ul>\n<li>Phytosteryl macadamiate<\/li>\n<li>Prunus yedoensis leaf extract<\/li>\n<li>Sodium benzoate<\/li>\n<li>Sodium stearoyl glutamate<\/li>\n<li>Squalane<\/li>\n<li>Stearic acid<\/li>\n<li>Tocopherol<\/li>\n<li>Water (Aqua)<\/li>\n<li>Acetyl glucosamine<\/li>\n<li>Alpha-isomethyl ionone<\/li>\n<li>Ammonium glycyrrhizate<\/li>\n<li>Butylene glycol<\/li>\n<li>Citronellol<\/li>\n<li>Dimethicone<\/li>\n<li>Dipropylene glycol<\/li>\n<li>Disodium edta<\/li>\n<li>Glyceryl stearate<\/li>\n<li>Hamamelis virginiana leaf extract<\/li>\n<li>Hydrogenated polydecene<\/li>\n<li>Hydrolyzed lupine protein<\/li>\n<li>Hydrolyzed silk<\/li>\n<li>Hydroxyethylcellulose<\/li>\n<li>Limonene<\/li>\n<li>Linalool<\/li>\n<li>Nasturtium officinale extract<\/li>\n<li>Niacinamide<\/li>\n<li>Peg-75<\/li>\n<li>Phenoxyethanol<\/li>\n<li>Glycerin<\/li>\n<li>Behenyl alcohol<\/li>\n<li>Benzyl benzoate<\/li>\n<li>Cetearyl alcohol<\/li>\n<li>Geraniol<\/li>\n<li>Alcool<\/li>\n<li>Saxifraga Sarmentosa Extract<\/li>\n<li>Cynara scolymus leaf extract<\/li>\n<li>Parfum<\/li>\n<\/ul>\n<\/li>\n<li>Capacit\u00e9: 75 ml<\/li>\n<\/ul>","protected":false},"excerpt":{"rendered":"<p><span class=\"unit-info\">487.9867 &euro; \/ 100 ml<\/span><\/p>","protected":false},"featured_media":68943,"comment_status":"open","ping_status":"closed","template":"","meta":[],"product_brand":[1680],"product_cat":[1534,769,1495],"product_tag":[722],"class_list":{"0":"post-68944","1":"product","2":"type-product","3":"status-publish","4":"has-post-thumbnail","6":"product_brand-brandp_2492","7":"product_cat-masques-faciaux","8":"product_cat-parfum-cosmetique","9":"product_cat-soin-du-visage","10":"product_tag-tag_923","12":"first","13":"instock","14":"taxable","15":"shipping-taxable","16":"purchasable","17":"product-type-simple"},"_links":{"self":[{"href":"https:\/\/bigbuy.tupique.com\/es\/wp-json\/wp\/v2\/product\/68944","targetHints":{"allow":["GET"]}}],"collection":[{"href":"https:\/\/bigbuy.tupique.com\/es\/wp-json\/wp\/v2\/product"}],"about":[{"href":"https:\/\/bigbuy.tupique.com\/es\/wp-json\/wp\/v2\/types\/product"}],"replies":[{"embeddable":true,"href":"https:\/\/bigbuy.tupique.com\/es\/wp-json\/wp\/v2\/comments?post=68944"}],"wp:featuredmedia":[{"embeddable":true,"href":"https:\/\/bigbuy.tupique.com\/es\/wp-json\/wp\/v2\/media\/68943"}],"wp:attachment":[{"href":"https:\/\/bigbuy.tupique.com\/es\/wp-json\/wp\/v2\/media?parent=68944"}],"wp:term":[{"taxonomy":"product_brand","embeddable":true,"href":"https:\/\/bigbuy.tupique.com\/es\/wp-json\/wp\/v2\/product_brand?post=68944"},{"taxonomy":"product_cat","embeddable":true,"href":"https:\/\/bigbuy.tupique.com\/es\/wp-json\/wp\/v2\/product_cat?post=68944"},{"taxonomy":"product_tag","embeddable":true,"href":"https:\/\/bigbuy.tupique.com\/es\/wp-json\/wp\/v2\/product_tag?post=68944"}],"curies":[{"name":"wp","href":"https:\/\/api.w.org\/{rel}","templated":true}]}}