{"id":68643,"date":"2026-04-02T02:41:29","date_gmt":"2026-04-02T01:41:29","guid":{"rendered":"https:\/\/bigbuy.tupique.com\/produto\/induction-hot-plate-bosch-pcp6a5i90-60-cm\/"},"modified":"2026-04-15T08:10:19","modified_gmt":"2026-04-15T07:10:19","slug":"induction-hot-plate-bosch-pcp6a5i90-60-cm","status":"publish","type":"product","link":"https:\/\/bigbuy.tupique.com\/es\/produto\/induction-hot-plate-bosch-pcp6a5i90-60-cm\/","title":{"rendered":"Plaque \u00e0 Induction BOSCH PCP6A5I90 60 cm"},"content":{"rendered":"<p>Si vous pensez r\u00e9nover votre cuisine, achetez <b>Plaque \u00e0 Induction BOSCH PCP6A5I90 60 cm<\/b> et d\u00b4autres <b>produits BOSCH<\/b> !<\/p>\n<p>La <b>plaque \u00e0 induction<\/b> int\u00e9gr\u00e9e BOSCH S\u00e9rie 6 PCP6A5I90 offre un design moderne et fonctionnel en finition <b>acier inoxydable<\/b>, id\u00e9ale pour les cuisines contemporaines recherchant efficacit\u00e9 et durabilit\u00e9. Cette plaque dispose de <b>4 zones de cuisson<\/b>, permettant une cuisson simultan\u00e9e et pr\u00e9cise gr\u00e2ce \u00e0 la technologie induction, qui garantit un chauffage rapide et une r\u00e9partition homog\u00e8ne de la chaleur, optimisant la consommation d\u2019\u00e9nergie. Ses dimensions compactes de <b>52 x 58,2 x 4,5 cm<\/b> facilitent l\u2019installation dans des espaces int\u00e9gr\u00e9s sans r\u00e9duire la surface utile de cuisson. Le choix de l\u2019acier comme mat\u00e9riau apporte un aspect \u00e9l\u00e9gant et professionnel tout en facilitant le nettoyage et l\u2019entretien quotidien. L\u2019int\u00e9gration de cette plaque dans le plan de travail cr\u00e9e une surface continue et uniforme, contribuant \u00e0 une esth\u00e9tique minimaliste et un confort d\u2019utilisation accru. Le mod\u00e8le PCP6A5I90, d\u2019une marque reconnue comme BOSCH, assure fiabilit\u00e9 et technologie avanc\u00e9e dans un appareil con\u00e7u pour ceux qui valorisent pr\u00e9cision et contr\u00f4le total en cuisine. En r\u00e9sum\u00e9, cette plaque \u00e0 induction allie qualit\u00e9, design et fonctionnalit\u00e9 pour les utilisateurs exigeant un \u00e9quipement performant et durable dans leur espace culinaire.<\/p>\n<ul>\n<li>Type:\n<ul>\n<li>Plaque \u00e0 Induction<\/li>\n<li>Int\u00e9gr\u00e9<\/li>\n<\/ul>\n<\/li>\n<li>Type de prise: Prise EU<\/li>\n<li>Produit \u00e0 brancher: Oui<\/li>\n<li>Couleur:\n<ul>\n<li>Gris<\/li>\n<li>Acier<\/li>\n<\/ul>\n<\/li>\n<li>Type d&#8217;installation: Encastrable<\/li>\n<li>Profondeur: 52 cm<\/li>\n<li>Zones de cuisson: 4<\/li>\n<li>Mati\u00e8re: Acier inoxydable<\/li>\n<li>Largeur: 60 cm<\/li>\n<li>Forme: Rond<\/li>\n<li>Longueur du c\u00e2ble: 1 m<\/li>\n<li>Fr\u00e9quence d&#8217;entr\u00e9e AC: 50-60 Hz<\/li>\n<li>Tension: 220-240 V<\/li>\n<li>Long: 52 cm<\/li>\n<li>\u00c9cran integr\u00e9: Non<\/li>\n<li>Design: Sans cadre<\/li>\n<li>Bloc d\u2019Alimentation: Gaz<\/li>\n<\/ul>","protected":false},"excerpt":{"rendered":"<p>Si vous pensez r\u00e9nover votre cuisine, achetez Plaque \u00e0 Induction BOSCH PCP6A5I90 60 cm et d\u00b4autres produits BOSCH ! La plaque \u00e0 induction int\u00e9gr\u00e9e BOSCH S\u00e9rie 6 PCP6A5I90 offre un design moderne et fonctionnel en finition acier inoxydable, id\u00e9ale pour les cuisines contemporaines recherchant efficacit\u00e9 et durabilit\u00e9. Cette plaque dispose de 4 zones de cuisson, [&hellip;]<\/p>\n","protected":false},"featured_media":68627,"comment_status":"open","ping_status":"closed","template":"","meta":[],"product_brand":[162],"product_cat":[60,77,78],"product_tag":[55,56],"class_list":{"0":"post-68643","1":"product","2":"type-product","3":"status-publish","4":"has-post-thumbnail","6":"product_brand-brandp_959","7":"product_cat-cuisine-gourmet","8":"product_cat-petit-electromenager","9":"product_cat-plaques-de-cuisson","10":"product_tag-tag_926","11":"product_tag-tag_930","13":"first","14":"instock","15":"taxable","16":"shipping-taxable","17":"purchasable","18":"product-type-simple"},"_links":{"self":[{"href":"https:\/\/bigbuy.tupique.com\/es\/wp-json\/wp\/v2\/product\/68643","targetHints":{"allow":["GET"]}}],"collection":[{"href":"https:\/\/bigbuy.tupique.com\/es\/wp-json\/wp\/v2\/product"}],"about":[{"href":"https:\/\/bigbuy.tupique.com\/es\/wp-json\/wp\/v2\/types\/product"}],"replies":[{"embeddable":true,"href":"https:\/\/bigbuy.tupique.com\/es\/wp-json\/wp\/v2\/comments?post=68643"}],"wp:featuredmedia":[{"embeddable":true,"href":"https:\/\/bigbuy.tupique.com\/es\/wp-json\/wp\/v2\/media\/68627"}],"wp:attachment":[{"href":"https:\/\/bigbuy.tupique.com\/es\/wp-json\/wp\/v2\/media?parent=68643"}],"wp:term":[{"taxonomy":"product_brand","embeddable":true,"href":"https:\/\/bigbuy.tupique.com\/es\/wp-json\/wp\/v2\/product_brand?post=68643"},{"taxonomy":"product_cat","embeddable":true,"href":"https:\/\/bigbuy.tupique.com\/es\/wp-json\/wp\/v2\/product_cat?post=68643"},{"taxonomy":"product_tag","embeddable":true,"href":"https:\/\/bigbuy.tupique.com\/es\/wp-json\/wp\/v2\/product_tag?post=68643"}],"curies":[{"name":"wp","href":"https:\/\/api.w.org\/{rel}","templated":true}]}}