{"id":68550,"date":"2026-04-02T02:30:33","date_gmt":"2026-04-02T01:30:33","guid":{"rendered":"https:\/\/bigbuy.tupique.com\/produto\/dreame-robot-vacuum-x50-ultra-complete-700w-6400mah-20000pa-wifi-app-control\/"},"modified":"2026-04-15T19:25:10","modified_gmt":"2026-04-15T18:25:10","slug":"dreame-robot-vacuum-x50-ultra-complete-700w-6400mah-20000pa-wifi-app-control","status":"publish","type":"product","link":"https:\/\/bigbuy.tupique.com\/es\/produto\/dreame-robot-vacuum-x50-ultra-complete-700w-6400mah-20000pa-wifi-app-control\/","title":{"rendered":"Aspirateur Robot Dreame X50 Ultra Complet 700W 6400mAh 20000Pa WiFi et App"},"content":{"rendered":"<p>Si vous \u00eates \u00e0 la recherche de nouvelles tendances sur le march\u00e9, nous vous pr\u00e9sentons <b>Aspirateur robot Dreame X50 Ultra Complete 6400 mAh<\/b> !<\/p>\n<p>Le <b>Robot Aspirateur<\/b> <b>Dreame X50 Ultra Complete<\/b> est une solution intelligente et efficace pour le nettoyage automatis\u00e9 de la maison, int\u00e9grant une technologie avanc\u00e9e et des performances \u00e9lev\u00e9es en aspiration et gestion des d\u00e9chets. Ce mod\u00e8le est disponible en <b>blanc et noir<\/b>, s\u2019adaptant \u00e0 diff\u00e9rents styles et d\u00e9cors int\u00e9rieurs, et dispose d\u2019une <b>puissance de 700 W<\/b> assurant une aspiration efficace sur diverses surfaces, des sols durs aux tapis \u00e0 poils courts. Il est \u00e9quip\u00e9 de plusieurs r\u00e9servoirs pour optimiser ses fonctions : un <b>r\u00e9servoir \u00e0 poussi\u00e8re de 400 ml<\/b> adapt\u00e9 \u00e0 la collecte des d\u00e9chets solides \u00e0 chaque cycle, un <b>r\u00e9servoir d\u2019eau de 60 ml<\/b> d\u00e9di\u00e9 \u00e0 la fonction lavage, et une <b>station de base \u00e0 vidange automatique de 3,2 litres<\/b> permettant de stocker la salet\u00e9 plus longtemps sans vidange fr\u00e9quente. Ce robot est <b>facile \u00e0 nettoyer<\/b>, simplifiant l\u2019entretien quotidien et garantissant des performances optimales. La connexion <b>Wi-Fi<\/b> permet de contr\u00f4ler l\u2019appareil \u00e0 distance via une application mobile, de programmer les horaires, de g\u00e9rer les modes et de consulter les rapports o\u00f9 que vous soyez. Sa batterie rechargeable offre une autonomie suffisante pour nettoyer de grandes surfaces en une seule session, avec retour automatique \u00e0 la base pour la recharge si n\u00e9cessaire. Gr\u00e2ce \u00e0 son design efficace et \u00e0 ses fonctionnalit\u00e9s pens\u00e9es pour simplifier la routine domestique, le Dreame X50 Ultra Complete est une option avanc\u00e9e pour ceux qui recherchent un nettoyage automatis\u00e9 et une connectivit\u00e9 r\u00e9unis dans un seul appareil.<\/p>\n<ul>\n<li>Type de prise: Prise EU<\/li>\n<li>Produit \u00e0 brancher: Oui<\/li>\n<li>Type de batterie: Rechargeable<\/li>\n<li>Connectivit\u00e9: Wi-Fi<\/li>\n<li>puissance:\n<ul>\n<li>700 W<\/li>\n<li>75 W<\/li>\n<\/ul>\n<\/li>\n<li>Capacit\u00e9:\n<ul>\n<li>60 ml<\/li>\n<li>400 ml<\/li>\n<li>3,2 L<\/li>\n<\/ul>\n<\/li>\n<li>Fr\u00e9quence: 50 &#8211; 60 Hz<\/li>\n<li>Filtre: Oui<\/li>\n<li>Caract\u00e9ristiques:\n<ul>\n<li>Sans sac<\/li>\n<li>Facile \u00e0 nettoyer<\/li>\n<li>Voyant lumineux<\/li>\n<li>D\u00e9tecte les obstacles<\/li>\n<\/ul>\n<\/li>\n<li>diam\u00e8tre approx.: 35 cm<\/li>\n<li>Fonctions: Frott\u00e9<\/li>\n<li>Bloc d\u2019Alimentation:\n<ul>\n<li>r\u00e9seau \u00e9lectrique<\/li>\n<li>Batterie<\/li>\n<\/ul>\n<\/li>\n<li>Couleur:\n<ul>\n<li>Blanc<\/li>\n<li>Noir<\/li>\n<\/ul>\n<\/li>\n<li>Compatible: Amazon Alexa<\/li>\n<li>Inclut: Manuel de l&#8217;utilisateur<\/li>\n<li>Capacit\u00e9 de la batterie: 6400 mAh<\/li>\n<li>Aspiration: 20000 Pa<\/li>\n<\/ul>","protected":false},"excerpt":{"rendered":"<p>Si vous \u00eates \u00e0 la recherche de nouvelles tendances sur le march\u00e9, nous vous pr\u00e9sentons Aspirateur robot Dreame X50 Ultra Complete 6400 mAh ! Le Robot Aspirateur Dreame X50 Ultra Complete est une solution intelligente et efficace pour le nettoyage automatis\u00e9 de la maison, int\u00e9grant une technologie avanc\u00e9e et des performances \u00e9lev\u00e9es en aspiration et [&hellip;]<\/p>\n","protected":false},"featured_media":68514,"comment_status":"open","ping_status":"closed","template":"","meta":[],"product_brand":[860],"product_cat":[762,239,240],"product_tag":[56],"class_list":{"0":"post-68550","1":"product","2":"type-product","3":"status-publish","4":"has-post-thumbnail","6":"product_brand-brandp_4590","7":"product_cat-aspirateurs-et-robots","8":"product_cat-maison-jardin","9":"product_cat-nettoyage-aspirateur-et-repassage","10":"product_tag-tag_930","12":"first","13":"instock","14":"taxable","15":"shipping-taxable","16":"purchasable","17":"product-type-simple"},"_links":{"self":[{"href":"https:\/\/bigbuy.tupique.com\/es\/wp-json\/wp\/v2\/product\/68550","targetHints":{"allow":["GET"]}}],"collection":[{"href":"https:\/\/bigbuy.tupique.com\/es\/wp-json\/wp\/v2\/product"}],"about":[{"href":"https:\/\/bigbuy.tupique.com\/es\/wp-json\/wp\/v2\/types\/product"}],"replies":[{"embeddable":true,"href":"https:\/\/bigbuy.tupique.com\/es\/wp-json\/wp\/v2\/comments?post=68550"}],"wp:featuredmedia":[{"embeddable":true,"href":"https:\/\/bigbuy.tupique.com\/es\/wp-json\/wp\/v2\/media\/68514"}],"wp:attachment":[{"href":"https:\/\/bigbuy.tupique.com\/es\/wp-json\/wp\/v2\/media?parent=68550"}],"wp:term":[{"taxonomy":"product_brand","embeddable":true,"href":"https:\/\/bigbuy.tupique.com\/es\/wp-json\/wp\/v2\/product_brand?post=68550"},{"taxonomy":"product_cat","embeddable":true,"href":"https:\/\/bigbuy.tupique.com\/es\/wp-json\/wp\/v2\/product_cat?post=68550"},{"taxonomy":"product_tag","embeddable":true,"href":"https:\/\/bigbuy.tupique.com\/es\/wp-json\/wp\/v2\/product_tag?post=68550"}],"curies":[{"name":"wp","href":"https:\/\/api.w.org\/{rel}","templated":true}]}}