{"id":68265,"date":"2026-04-02T02:12:50","date_gmt":"2026-04-02T01:12:50","guid":{"rendered":"https:\/\/bigbuy.tupique.com\/produto\/sports-camera-insta360-insta360-x4-black-25\/"},"modified":"2026-04-15T08:10:10","modified_gmt":"2026-04-15T07:10:10","slug":"sports-camera-insta360-insta360-x4-black-25","status":"publish","type":"product","link":"https:\/\/bigbuy.tupique.com\/es\/produto\/sports-camera-insta360-insta360-x4-black-25\/","title":{"rendered":"Cam\u00e9ra de sport Insta360 INSTA360 X4 Noir 2,5&#8243;"},"content":{"rendered":"<p>Si vous \u00eates passionn\u00e9 d&#8217;<b>informatique et d&#8217;\u00e9lectronique<\/b>, si vous \u00eates \u00e0 la pointe de la technologie et qu&#8217;aucun d\u00e9tail ne vous \u00e9chappe, achetez <b>Cam\u00e9ra de sport Insta360 INSTA360 X4 Noir 2,5&#8243;<\/b> au meilleur prix.<\/p>\n<p>La <b>INSTA360 X4<\/b> d\u2019Insta360 est une <b>cam\u00e9ra sportive<\/b> avanc\u00e9e con\u00e7ue pour capturer des aventures avec des images de haute qualit\u00e9 et une flexibilit\u00e9 maximale, ce qui en fait un choix de premier plan pour les amateurs comme pour les professionnels de la vid\u00e9o sociale et sportive. Ce mod\u00e8le offre une impressionnante <b>r\u00e9solution 8K Ultra HD<\/b>, garantissant des d\u00e9tails nets et des couleurs \u00e9clatantes pour des prises de vue immersives et r\u00e9alistes dans divers environnements. Son <b>\u00e9cran tactile LCD<\/b> facilite la navigation et le r\u00e9glage imm\u00e9diat des param\u00e8tres, aidant \u00e0 composer la prise parfaite \u00e0 tout moment. Fabriqu\u00e9e en <b>plastique r\u00e9sistant<\/b> avec une finition <b>noire<\/b>, la cam\u00e9ra pr\u00e9sente un design compact et robuste, id\u00e9al pour r\u00e9sister aux conditions ext\u00e9rieures. Elle int\u00e8gre un <b>audio st\u00e9r\u00e9o<\/b> pour capter clairement l\u2019ambiance sonore, am\u00e9liorant la qualit\u00e9 des vid\u00e9os enregistr\u00e9es. Dot\u00e9e du <b>Bluetooth<\/b> et du <b>Wi-Fi<\/b>, elle permet un transfert de fichiers facile et un contr\u00f4le \u00e0 distance depuis des appareils mobiles, ainsi qu\u2019une <b>connexion USB-C<\/b> assurant une charge efficace et la compatibilit\u00e9 avec de nombreux accessoires. Sa polyvalence et sa technologie avanc\u00e9e en font une r\u00e9f\u00e9rence parmi les cam\u00e9ras sportives pour ceux qui recherchent des r\u00e9sultats de haut niveau lors d\u2019activit\u00e9s en plein air ou de prises de vue en mouvement.<\/p>\n<ul>\n<li>Produit \u00e0 brancher: Oui<\/li>\n<li>Type de prise: Prise EU<\/li>\n<li>Type:\n<ul>\n<li>Cam\u00e9ra de sport<\/li>\n<li>St\u00e9r\u00e9o<\/li>\n<\/ul>\n<\/li>\n<li>Bloc d\u2019Alimentation:\n<ul>\n<li>r\u00e9seau \u00e9lectrique<\/li>\n<li>Batterie<\/li>\n<\/ul>\n<\/li>\n<li>Couleur: Noir<\/li>\n<li>Caract\u00e9ristiques:\n<ul>\n<li>Ecran tactile<\/li>\n<li>\u00c9cran integr\u00e9<\/li>\n<li>\u00c9cran LCD<\/li>\n<li>Gyroscope<\/li>\n<li>Microphone int\u00e9gr\u00e9<\/li>\n<\/ul>\n<\/li>\n<li>Connexions:\n<ul>\n<li>USB-C<\/li>\n<li>USB<\/li>\n<\/ul>\n<\/li>\n<li>Connectivit\u00e9:\n<ul>\n<li>Bluetooth<\/li>\n<li>Wi-Fi<\/li>\n<li>Bluetooth 5.2<\/li>\n<\/ul>\n<\/li>\n<li>Technologie: LCD<\/li>\n<li>Batterie: Oui<\/li>\n<li>Mati\u00e8re: Plastique<\/li>\n<li>Type de batterie:\n<ul>\n<li>Int\u00e9gr\u00e9e<\/li>\n<li>Litio Ion<\/li>\n<\/ul>\n<\/li>\n<li>Ecran: 2,5&#8243;<\/li>\n<li>Compatible: Android, iOS<\/li>\n<li>Capteur: CMOS<\/li>\n<li>Taille maximale de la carte m\u00e9moire: 1 TB<\/li>\n<li>R\u00e9solution: 8K Ultra HD<\/li>\n<li>Largeur: 15 cm<\/li>\n<li>Cartes M\u00e9moire Compatibles: MicroSD (TransFlash)<\/li>\n<li>Classification IP: IPX8<\/li>\n<\/ul>","protected":false},"excerpt":{"rendered":"<p>Si vous \u00eates passionn\u00e9 d&#8217;informatique et d&#8217;\u00e9lectronique, si vous \u00eates \u00e0 la pointe de la technologie et qu&#8217;aucun d\u00e9tail ne vous \u00e9chappe, achetez Cam\u00e9ra de sport Insta360 INSTA360 X4 Noir 2,5&#8243; au meilleur prix. La INSTA360 X4 d\u2019Insta360 est une cam\u00e9ra sportive avanc\u00e9e con\u00e7ue pour capturer des aventures avec des images de haute qualit\u00e9 et [&hellip;]<\/p>\n","protected":false},"featured_media":68260,"comment_status":"open","ping_status":"closed","template":"","meta":[],"product_brand":[1307],"product_cat":[1281,600,65],"product_tag":[571,163],"class_list":{"0":"post-68265","1":"product","2":"type-product","3":"status-publish","4":"has-post-thumbnail","6":"product_brand-brandp_2530","7":"product_cat-appareils-photo-sport","8":"product_cat-electronique-photo-et-video","9":"product_cat-informatique-electronique","10":"product_tag-tag_27","11":"product_tag-tag_17","13":"first","14":"instock","15":"taxable","16":"shipping-taxable","17":"purchasable","18":"product-type-simple"},"_links":{"self":[{"href":"https:\/\/bigbuy.tupique.com\/es\/wp-json\/wp\/v2\/product\/68265","targetHints":{"allow":["GET"]}}],"collection":[{"href":"https:\/\/bigbuy.tupique.com\/es\/wp-json\/wp\/v2\/product"}],"about":[{"href":"https:\/\/bigbuy.tupique.com\/es\/wp-json\/wp\/v2\/types\/product"}],"replies":[{"embeddable":true,"href":"https:\/\/bigbuy.tupique.com\/es\/wp-json\/wp\/v2\/comments?post=68265"}],"wp:featuredmedia":[{"embeddable":true,"href":"https:\/\/bigbuy.tupique.com\/es\/wp-json\/wp\/v2\/media\/68260"}],"wp:attachment":[{"href":"https:\/\/bigbuy.tupique.com\/es\/wp-json\/wp\/v2\/media?parent=68265"}],"wp:term":[{"taxonomy":"product_brand","embeddable":true,"href":"https:\/\/bigbuy.tupique.com\/es\/wp-json\/wp\/v2\/product_brand?post=68265"},{"taxonomy":"product_cat","embeddable":true,"href":"https:\/\/bigbuy.tupique.com\/es\/wp-json\/wp\/v2\/product_cat?post=68265"},{"taxonomy":"product_tag","embeddable":true,"href":"https:\/\/bigbuy.tupique.com\/es\/wp-json\/wp\/v2\/product_tag?post=68265"}],"curies":[{"name":"wp","href":"https:\/\/api.w.org\/{rel}","templated":true}]}}