{"id":67599,"date":"2026-04-02T00:58:25","date_gmt":"2026-04-01T23:58:25","guid":{"rendered":"https:\/\/bigbuy.tupique.com\/produto\/conventional-hood-cata-corona-x80-b-steel\/"},"modified":"2026-04-15T21:10:45","modified_gmt":"2026-04-15T20:10:45","slug":"conventional-hood-cata-corona-x80-b-steel","status":"publish","type":"product","link":"https:\/\/bigbuy.tupique.com\/es\/produto\/conventional-hood-cata-corona-x80-b-steel\/","title":{"rendered":"Hotte standard Cata CORONA X80\/B Acier"},"content":{"rendered":"<p>Si vous pensez r\u00e9nover votre cuisine, achetez <b>Hotte standard Cata CORONA X80\/B Acier<\/b> et d\u00b4autres <b>produits Cata<\/b> !<\/p>\n<p>La <b>HOTTE CONVENTIONNELLE CORONA X80\/B<\/b> de <b>Cata<\/b> est une solution efficace et pratique pour la ventilation des cuisines domestiques, con\u00e7ue pour offrir un environnement propre et sans odeurs. Avec une largeur d\u2019environ <b>80 cm<\/b>, cette hotte s\u2019adapte aux cuisines de taille moyenne, facilitant une installation standard qui maximise l\u2019extraction des fum\u00e9es et vapeurs. Elle dispose d\u2019une <b>puissance de 283 W<\/b>, permettant d\u2019atteindre une <b>capacit\u00e9 maximale d\u2019extraction jusqu\u2019\u00e0 850 m\u00b3\/h<\/b>, garantissant une purification rapide et efficace de l\u2019air. Cette capacit\u00e9 est r\u00e9glable via <b>3 vitesses plus une suppl\u00e9mentaire<\/b>, permettant d\u2019ajuster le niveau d\u2019extraction selon l\u2019intensit\u00e9 de la cuisson. De plus, elle est \u00e9quip\u00e9e de <b>deux filtres m\u00e9talliques anti-graisse<\/b> qui facilitent le nettoyage et l\u2019entretien, augmentant la durabilit\u00e9 et l\u2019efficacit\u00e9 de l\u2019appareil. La hotte b\u00e9n\u00e9ficie d\u2019une <b>classe \u00e9nerg\u00e9tique A<\/b>, soulignant son efficacit\u00e9 et sa contribution \u00e0 l\u2019\u00e9conomie d\u2019\u00e9nergie, un aspect important pour le confort et les \u00e9conomies \u00e0 la maison. Sa finition en <b>acier inoxydable<\/b> offre un design moderne et durable, r\u00e9sistant \u00e0 la corrosion et facile \u00e0 int\u00e9grer dans diff\u00e9rents styles de cuisine. L\u2019\u00e9clairage LED int\u00e9gr\u00e9 apporte une lumi\u00e8re claire et efficace sur la zone de cuisson, am\u00e9liorant la visibilit\u00e9 sans augmenter la consommation \u00e9nerg\u00e9tique. En r\u00e9sum\u00e9, la <b>hotte conventionnelle CORONA X80\/B<\/b> repr\u00e9sente un \u00e9quilibre entre puissance, fonctionnalit\u00e9 et efficacit\u00e9, id\u00e9ale pour les utilisateurs recherchant une extraction efficace avec une faible consommation et un entretien simple dans leur cuisine.<\/p>\n<ul>\n<li>Type de prise: Prise EU<\/li>\n<li>Produit \u00e0 brancher: Oui<\/li>\n<li>Type: Hotte standard<\/li>\n<li>Bloc d\u2019Alimentation: r\u00e9seau \u00e9lectrique<\/li>\n<li>Couleur: Acier<\/li>\n<li>Largeur: 80 cm<\/li>\n<li>Classification \u00e9nerg\u00e9tique: A<\/li>\n<li>puissance: 283 W<\/li>\n<li>Type d&#8217;ampoule: LED<\/li>\n<li>Filtres:\n<ul>\n<li>2<\/li>\n<li>M\u00e9tal<\/li>\n<\/ul>\n<\/li>\n<li>Capacit\u00e9 d\u2019extraction: 850 m3\/h<\/li>\n<\/ul>","protected":false},"excerpt":{"rendered":"<p>Si vous pensez r\u00e9nover votre cuisine, achetez Hotte standard Cata CORONA X80\/B Acier et d\u00b4autres produits Cata ! La HOTTE CONVENTIONNELLE CORONA X80\/B de Cata est une solution efficace et pratique pour la ventilation des cuisines domestiques, con\u00e7ue pour offrir un environnement propre et sans odeurs. Avec une largeur d\u2019environ 80 cm, cette hotte s\u2019adapte [&hellip;]<\/p>\n","protected":false},"featured_media":67596,"comment_status":"open","ping_status":"closed","template":"","meta":[],"product_brand":[155],"product_cat":[60,61,62],"product_tag":[56],"class_list":{"0":"post-67599","1":"product","2":"type-product","3":"status-publish","4":"has-post-thumbnail","6":"product_brand-brandp_1208","7":"product_cat-cuisine-gourmet","8":"product_cat-equipement-de-cuisine","9":"product_cat-hottes-de-cuisine","10":"product_tag-tag_930","12":"first","13":"instock","14":"taxable","15":"shipping-taxable","16":"purchasable","17":"product-type-simple"},"_links":{"self":[{"href":"https:\/\/bigbuy.tupique.com\/es\/wp-json\/wp\/v2\/product\/67599","targetHints":{"allow":["GET"]}}],"collection":[{"href":"https:\/\/bigbuy.tupique.com\/es\/wp-json\/wp\/v2\/product"}],"about":[{"href":"https:\/\/bigbuy.tupique.com\/es\/wp-json\/wp\/v2\/types\/product"}],"replies":[{"embeddable":true,"href":"https:\/\/bigbuy.tupique.com\/es\/wp-json\/wp\/v2\/comments?post=67599"}],"wp:featuredmedia":[{"embeddable":true,"href":"https:\/\/bigbuy.tupique.com\/es\/wp-json\/wp\/v2\/media\/67596"}],"wp:attachment":[{"href":"https:\/\/bigbuy.tupique.com\/es\/wp-json\/wp\/v2\/media?parent=67599"}],"wp:term":[{"taxonomy":"product_brand","embeddable":true,"href":"https:\/\/bigbuy.tupique.com\/es\/wp-json\/wp\/v2\/product_brand?post=67599"},{"taxonomy":"product_cat","embeddable":true,"href":"https:\/\/bigbuy.tupique.com\/es\/wp-json\/wp\/v2\/product_cat?post=67599"},{"taxonomy":"product_tag","embeddable":true,"href":"https:\/\/bigbuy.tupique.com\/es\/wp-json\/wp\/v2\/product_tag?post=67599"}],"curies":[{"name":"wp","href":"https:\/\/api.w.org\/{rel}","templated":true}]}}