{"id":67277,"date":"2026-04-01T23:28:18","date_gmt":"2026-04-01T22:28:18","guid":{"rendered":"https:\/\/bigbuy.tupique.com\/produto\/anti-ageing-hydrating-cream-helena-rubinstein-re-plasty-100-ml\/"},"modified":"2026-04-16T06:31:16","modified_gmt":"2026-04-16T05:31:16","slug":"anti-ageing-hydrating-cream-helena-rubinstein-re-plasty-100-ml","status":"publish","type":"product","link":"https:\/\/bigbuy.tupique.com\/es\/produto\/anti-ageing-hydrating-cream-helena-rubinstein-re-plasty-100-ml\/","title":{"rendered":"Cr\u00e8me hydratante anti-\u00e2ge Helena Rubinstein RE-PLASTY 100 ml"},"content":{"rendered":"<\/p>\n<p><b>Cr\u00e8me hydratante anti-\u00e2ge Helena Rubinstein RE-PLASTY 100 ml<\/b> est un produit de qualit\u00e9 con\u00e7u pour les personnes exigeantes qui prennent soin de leur image et recherchent les meilleurs cosm\u00e9tiques pour mettre en valeur leur beaut\u00e9. Si vous en faites partie, les produits 100 % originaux <b>Helena Rubinstein<\/b> sont faits pour vous.<\/p>\n<p>La <b>RE-PLASTY de Helena Rubinstein<\/b> est une <b>cr\u00e8me hydratante anti-\u00e2ge<\/b> sp\u00e9cialement formul\u00e9e pour r\u00e9pondre aux besoins des peaux s\u00e8ches et sensibles, alliant l\u2019engagement de la marque envers l\u2019innovation cosm\u00e9tique et l\u2019expertise dermatologique avanc\u00e9e. Pr\u00e9sent\u00e9e dans un format g\u00e9n\u00e9reux de <b>100 ml<\/b>, cette cr\u00e8me est fabriqu\u00e9e en <b>France<\/b>, refl\u00e9tant le standard de qualit\u00e9 et la tradition cosm\u00e9tique de la r\u00e9gion. Sa formule onctueuse int\u00e8gre de l\u2019<b>acide hyaluronique<\/b>, reconnu pour sa capacit\u00e9 \u00e0 retenir l\u2019hydratation et \u00e0 repulper la peau, contribuant \u00e0 lisser visiblement les rides et \u00e0 restaurer l\u2019\u00e9lasticit\u00e9 cutan\u00e9e. Sa texture riche et confortable procure un soulagement imm\u00e9diat et durable contre la s\u00e9cheresse, offrant un confort quotidien et renfor\u00e7ant la barri\u00e8re naturelle de la peau. Adapt\u00e9e aux <b>femmes<\/b> recherchant une solution anti-\u00e2ge efficace, son utilisation quotidienne favorise la r\u00e9cup\u00e9ration de l\u2019\u00e9clat, de l\u2019uniformit\u00e9 et de la vitalit\u00e9, m\u00eame pour les peaux les plus d\u00e9licates. Gr\u00e2ce \u00e0 sa tol\u00e9rance et son efficacit\u00e9, elle est id\u00e9ale pour celles qui souhaitent traiter les signes du vieillissement tout en maintenant la peau hydrat\u00e9e et prot\u00e9g\u00e9e. Ce soin illustre l\u2019approche rigoureuse et scientifique de Helena Rubinstein en mati\u00e8re de soins du visage, s\u2019imposant comme une r\u00e9f\u00e9rence dans le segment premium de la dermocosm\u00e9tique anti-\u00e2ge.<\/p>\n<ul>\n<li>Type: Cr\u00e8me de jour<\/li>\n<li>Genre: Femme<\/li>\n<li>Texture: Cr\u00e8me<\/li>\n<li>Contient: Acide Hyaluronique<\/li>\n<li>Utilisation recommand\u00e9e:\n<ul>\n<li>Peau s\u00e8che<\/li>\n<li>Peau sensible<\/li>\n<\/ul>\n<\/li>\n<li>Ingr\u00e9dients:\n<ul>\n<li>Polymnia sonchifolia root juice<\/li>\n<li>Ppg-26-buteth-26<\/li>\n<li>Trisodium ethylenediamine disuccinate<\/li>\n<li>Water (Aqua)<\/li>\n<li>Zinc pca<\/li>\n<li>Alpha-glucan oligosaccharide<\/li>\n<li>Chlorphenesin<\/li>\n<li>Citric acid<\/li>\n<li>Crithmum maritimum extract<\/li>\n<li>Hydrogenated castor oil<\/li>\n<li>Lactobacillus<\/li>\n<li>Moringa oleifera seed extract<\/li>\n<li>Glycerin<\/li>\n<li>Acide Hyaluronique<\/li>\n<li>Vitamine B3<\/li>\n<li>Caprylic\/capric triglyceride<\/li>\n<li>Niacinamide<\/li>\n<\/ul>\n<\/li>\n<li>Capacit\u00e9: 100 ml<\/li>\n<\/ul>","protected":false},"excerpt":{"rendered":"<p><span class=\"unit-info\">434.9900 &euro; \/ 100 ml<\/span><\/p>","protected":false},"featured_media":67276,"comment_status":"open","ping_status":"closed","template":"","meta":[],"product_brand":[1530],"product_cat":[1503,769,1495],"product_tag":[722],"class_list":{"0":"post-67277","1":"product","2":"type-product","3":"status-publish","4":"has-post-thumbnail","6":"product_brand-brandp_392","7":"product_cat-cremes-anti-rides-et-hydratantes","8":"product_cat-parfum-cosmetique","9":"product_cat-soin-du-visage","10":"product_tag-tag_923","12":"first","13":"instock","14":"taxable","15":"shipping-taxable","16":"purchasable","17":"product-type-simple"},"_links":{"self":[{"href":"https:\/\/bigbuy.tupique.com\/es\/wp-json\/wp\/v2\/product\/67277","targetHints":{"allow":["GET"]}}],"collection":[{"href":"https:\/\/bigbuy.tupique.com\/es\/wp-json\/wp\/v2\/product"}],"about":[{"href":"https:\/\/bigbuy.tupique.com\/es\/wp-json\/wp\/v2\/types\/product"}],"replies":[{"embeddable":true,"href":"https:\/\/bigbuy.tupique.com\/es\/wp-json\/wp\/v2\/comments?post=67277"}],"wp:featuredmedia":[{"embeddable":true,"href":"https:\/\/bigbuy.tupique.com\/es\/wp-json\/wp\/v2\/media\/67276"}],"wp:attachment":[{"href":"https:\/\/bigbuy.tupique.com\/es\/wp-json\/wp\/v2\/media?parent=67277"}],"wp:term":[{"taxonomy":"product_brand","embeddable":true,"href":"https:\/\/bigbuy.tupique.com\/es\/wp-json\/wp\/v2\/product_brand?post=67277"},{"taxonomy":"product_cat","embeddable":true,"href":"https:\/\/bigbuy.tupique.com\/es\/wp-json\/wp\/v2\/product_cat?post=67277"},{"taxonomy":"product_tag","embeddable":true,"href":"https:\/\/bigbuy.tupique.com\/es\/wp-json\/wp\/v2\/product_tag?post=67277"}],"curies":[{"name":"wp","href":"https:\/\/api.w.org\/{rel}","templated":true}]}}