{"id":67224,"date":"2026-04-01T23:03:32","date_gmt":"2026-04-01T22:03:32","guid":{"rendered":"https:\/\/bigbuy.tupique.com\/produto\/facial-cream-helena-rubinstein-plasty-50-ml\/"},"modified":"2026-04-15T00:14:19","modified_gmt":"2026-04-14T23:14:19","slug":"facial-cream-helena-rubinstein-plasty-50-ml","status":"publish","type":"product","link":"https:\/\/bigbuy.tupique.com\/es\/produto\/facial-cream-helena-rubinstein-plasty-50-ml\/","title":{"rendered":"Cr\u00e8me visage Helena Rubinstein Plasty 50 ml"},"content":{"rendered":"<\/p>\n<p><b>Cr\u00e8me visage Helena Rubinstein Plasty 50 ml<\/b> est un produit de qualit\u00e9 con\u00e7u pour les personnes exigeantes qui prennent soin de leur image et recherchent les meilleurs cosm\u00e9tiques pour mettre en valeur leur beaut\u00e9. Si vous en faites partie, les produits 100 % originaux <b>Helena Rubinstein<\/b> sont faits pour vous.<\/p>\n<p>La <b>cr\u00e8me visage Plasty<\/b> de la marque <b>Helena Rubinstein<\/b> est un produit con\u00e7u sp\u00e9cifiquement pour le soin des peaux matures, s\u00e8ches et sensibles. Elle offre une formule soigneusement \u00e9labor\u00e9e pour aider \u00e0 la r\u00e9cup\u00e9ration visible de la peau avec le temps. Sa texture <b>cr\u00e9meuse<\/b> facilite l\u2019application et l\u2019absorption, procurant un confort imm\u00e9diat sans effet gras. Avec une <b>contenance de 50 ml<\/b>, cette cr\u00e8me est une option pratique et durable pour la routine quotidienne de soin du visage. Fabriqu\u00e9e en <b>France<\/b>, elle refl\u00e8te un engagement envers la qualit\u00e9 et les normes europ\u00e9ennes de cosm\u00e9tique. Bien que la protection solaire ne soit pas sp\u00e9cifi\u00e9e, sa formule vise \u00e0 restaurer vitalit\u00e9 et \u00e9lasticit\u00e9 des peaux matures, tout en r\u00e9pondant aux besoins des peaux s\u00e8ches et sensibles n\u00e9cessitant des soins sp\u00e9cifiques pour \u00e9viter les irritations et favoriser une hydratation profonde. La cr\u00e8me Plasty int\u00e8gre des ingr\u00e9dients s\u00e9lectionn\u00e9s pour soutenir la r\u00e9g\u00e9n\u00e9ration cellulaire et am\u00e9liorer la texture cutan\u00e9e, contribuant \u00e0 un aspect plus uniforme et sain. Dans l\u2019ensemble, ce produit repr\u00e9sente une solution compl\u00e8te pour les femmes recherchant une cr\u00e8me visage de haute qualit\u00e9, avec un focus sp\u00e9cialis\u00e9 sur la r\u00e9cup\u00e9ration et la protection des peaux d\u00e9licates et vieillissantes.<\/p>\n<ul>\n<li>Type:\n<ul>\n<li>Cosm\u00e9tique<\/li>\n<li>Hygi\u00e8ne<\/li>\n<li>Cr\u00e8me visage<\/li>\n<\/ul>\n<\/li>\n<li>Propri\u00e9t\u00e9s: Anti-\u00e2ge<\/li>\n<li>Genre: Femme<\/li>\n<li>Texture: Cr\u00e8me<\/li>\n<li>Contient: Acide Hyaluronique<\/li>\n<li>Utilisation recommand\u00e9e:\n<ul>\n<li>Peau s\u00e8che<\/li>\n<li>Peau sensible<\/li>\n<\/ul>\n<\/li>\n<li>Ingr\u00e9dients:\n<ul>\n<li>Polymnia sonchifolia root juice<\/li>\n<li>Ppg-26-buteth-26<\/li>\n<li>Trisodium ethylenediamine disuccinate<\/li>\n<li>Water (Aqua)<\/li>\n<li>Zinc pca<\/li>\n<li>Alpha-glucan oligosaccharide<\/li>\n<li>Chlorphenesin<\/li>\n<li>Citric acid<\/li>\n<li>Crithmum maritimum extract<\/li>\n<li>Hydrogenated castor oil<\/li>\n<li>Lactobacillus<\/li>\n<li>Moringa oleifera seed extract<\/li>\n<li>Glycerin<\/li>\n<li>Acide Hyaluronique<\/li>\n<li>Vitamine B3<\/li>\n<li>Caprylic\/capric triglyceride<\/li>\n<li>Niacinamide<\/li>\n<\/ul>\n<\/li>\n<li>Capacit\u00e9: 50 ml<\/li>\n<\/ul>","protected":false},"excerpt":{"rendered":"<p><span class=\"unit-info\">573.9800 &euro; \/ 100 ml<\/span><\/p>","protected":false},"featured_media":67221,"comment_status":"open","ping_status":"closed","template":"","meta":[],"product_brand":[1530],"product_cat":[1503,769,1495],"product_tag":[722,104],"class_list":{"0":"post-67224","1":"product","2":"type-product","3":"status-publish","4":"has-post-thumbnail","6":"product_brand-brandp_392","7":"product_cat-cremes-anti-rides-et-hydratantes","8":"product_cat-parfum-cosmetique","9":"product_cat-soin-du-visage","10":"product_tag-tag_923","11":"product_tag-tag_1279","13":"first","14":"instock","15":"taxable","16":"shipping-taxable","17":"purchasable","18":"product-type-simple"},"_links":{"self":[{"href":"https:\/\/bigbuy.tupique.com\/es\/wp-json\/wp\/v2\/product\/67224","targetHints":{"allow":["GET"]}}],"collection":[{"href":"https:\/\/bigbuy.tupique.com\/es\/wp-json\/wp\/v2\/product"}],"about":[{"href":"https:\/\/bigbuy.tupique.com\/es\/wp-json\/wp\/v2\/types\/product"}],"replies":[{"embeddable":true,"href":"https:\/\/bigbuy.tupique.com\/es\/wp-json\/wp\/v2\/comments?post=67224"}],"wp:featuredmedia":[{"embeddable":true,"href":"https:\/\/bigbuy.tupique.com\/es\/wp-json\/wp\/v2\/media\/67221"}],"wp:attachment":[{"href":"https:\/\/bigbuy.tupique.com\/es\/wp-json\/wp\/v2\/media?parent=67224"}],"wp:term":[{"taxonomy":"product_brand","embeddable":true,"href":"https:\/\/bigbuy.tupique.com\/es\/wp-json\/wp\/v2\/product_brand?post=67224"},{"taxonomy":"product_cat","embeddable":true,"href":"https:\/\/bigbuy.tupique.com\/es\/wp-json\/wp\/v2\/product_cat?post=67224"},{"taxonomy":"product_tag","embeddable":true,"href":"https:\/\/bigbuy.tupique.com\/es\/wp-json\/wp\/v2\/product_tag?post=67224"}],"curies":[{"name":"wp","href":"https:\/\/api.w.org\/{rel}","templated":true}]}}