{"id":67128,"date":"2026-04-01T22:23:25","date_gmt":"2026-04-01T21:23:25","guid":{"rendered":"https:\/\/bigbuy.tupique.com\/produto\/mens-perfume-roja-parfums-enigma-50-ml\/"},"modified":"2026-04-15T07:01:20","modified_gmt":"2026-04-15T06:01:20","slug":"mens-perfume-roja-parfums-enigma-50-ml","status":"publish","type":"product","link":"https:\/\/bigbuy.tupique.com\/es\/produto\/mens-perfume-roja-parfums-enigma-50-ml\/","title":{"rendered":"Parfum Homme Roja Parfums ENIGMA 50 ml"},"content":{"rendered":"<p>Laissez-vous surprendre par le parfum de marque&nbsp;<strong>Parfum Homme Roja Parfums ENIGMA 50 ml<\/strong>&nbsp;et laissez un souvenir imp&eacute;rissable de votre passage en portant ce&nbsp;<strong>parfum homme<\/strong><strong>&nbsp;<\/strong><strong>100 % authentique<\/strong>. Sa composition unique exalte un parfum &agrave; votre image. D&eacute;couvrez sans plus tarder nos produits&nbsp;<strong>Roja Parfums 100 % authentiques<\/strong>&nbsp;!<\/p>\n<ul>\n<li>Genre: Homme<\/li>\n<li>Type: EDP (Eau de Parfum)<\/li>\n<li>Type de fragrance: EDP<\/li>\n<li>Nom du parfum: Enigma<\/li>\n<li>Capacit\u00e9: 50 ml<\/li>\n<\/ul>\n<p>Informations importantes: La conception de l&#8217;emballage du produit peut varier en fonction des promotions publicitaires du fabricant ou de la p\u00e9riode de l&#8217;ann\u00e9e. Les diff\u00e9rents emballages sont conserv\u00e9s jusqu&#8217;\u00e0 la fin du stock..<\/p>","protected":false},"excerpt":{"rendered":"<p><span class=\"unit-info\">655.9800 &euro; \/ 100 ml<\/span><\/p>","protected":false},"featured_media":67127,"comment_status":"open","ping_status":"closed","template":"","meta":[],"product_brand":[1499],"product_cat":[769,1056,1504],"product_tag":[103,723,1048,543],"class_list":{"0":"post-67128","1":"product","2":"type-product","3":"status-publish","4":"has-post-thumbnail","6":"product_brand-brandp_7505","7":"product_cat-parfum-cosmetique","8":"product_cat-parfums","9":"product_cat-parfums-pour-homme","10":"product_tag-tag_1261","11":"product_tag-tag_1273","12":"product_tag-tag_1262","13":"product_tag-tag_61","15":"first","16":"instock","17":"taxable","18":"shipping-taxable","19":"purchasable","20":"product-type-simple"},"_links":{"self":[{"href":"https:\/\/bigbuy.tupique.com\/es\/wp-json\/wp\/v2\/product\/67128","targetHints":{"allow":["GET"]}}],"collection":[{"href":"https:\/\/bigbuy.tupique.com\/es\/wp-json\/wp\/v2\/product"}],"about":[{"href":"https:\/\/bigbuy.tupique.com\/es\/wp-json\/wp\/v2\/types\/product"}],"replies":[{"embeddable":true,"href":"https:\/\/bigbuy.tupique.com\/es\/wp-json\/wp\/v2\/comments?post=67128"}],"wp:featuredmedia":[{"embeddable":true,"href":"https:\/\/bigbuy.tupique.com\/es\/wp-json\/wp\/v2\/media\/67127"}],"wp:attachment":[{"href":"https:\/\/bigbuy.tupique.com\/es\/wp-json\/wp\/v2\/media?parent=67128"}],"wp:term":[{"taxonomy":"product_brand","embeddable":true,"href":"https:\/\/bigbuy.tupique.com\/es\/wp-json\/wp\/v2\/product_brand?post=67128"},{"taxonomy":"product_cat","embeddable":true,"href":"https:\/\/bigbuy.tupique.com\/es\/wp-json\/wp\/v2\/product_cat?post=67128"},{"taxonomy":"product_tag","embeddable":true,"href":"https:\/\/bigbuy.tupique.com\/es\/wp-json\/wp\/v2\/product_tag?post=67128"}],"curies":[{"name":"wp","href":"https:\/\/api.w.org\/{rel}","templated":true}]}}