{"id":67120,"date":"2026-04-01T22:18:24","date_gmt":"2026-04-01T21:18:24","guid":{"rendered":"https:\/\/bigbuy.tupique.com\/produto\/eye-contour-sensai-ultimate-15-ml\/"},"modified":"2026-04-15T03:31:55","modified_gmt":"2026-04-15T02:31:55","slug":"eye-contour-sensai-ultimate-15-ml","status":"publish","type":"product","link":"https:\/\/bigbuy.tupique.com\/es\/produto\/eye-contour-sensai-ultimate-15-ml\/","title":{"rendered":"Contour des yeux Sensai ULTIMATE 15 ml"},"content":{"rendered":"<\/p>\n<p><b>Contour des yeux Sensai ULTIMATE 15 ml<\/b> est un produit de qualit\u00e9 con\u00e7u pour les personnes exigeantes qui prennent soin de leur image et recherchent les meilleurs cosm\u00e9tiques pour mettre en valeur leur beaut\u00e9. Si vous en faites partie, les produits 100 % originaux <b>Sensai<\/b> sont faits pour vous.<\/p>\n<ul>\n<li>Genre:\n<ul>\n<li>Femme<\/li>\n<li>Unisexe<\/li>\n<\/ul>\n<\/li>\n<li>Texture: Cr\u00e8me<\/li>\n<li>Utilisation recommand\u00e9e: Tous les types de peau<\/li>\n<li>Ingr\u00e9dients:\n<ul>\n<li>Phytosteryl macadamiate<\/li>\n<li>Phytosteryl\/octyldodecyl lauroyl glutamate<\/li>\n<li>Poria cocos extract<\/li>\n<li>Potassium hydroxide<\/li>\n<li>Prunus yedoensis leaf extract<\/li>\n<li>Sodium stearoyl glutamate<\/li>\n<li>Squalane<\/li>\n<li>Stearic acid<\/li>\n<li>Tocopherol<\/li>\n<li>Water (Aqua)<\/li>\n<li>Xanthan gum<\/li>\n<li>Acetyl glucosamine<\/li>\n<li>Aminobutyric acid<\/li>\n<li>Bht<\/li>\n<li>Butylene glycol<\/li>\n<li>C13-14 isoparaffin<\/li>\n<li>Carnitine<\/li>\n<li>Cera alba (beeswax)<\/li>\n<li>Ceteth-20<\/li>\n<li>Cetyl palmitate<\/li>\n<li>Cholesterol<\/li>\n<li>Dimethicone<\/li>\n<li>Dipotassium glycyrrhizate<\/li>\n<li>Dipropylene glycol<\/li>\n<li>Disodium edta<\/li>\n<li>Faex extract<\/li>\n<li>Glyceryl stearate<\/li>\n<li>Hydrogenated lecithin<\/li>\n<li>Hydrolyzed silk<\/li>\n<li>Isostearyl isostearate<\/li>\n<li>Laureth-7<\/li>\n<li>Limonene<\/li>\n<li>Maltitol<\/li>\n<li>Microcrystalline wax<\/li>\n<li>Nasturtium officinale extract<\/li>\n<li>Niacinamide<\/li>\n<li>Octyldodecyl myristate<\/li>\n<li>Peg-75<\/li>\n<li>Petrolatum<\/li>\n<li>Phenoxyethanol<\/li>\n<li>Glycerin<\/li>\n<li>Behenyl alcohol<\/li>\n<li>Benzyl benzoate<\/li>\n<li>Alcool<\/li>\n<li>Saxifraga Sarmentosa Extract<\/li>\n<li>Cynara scolymus leaf extract<\/li>\n<li>Parfum<\/li>\n<\/ul>\n<\/li>\n<li>Capacit\u00e9: 15 ml<\/li>\n<\/ul>","protected":false},"excerpt":{"rendered":"<p><span class=\"unit-info\">2026.6000 &euro; \/ 100 ml<\/span><\/p>","protected":false},"featured_media":67119,"comment_status":"open","ping_status":"closed","template":"","meta":[],"product_brand":[1680],"product_cat":[1679,769,1495],"product_tag":[722],"class_list":{"0":"post-67120","1":"product","2":"type-product","3":"status-publish","4":"has-post-thumbnail","6":"product_brand-brandp_2492","7":"product_cat-contours-des-yeux","8":"product_cat-parfum-cosmetique","9":"product_cat-soin-du-visage","10":"product_tag-tag_923","12":"first","13":"instock","14":"taxable","15":"shipping-taxable","16":"purchasable","17":"product-type-simple"},"_links":{"self":[{"href":"https:\/\/bigbuy.tupique.com\/es\/wp-json\/wp\/v2\/product\/67120","targetHints":{"allow":["GET"]}}],"collection":[{"href":"https:\/\/bigbuy.tupique.com\/es\/wp-json\/wp\/v2\/product"}],"about":[{"href":"https:\/\/bigbuy.tupique.com\/es\/wp-json\/wp\/v2\/types\/product"}],"replies":[{"embeddable":true,"href":"https:\/\/bigbuy.tupique.com\/es\/wp-json\/wp\/v2\/comments?post=67120"}],"wp:featuredmedia":[{"embeddable":true,"href":"https:\/\/bigbuy.tupique.com\/es\/wp-json\/wp\/v2\/media\/67119"}],"wp:attachment":[{"href":"https:\/\/bigbuy.tupique.com\/es\/wp-json\/wp\/v2\/media?parent=67120"}],"wp:term":[{"taxonomy":"product_brand","embeddable":true,"href":"https:\/\/bigbuy.tupique.com\/es\/wp-json\/wp\/v2\/product_brand?post=67120"},{"taxonomy":"product_cat","embeddable":true,"href":"https:\/\/bigbuy.tupique.com\/es\/wp-json\/wp\/v2\/product_cat?post=67120"},{"taxonomy":"product_tag","embeddable":true,"href":"https:\/\/bigbuy.tupique.com\/es\/wp-json\/wp\/v2\/product_tag?post=67120"}],"curies":[{"name":"wp","href":"https:\/\/api.w.org\/{rel}","templated":true}]}}