{"id":67118,"date":"2026-04-01T22:18:22","date_gmt":"2026-04-01T21:18:22","guid":{"rendered":"https:\/\/bigbuy.tupique.com\/produto\/facial-cream-sensai-ultimate-refill-40-ml\/"},"modified":"2026-05-11T19:57:27","modified_gmt":"2026-05-11T17:57:27","slug":"facial-cream-sensai-ultimate-refill-40-ml","status":"publish","type":"product","link":"https:\/\/bigbuy.tupique.com\/es\/produto\/facial-cream-sensai-ultimate-refill-40-ml\/","title":{"rendered":"Cr\u00e8me visage Sensai Ultimate refill 40 ml"},"content":{"rendered":"<\/p>\n<p><b>Cr\u00e8me visage Sensai Ultimate refill 40 ml<\/b> est un produit de qualit\u00e9 con\u00e7u pour les personnes exigeantes qui prennent soin de leur image et recherchent les meilleurs cosm\u00e9tiques pour mettre en valeur leur beaut\u00e9. Si vous en faites partie, les produits 100 % originaux <b>Sensai<\/b> sont faits pour vous.<\/p>\n<p>La <b>Ultimate refill<\/b> de Sensai est une <b>cr\u00e8me visage<\/b> de 40 ml con\u00e7ue pour le soin efficace de tous types de peaux, pour femme ou unisexe, qui se distingue par sa formulation et sa fonctionnalit\u00e9 avanc\u00e9e. Ce produit, fabriqu\u00e9 au <b>Japon<\/b>, est pr\u00e9sent\u00e9 dans un format <b>rechargeable<\/b> favorisant la durabilit\u00e9, avec un <b>emballage \u00e9cologique<\/b> pens\u00e9 pour minimiser l\u2019impact environnemental. Sa polyvalence permet une utilisation de jour comme de nuit, s\u2019adaptant aux besoins sp\u00e9cifiques d\u2019hydratation et de protection cutan\u00e9e \u00e0 diff\u00e9rentes \u00e9tapes du soin du visage. La contenance de 40 ml convient \u00e0 un traitement r\u00e9gulier et continu, facilitant la restauration et le maintien d\u2019une peau en bon \u00e9tat. Bien qu\u2019elle ne contienne pas de filtre solaire int\u00e9gr\u00e9, son application en base cr\u00e8me offre une texture confortable et une finition \u00e9quilibr\u00e9e qui compl\u00e8te toute routine beaut\u00e9. L\u2019association de son origine japonaise, reconnue pour ses standards \u00e9lev\u00e9s en cosm\u00e9tique, et ses caract\u00e9ristiques techniques fait de cette cr\u00e8me une solution pratique et respectueuse de l\u2019environnement pour le soin quotidien du visage. En r\u00e9sum\u00e9, la Ultimate refill de Sensai repr\u00e9sente une option unique alliant efficacit\u00e9, durabilit\u00e9 et adaptabilit\u00e9 pour les consommateurs soucieux de la qualit\u00e9 et de l\u2019\u00e9cologie.<\/p>\n<ul>\n<li>Type: Cr\u00e8me visage<\/li>\n<li>Caract\u00e9ristiques:\n<ul>\n<li>Rechargeable<\/li>\n<li>Emballage durable<\/li>\n<li>Jour\/Nuit<\/li>\n<\/ul>\n<\/li>\n<li>Genre:\n<ul>\n<li>Femme<\/li>\n<li>Unisexe<\/li>\n<\/ul>\n<\/li>\n<li>Texture: Cr\u00e8me<\/li>\n<li>Ingr\u00e9dients:\n<ul>\n<li>Polysorbate 80<\/li>\n<li>Prunus yedoensis leaf extract<\/li>\n<li>Sodium stearoyl glutamate<\/li>\n<li>Squalane<\/li>\n<li>Stearic acid<\/li>\n<li>Water (Aqua)<\/li>\n<li>Xanthan gum<\/li>\n<li>Acetyl glucosamine<\/li>\n<li>Alpha-isomethyl ionone<\/li>\n<li>Aminobutyric acid<\/li>\n<li>Ammonium glycyrrhizate<\/li>\n<li>Benzyl salicylate<\/li>\n<li>Butylene glycol<\/li>\n<li>Chlorphenesin<\/li>\n<li>Citronellol<\/li>\n<li>Diglycerin<\/li>\n<li>Dimethicone<\/li>\n<li>Dipropylene glycol<\/li>\n<li>Disodium edta<\/li>\n<li>Glyceryl stearate<\/li>\n<li>Glycyrrhiza glabra (licorice) root extract<\/li>\n<li>Hydrogenated polyisobutene<\/li>\n<li>Hydrolyzed conchiolin protein<\/li>\n<li>Hydrolyzed silk<\/li>\n<li>Hydroxycitronellal<\/li>\n<li>Isononyl isononanoate<\/li>\n<li>Limonene<\/li>\n<li>Linalool<\/li>\n<li>Maltitol<\/li>\n<li>Nasturtium officinale extract<\/li>\n<li>Niacinamide<\/li>\n<li>Phellodendron amurense bark extract<\/li>\n<li>Phenoxyethanol<\/li>\n<li>Glycerin<\/li>\n<li>Behenyl alcohol<\/li>\n<li>Benzyl benzoate<\/li>\n<li>Geraniol<\/li>\n<li>Simmondsia chinensis seed oil<\/li>\n<li>Alcool<\/li>\n<li>Saxifraga Sarmentosa Extract<\/li>\n<li>Cynara scolymus leaf extract<\/li>\n<li>Dipentaerythrityl Tri-Polyhydroxystearate<\/li>\n<li>Parfum<\/li>\n<\/ul>\n<\/li>\n<li>Capacit\u00e9: 40 ml<\/li>\n<\/ul>","protected":false},"excerpt":{"rendered":"<p><span class=\"unit-info\">1322.4750 &euro; \/ 100 ml<\/span><\/p>","protected":false},"featured_media":67116,"comment_status":"open","ping_status":"closed","template":"","meta":[],"product_brand":[1680],"product_cat":[1503,769,1495],"product_tag":[722],"class_list":{"0":"post-67118","1":"product","2":"type-product","3":"status-publish","4":"has-post-thumbnail","6":"product_brand-brandp_2492","7":"product_cat-cremes-anti-rides-et-hydratantes","8":"product_cat-parfum-cosmetique","9":"product_cat-soin-du-visage","10":"product_tag-tag_923","12":"first","13":"instock","14":"taxable","15":"shipping-taxable","16":"purchasable","17":"product-type-simple"},"_links":{"self":[{"href":"https:\/\/bigbuy.tupique.com\/es\/wp-json\/wp\/v2\/product\/67118","targetHints":{"allow":["GET"]}}],"collection":[{"href":"https:\/\/bigbuy.tupique.com\/es\/wp-json\/wp\/v2\/product"}],"about":[{"href":"https:\/\/bigbuy.tupique.com\/es\/wp-json\/wp\/v2\/types\/product"}],"replies":[{"embeddable":true,"href":"https:\/\/bigbuy.tupique.com\/es\/wp-json\/wp\/v2\/comments?post=67118"}],"wp:featuredmedia":[{"embeddable":true,"href":"https:\/\/bigbuy.tupique.com\/es\/wp-json\/wp\/v2\/media\/67116"}],"wp:attachment":[{"href":"https:\/\/bigbuy.tupique.com\/es\/wp-json\/wp\/v2\/media?parent=67118"}],"wp:term":[{"taxonomy":"product_brand","embeddable":true,"href":"https:\/\/bigbuy.tupique.com\/es\/wp-json\/wp\/v2\/product_brand?post=67118"},{"taxonomy":"product_cat","embeddable":true,"href":"https:\/\/bigbuy.tupique.com\/es\/wp-json\/wp\/v2\/product_cat?post=67118"},{"taxonomy":"product_tag","embeddable":true,"href":"https:\/\/bigbuy.tupique.com\/es\/wp-json\/wp\/v2\/product_tag?post=67118"}],"curies":[{"name":"wp","href":"https:\/\/api.w.org\/{rel}","templated":true}]}}