{"id":67059,"date":"2026-04-01T22:05:01","date_gmt":"2026-04-01T21:05:01","guid":{"rendered":"https:\/\/bigbuy.tupique.com\/produto\/unisex-perfume-tom-ford-fucking-fabulous-100-ml\/"},"modified":"2026-04-15T05:48:19","modified_gmt":"2026-04-15T04:48:19","slug":"unisex-perfume-tom-ford-fucking-fabulous-100-ml","status":"publish","type":"product","link":"https:\/\/bigbuy.tupique.com\/es\/produto\/unisex-perfume-tom-ford-fucking-fabulous-100-ml\/","title":{"rendered":"Parfum Unisexe Tom Ford FUCKING FABULOUS 100 ml"},"content":{"rendered":"<p>Laissez-vous surprendre par le parfum de marque&nbsp;<strong>Parfum Unisexe Tom Ford FUCKING FABULOUS 100 ml<\/strong>&nbsp;et laissez un souvenir imp&eacute;rissable de votre passage en portant ce&nbsp;<strong>parfum homme<\/strong><strong>&nbsp;<\/strong><strong>100 % authentique<\/strong>. Sa composition unique exalte un parfum &agrave; votre image. D&eacute;couvrez sans plus tarder nos produits&nbsp;<strong>Tom Ford 100 % authentiques<\/strong>&nbsp;!<\/p>\n<p>Le <b>FUCKING FABULOUS<\/b> de <b>Tom Ford<\/b> est un <b>parfum pour femme<\/b> con\u00e7u \u00e9galement pour un public <b>unisex<\/b>, ce qui en fait une fragrance polyvalente et contemporaine. Pr\u00e9sent\u00e9 dans un \u00e9l\u00e9gant format de <b>100 ml<\/b>, cet eau de parfum se distingue par sa concentration notable, assurant une longue tenue sur la peau, id\u00e9ale pour ceux qui recherchent un parfum persistant et sophistiqu\u00e9. Fabriqu\u00e9 aux <b>\u00c9tats-Unis<\/b>, ce parfum allie excellence de fabrication et design prestigieux, caract\u00e9ristiques de la maison Tom Ford. Sa composition olfactive appartient \u00e0 la famille <b>fran\u00e7aise<\/b>, refl\u00e9tant un \u00e9quilibre entre tradition et modernit\u00e9 dans les essences choisies. La nature unisexe du produit sugg\u00e8re un m\u00e9lange aromatique adapt\u00e9 naturellement aux peaux f\u00e9minines comme masculines adultes, \u00e9largissant son attrait \u00e0 ceux qui cherchent une fragrance distinctive et flexible. Son format spray garantit une application pratique et uniforme, facilitant le contr\u00f4le de l\u2019intensit\u00e9 et de la diffusion du parfum. En somme, le <b>FUCKING FABULOUS<\/b> de Tom Ford se positionne comme une option premium sur le march\u00e9 des parfums, destin\u00e9e \u00e0 ceux qui appr\u00e9cient l\u2019exclusivit\u00e9 et le raffinement dans une fragrance versatile capable d\u2019accompagner diverses occasions avec personnalit\u00e9.<\/p>\n<ul>\n<li>Capacit\u00e9: 100 ml<\/li>\n<li>Type: EDP (Eau de Parfum)<\/li>\n<li>Nom du parfum: Fucking Fabulous<\/li>\n<li>Type de fragrance: EDP<\/li>\n<li>Genre: Unisexe<\/li>\n<li>Ingr\u00e9dients:\n<ul>\n<li>Alpha-isomethyl ionone<\/li>\n<li>Bht<\/li>\n<li>Citronellol<\/li>\n<li>Coumarin<\/li>\n<li>Farnesol<\/li>\n<li>Hexyl cinnamal<\/li>\n<li>Limonene<\/li>\n<li>Linalool<\/li>\n<li>Citral<\/li>\n<li>Benzyl benzoate<\/li>\n<li>Geraniol<\/li>\n<li>Alcohol denat (ethyl alcohol)<\/li>\n<\/ul>\n<\/li>\n<\/ul>\n<p>Informations importantes: La conception de l&#8217;emballage du produit peut varier en fonction des promotions publicitaires du fabricant ou de la p\u00e9riode de l&#8217;ann\u00e9e. Les diff\u00e9rents emballages sont conserv\u00e9s jusqu&#8217;\u00e0 la fin du stock..<\/p>","protected":false},"excerpt":{"rendered":"<p><span class=\"unit-info\">399.9900 &euro; \/ 100 ml<\/span><\/p>","protected":false},"featured_media":67057,"comment_status":"open","ping_status":"closed","template":"","meta":[],"product_brand":[1673],"product_cat":[769,1056,1504],"product_tag":[103,542,723,1048,543],"class_list":{"0":"post-67059","1":"product","2":"type-product","3":"status-publish","4":"has-post-thumbnail","6":"product_brand-brandp_494","7":"product_cat-parfum-cosmetique","8":"product_cat-parfums","9":"product_cat-parfums-pour-homme","10":"product_tag-tag_1261","11":"product_tag-tag_1274","12":"product_tag-tag_1273","13":"product_tag-tag_1262","14":"product_tag-tag_61","16":"first","17":"instock","18":"taxable","19":"shipping-taxable","20":"purchasable","21":"product-type-simple"},"_links":{"self":[{"href":"https:\/\/bigbuy.tupique.com\/es\/wp-json\/wp\/v2\/product\/67059","targetHints":{"allow":["GET"]}}],"collection":[{"href":"https:\/\/bigbuy.tupique.com\/es\/wp-json\/wp\/v2\/product"}],"about":[{"href":"https:\/\/bigbuy.tupique.com\/es\/wp-json\/wp\/v2\/types\/product"}],"replies":[{"embeddable":true,"href":"https:\/\/bigbuy.tupique.com\/es\/wp-json\/wp\/v2\/comments?post=67059"}],"wp:featuredmedia":[{"embeddable":true,"href":"https:\/\/bigbuy.tupique.com\/es\/wp-json\/wp\/v2\/media\/67057"}],"wp:attachment":[{"href":"https:\/\/bigbuy.tupique.com\/es\/wp-json\/wp\/v2\/media?parent=67059"}],"wp:term":[{"taxonomy":"product_brand","embeddable":true,"href":"https:\/\/bigbuy.tupique.com\/es\/wp-json\/wp\/v2\/product_brand?post=67059"},{"taxonomy":"product_cat","embeddable":true,"href":"https:\/\/bigbuy.tupique.com\/es\/wp-json\/wp\/v2\/product_cat?post=67059"},{"taxonomy":"product_tag","embeddable":true,"href":"https:\/\/bigbuy.tupique.com\/es\/wp-json\/wp\/v2\/product_tag?post=67059"}],"curies":[{"name":"wp","href":"https:\/\/api.w.org\/{rel}","templated":true}]}}