{"id":66941,"date":"2026-04-01T21:57:06","date_gmt":"2026-04-01T20:57:06","guid":{"rendered":"https:\/\/bigbuy.tupique.com\/produto\/hairdryer-parlux-elysium-pink-fuchsia\/"},"modified":"2026-04-15T04:46:21","modified_gmt":"2026-04-15T03:46:21","slug":"hairdryer-parlux-elysium-pink-fuchsia","status":"publish","type":"product","link":"https:\/\/bigbuy.tupique.com\/es\/produto\/hairdryer-parlux-elysium-pink-fuchsia\/","title":{"rendered":"S\u00e8che-cheveux Parlux ELYSIUM Rose Fuchsia"},"content":{"rendered":"<p>Si vous recherchez des \u00e9lectrom\u00e9nagers pour votre maison aux meilleurs prix, ne manquez pas <b>S\u00e8che-cheveux Parlux ELYSIUM Rose Fuchsia<\/b> et une large s\u00e9lection de petits \u00e9lectrom\u00e9nagers de qualit\u00e9 !<\/p>\n<p>Le <b>s\u00e9choir ELYSIUM<\/b> de la marque italienne <b>Parlux<\/b> se pr\u00e9sente comme un outil polyvalent et fonctionnel pour le soin capillaire, con\u00e7u pour un usage <b>unisex<\/b>. Son design en <b>couleurs rose et fuchsia<\/b> apporte une esth\u00e9tique moderne et attrayante alliant style et praticit\u00e9. \u00c9quip\u00e9 d\u2019une <b>prise europ\u00e9enne (EU)<\/b>, il est id\u00e9al pour les utilisateurs recherchant un s\u00e8che-cheveux compatible avec les normes \u00e9lectriques du march\u00e9 europ\u00e9en. Ce mod\u00e8le se distingue par sa capacit\u00e9 standard pour un usage quotidien, offrant un s\u00e9chage efficace et confortable, adapt\u00e9 \u00e0 diff\u00e9rents types de cheveux et styles. Sa construction robuste et la technologie employ\u00e9e garantissent une performance stable et durable, pr\u00e9servant la sant\u00e9 des cheveux pendant l\u2019utilisation. L\u2019association de ses couleurs vives et de sa fonctionnalit\u00e9 en fait une option \u00e9quilibr\u00e9e pour ceux qui souhaitent un produit alliant design et efficacit\u00e9 en un seul appareil. C\u2019est un s\u00e8che-cheveux pens\u00e9 pour les amateurs de qualit\u00e9 italienne et de praticit\u00e9, que ce soit pour un usage professionnel ou domestique.<\/p>\n<ul>\n<li>Produit \u00e0 brancher: Oui<\/li>\n<li>Type: S\u00e8che-cheveux<\/li>\n<li>Bloc d\u2019Alimentation: r\u00e9seau \u00e9lectrique<\/li>\n<li>Couleur:\n<ul>\n<li>Rose<\/li>\n<li>Fuchsia<\/li>\n<\/ul>\n<\/li>\n<li>Genre: Unisexe<\/li>\n<li>Type de prise: Prise EU<\/li>\n<\/ul>","protected":false},"excerpt":{"rendered":"<p>Si vous recherchez des \u00e9lectrom\u00e9nagers pour votre maison aux meilleurs prix, ne manquez pas S\u00e8che-cheveux Parlux ELYSIUM Rose Fuchsia et une large s\u00e9lection de petits \u00e9lectrom\u00e9nagers de qualit\u00e9 ! Le s\u00e9choir ELYSIUM de la marque italienne Parlux se pr\u00e9sente comme un outil polyvalent et fonctionnel pour le soin capillaire, con\u00e7u pour un usage unisex. Son [&hellip;]<\/p>\n","protected":false},"featured_media":66940,"comment_status":"open","ping_status":"closed","template":"","meta":[],"product_brand":[1668],"product_cat":[753,752,1065],"product_tag":[722,56],"class_list":{"0":"post-66941","1":"product","2":"type-product","3":"status-publish","4":"has-post-thumbnail","6":"product_brand-brandp_457","7":"product_cat-coiffure","8":"product_cat-sante-beaute","9":"product_cat-seche-cheveux","10":"product_tag-tag_923","11":"product_tag-tag_930","13":"first","14":"instock","15":"taxable","16":"shipping-taxable","17":"purchasable","18":"product-type-simple"},"_links":{"self":[{"href":"https:\/\/bigbuy.tupique.com\/es\/wp-json\/wp\/v2\/product\/66941","targetHints":{"allow":["GET"]}}],"collection":[{"href":"https:\/\/bigbuy.tupique.com\/es\/wp-json\/wp\/v2\/product"}],"about":[{"href":"https:\/\/bigbuy.tupique.com\/es\/wp-json\/wp\/v2\/types\/product"}],"replies":[{"embeddable":true,"href":"https:\/\/bigbuy.tupique.com\/es\/wp-json\/wp\/v2\/comments?post=66941"}],"wp:featuredmedia":[{"embeddable":true,"href":"https:\/\/bigbuy.tupique.com\/es\/wp-json\/wp\/v2\/media\/66940"}],"wp:attachment":[{"href":"https:\/\/bigbuy.tupique.com\/es\/wp-json\/wp\/v2\/media?parent=66941"}],"wp:term":[{"taxonomy":"product_brand","embeddable":true,"href":"https:\/\/bigbuy.tupique.com\/es\/wp-json\/wp\/v2\/product_brand?post=66941"},{"taxonomy":"product_cat","embeddable":true,"href":"https:\/\/bigbuy.tupique.com\/es\/wp-json\/wp\/v2\/product_cat?post=66941"},{"taxonomy":"product_tag","embeddable":true,"href":"https:\/\/bigbuy.tupique.com\/es\/wp-json\/wp\/v2\/product_tag?post=66941"}],"curies":[{"name":"wp","href":"https:\/\/api.w.org\/{rel}","templated":true}]}}