{"id":66706,"date":"2026-04-01T21:42:20","date_gmt":"2026-04-01T20:42:20","guid":{"rendered":"https:\/\/bigbuy.tupique.com\/produto\/dishwasher-siemens-ag-sn23hw02me-60-cm\/"},"modified":"2026-04-15T01:25:46","modified_gmt":"2026-04-15T00:25:46","slug":"dishwasher-siemens-ag-sn23hw02me-60-cm","status":"publish","type":"product","link":"https:\/\/bigbuy.tupique.com\/es\/produto\/dishwasher-siemens-ag-sn23hw02me-60-cm\/","title":{"rendered":"Lave-vaisselle Siemens AG SN23HW02ME 60 cm"},"content":{"rendered":"<p>Si vous pensez r\u00e9nover votre cuisine, achetez <b>Lave-vaisselle Siemens AG SN23HW02ME 60 cm<\/b> et d\u00b4autres <b>produits Siemens AG<\/b> !<\/p>\n<p>Le <b>lave-vaisselle Siemens SN23HW02ME<\/b> est un appareil \u00e9lectrom\u00e9nager au design fonctionnel en <b>blanc<\/b> et d\u2019une largeur de <b>60 cm<\/b>, id\u00e9al pour les cuisines de taille standard. Ce mod\u00e8le offre une capacit\u00e9 remarquable pour laver jusqu\u2019\u00e0 <b>14 couverts<\/b>, ce qui le rend adapt\u00e9 aux familles moyennes et aux utilisateurs recherchant une efficacit\u00e9 pour le nettoyage quotidien. Il b\u00e9n\u00e9ficie d\u2019une classification <b>D en efficacit\u00e9 \u00e9nerg\u00e9tique<\/b>, optimisant la consommation dans sa cat\u00e9gorie, avec une consommation d\u2019<b>eau de 9 litres par cycle<\/b>, importante pour l\u2019\u00e9conomie et le respect de l\u2019environnement. Parmi ses caract\u00e9ristiques techniques, plusieurs programmes de lavage adapt\u00e9s \u00e0 divers besoins, incluant les modes <b>Auto 45-65 \u00b0C, Eco, Favorite, Intensif, Rapide et Rapide 45 \u00b0C<\/b>, garantissent la flexibilit\u00e9 pour traiter de la vaisselle l\u00e9g\u00e8rement sale aux plus tenaces. Il dispose \u00e9galement de la fonction <b>demi-charge<\/b>, permettant une utilisation efficace quand il n\u2019est pas rempli compl\u00e8tement, favorisant l\u2019\u00e9conomie d\u2019\u00e9nergie et d\u2019eau. L\u2019int\u00e9rieur int\u00e8gre un <b>troisi\u00e8me panier \u00e0 couverts<\/b>, augmentant l\u2019espace de chargement et facilitant l\u2019organisation des petits ustensiles. C\u00f4t\u00e9 ergonomie, il comprend un <b>\u00e9cran int\u00e9gr\u00e9<\/b> pour une programmation intuitive et un contr\u00f4le facile des cycles. De plus, il est \u00e9quip\u00e9 d\u2019un syst\u00e8me de <b>verrouillage enfant<\/b>, assurant la s\u00e9curit\u00e9 et \u00e9vitant les r\u00e9glages accidentels pendant le fonctionnement. La couleur blanche du panneau et de la porte s\u2019adapte ais\u00e9ment \u00e0 diff\u00e9rents styles de cuisine, offrant un aspect propre et moderne. Ce mod\u00e8le refl\u00e8te un \u00e9quilibre entre capacit\u00e9, technologie et efficacit\u00e9, pens\u00e9 pour ceux qui cherchent une solution pratique et s\u00fbre pour le lavage quotidien de la vaisselle. En r\u00e9sum\u00e9, le Siemens SN23HW02ME est une option fiable dans la gamme des lave-vaisselle, avec des performances r\u00e9pondant aux besoins quotidiens et \u00e0 une utilisation responsable des ressources.<\/p>\n<ul>\n<li>Produit \u00e0 brancher: Oui<\/li>\n<li>Type de prise: Prise EU<\/li>\n<li>Type: Lave-vaisselle<\/li>\n<li>Bloc d\u2019Alimentation: r\u00e9seau \u00e9lectrique<\/li>\n<li>Couleur: Blanc<\/li>\n<li>Largeur: 60 cm<\/li>\n<li>Caract\u00e9ristiques:\n<ul>\n<li>Verrouillage pour enfants<\/li>\n<li>\u00c9cran integr\u00e9<\/li>\n<li>ECO<\/li>\n<\/ul>\n<\/li>\n<li>Capacit\u00e9 (Nb de couverts): 14<\/li>\n<li>Classification \u00e9nerg\u00e9tique: D<\/li>\n<li>Niveau sonore: 42 dB<\/li>\n<li>Capacit\u00e9: 14 Kg<\/li>\n<li>puissance: 2400 W<\/li>\n<li>Fr\u00e9quence d&#8217;entr\u00e9e AC: 50-60 Hz<\/li>\n<li>Type de commande: Boutons<\/li>\n<li>Tension: 220-240 V<\/li>\n<li>Amp\u00e9rage: 10 A<\/li>\n<\/ul>","protected":false},"excerpt":{"rendered":"<p><span class=\"unit-info\">60.7850 &euro; \/ 1 kg<\/span><\/p>","protected":false},"featured_media":66702,"comment_status":"open","ping_status":"closed","template":"","meta":[],"product_brand":[851],"product_cat":[393,60,77],"product_tag":[],"class_list":{"0":"post-66706","1":"product","2":"type-product","3":"status-publish","4":"has-post-thumbnail","6":"product_brand-brandp_930","7":"product_cat-autres-appareils-de-cuisines","8":"product_cat-cuisine-gourmet","9":"product_cat-petit-electromenager","11":"first","12":"instock","13":"taxable","14":"shipping-taxable","15":"purchasable","16":"product-type-simple"},"_links":{"self":[{"href":"https:\/\/bigbuy.tupique.com\/es\/wp-json\/wp\/v2\/product\/66706","targetHints":{"allow":["GET"]}}],"collection":[{"href":"https:\/\/bigbuy.tupique.com\/es\/wp-json\/wp\/v2\/product"}],"about":[{"href":"https:\/\/bigbuy.tupique.com\/es\/wp-json\/wp\/v2\/types\/product"}],"replies":[{"embeddable":true,"href":"https:\/\/bigbuy.tupique.com\/es\/wp-json\/wp\/v2\/comments?post=66706"}],"wp:featuredmedia":[{"embeddable":true,"href":"https:\/\/bigbuy.tupique.com\/es\/wp-json\/wp\/v2\/media\/66702"}],"wp:attachment":[{"href":"https:\/\/bigbuy.tupique.com\/es\/wp-json\/wp\/v2\/media?parent=66706"}],"wp:term":[{"taxonomy":"product_brand","embeddable":true,"href":"https:\/\/bigbuy.tupique.com\/es\/wp-json\/wp\/v2\/product_brand?post=66706"},{"taxonomy":"product_cat","embeddable":true,"href":"https:\/\/bigbuy.tupique.com\/es\/wp-json\/wp\/v2\/product_cat?post=66706"},{"taxonomy":"product_tag","embeddable":true,"href":"https:\/\/bigbuy.tupique.com\/es\/wp-json\/wp\/v2\/product_tag?post=66706"}],"curies":[{"name":"wp","href":"https:\/\/api.w.org\/{rel}","templated":true}]}}