{"id":66537,"date":"2026-04-01T21:30:18","date_gmt":"2026-04-01T20:30:18","guid":{"rendered":"https:\/\/bigbuy.tupique.com\/produto\/air-conditioning-daitsu-electric-3nda01715-a-white-5848-w-5590-fg-h\/"},"modified":"2026-04-16T14:26:16","modified_gmt":"2026-04-16T13:26:16","slug":"air-conditioning-daitsu-electric-3nda01715-a-white-5848-w-5590-fg-h","status":"publish","type":"product","link":"https:\/\/bigbuy.tupique.com\/es\/produto\/air-conditioning-daitsu-electric-3nda01715-a-white-5848-w-5590-fg-h\/","title":{"rendered":"Air Conditionn\u00e9 DAITSU ELECTRIC 3NDA01715 A+++ Blanc 5848 w 5590 fg\/h"},"content":{"rendered":"<p>Si vous \u00eates \u00e0 la recherche de nouvelles tendances sur le march\u00e9, nous vous pr\u00e9sentons <b>Air Conditionn\u00e9 DAITSU ELECTRIC 3NDA01715 A+++ Blanc 5848 w 5590 fg\/h<\/b> !<\/p>\n<ul>\n<li>Classification \u00e9nerg\u00e9tique:\n<ul>\n<li>A++\/A+<\/li>\n<li>A+++<\/li>\n<li>A++ \/ A+<\/li>\n<\/ul>\n<\/li>\n<li>Couleur: Blanc<\/li>\n<li>Mati\u00e8re: Plastique<\/li>\n<li>Caract\u00e9ristiques:\n<ul>\n<li>Arr\u00eat Automatique<\/li>\n<li>Minuterie<\/li>\n<li>\u00c9cran LED<\/li>\n<li>Connectivit\u00e9 des applications mobiles<\/li>\n<li>Montage mural<\/li>\n<li>Int\u00e9rieur<\/li>\n<li>Facilit\u00e9 d&#8217;utilisation<\/li>\n<li>Amazon Alexa, Google Assistant<\/li>\n<\/ul>\n<\/li>\n<li>Connectivit\u00e9: Wi-Fi<\/li>\n<li>Technologie:\n<ul>\n<li>Split Inverter<\/li>\n<li>Split 1&#215;1<\/li>\n<\/ul>\n<\/li>\n<li>Gaz: R32<\/li>\n<li>Puissance frigorifique: 5590 fg\/h<\/li>\n<li>R\u00e9frig\u00e9rant: R-410<\/li>\n<li>Port\u00e9e: 45 m2<\/li>\n<li>puissance: 5848 w<\/li>\n<\/ul>","protected":false},"excerpt":{"rendered":"<p>Si vous \u00eates \u00e0 la recherche de nouvelles tendances sur le march\u00e9, nous vous pr\u00e9sentons Air Conditionn\u00e9 DAITSU ELECTRIC 3NDA01715 A+++ Blanc 5848 w 5590 fg\/h ! Classification \u00e9nerg\u00e9tique: A++\/A+ A+++ A++ \/ A+ Couleur: Blanc Mati\u00e8re: Plastique Caract\u00e9ristiques: Arr\u00eat Automatique Minuterie \u00c9cran LED Connectivit\u00e9 des applications mobiles Montage mural Int\u00e9rieur Facilit\u00e9 d&#8217;utilisation Amazon Alexa, [&hellip;]<\/p>\n","protected":false},"featured_media":66536,"comment_status":"open","ping_status":"closed","template":"","meta":[],"product_brand":[1548],"product_cat":[732,1334,239],"product_tag":[721,210],"class_list":{"0":"post-66537","1":"product","2":"type-product","3":"status-publish","4":"has-post-thumbnail","6":"product_brand-brandp_1177","7":"product_cat-climatisation-et-chauffage","8":"product_cat-climatiseurs-et-ventilateurs","9":"product_cat-maison-jardin","10":"product_tag-tag_124","11":"product_tag-tag_25","13":"first","14":"instock","15":"taxable","16":"shipping-taxable","17":"purchasable","18":"product-type-simple"},"_links":{"self":[{"href":"https:\/\/bigbuy.tupique.com\/es\/wp-json\/wp\/v2\/product\/66537","targetHints":{"allow":["GET"]}}],"collection":[{"href":"https:\/\/bigbuy.tupique.com\/es\/wp-json\/wp\/v2\/product"}],"about":[{"href":"https:\/\/bigbuy.tupique.com\/es\/wp-json\/wp\/v2\/types\/product"}],"replies":[{"embeddable":true,"href":"https:\/\/bigbuy.tupique.com\/es\/wp-json\/wp\/v2\/comments?post=66537"}],"wp:featuredmedia":[{"embeddable":true,"href":"https:\/\/bigbuy.tupique.com\/es\/wp-json\/wp\/v2\/media\/66536"}],"wp:attachment":[{"href":"https:\/\/bigbuy.tupique.com\/es\/wp-json\/wp\/v2\/media?parent=66537"}],"wp:term":[{"taxonomy":"product_brand","embeddable":true,"href":"https:\/\/bigbuy.tupique.com\/es\/wp-json\/wp\/v2\/product_brand?post=66537"},{"taxonomy":"product_cat","embeddable":true,"href":"https:\/\/bigbuy.tupique.com\/es\/wp-json\/wp\/v2\/product_cat?post=66537"},{"taxonomy":"product_tag","embeddable":true,"href":"https:\/\/bigbuy.tupique.com\/es\/wp-json\/wp\/v2\/product_tag?post=66537"}],"curies":[{"name":"wp","href":"https:\/\/api.w.org\/{rel}","templated":true}]}}