{"id":66526,"date":"2026-04-01T21:29:56","date_gmt":"2026-04-01T20:29:56","guid":{"rendered":"https:\/\/bigbuy.tupique.com\/produto\/smart-tv-lg-oled55g55lw-55-55-4k-ultra-hd-led-hdr-oled-amd-freesync\/"},"modified":"2026-04-15T07:37:51","modified_gmt":"2026-04-15T06:37:51","slug":"smart-tv-lg-oled55g55lw-55-55-4k-ultra-hd-led-hdr-oled-amd-freesync","status":"publish","type":"product","link":"https:\/\/bigbuy.tupique.com\/es\/produto\/smart-tv-lg-oled55g55lw-55-55-4k-ultra-hd-led-hdr-oled-amd-freesync\/","title":{"rendered":"TV intelligente LG OLED55G55LW  55 55&#8243; 4K Ultra HD LED HDR OLED AMD FreeSync"},"content":{"rendered":"<p>Si vous \u00eates passionn\u00e9 d&#8217;<b>informatique et d&#8217;\u00e9lectronique<\/b>, si vous \u00eates \u00e0 la pointe de la technologie et qu&#8217;aucun d\u00e9tail ne vous \u00e9chappe, achetez <b>TV intelligente LG OLED55G55LW  55 55&#8243; 4K Ultra HD LED HDR OLED AMD FreeSync<\/b> au meilleur prix.<\/p>\n<ul>\n<li>Type de prise: Prise EU<\/li>\n<li>Produit \u00e0 brancher: Oui<\/li>\n<li>Diagonale de l&#8217;\u00e9cran (cm): 139,7 cm<\/li>\n<li>Ecran: 55&#8243;<\/li>\n<li>R\u00e9solution (px): 3840 x 2160 px<\/li>\n<li>Caract\u00e9ristiques:\n<ul>\n<li>Navigation web<\/li>\n<li>TV intelligente<\/li>\n<li>Guide \u00e9lectronique des programmes (EPG)<\/li>\n<li>Apple AirPlay 2<\/li>\n<li>Canal de retour audio (ARC)<\/li>\n<li>\u00c9cran plat<\/li>\n<\/ul>\n<\/li>\n<li>Rapport d&#8217;aspect: 16:9<\/li>\n<li>Connectivit\u00e9:\n<ul>\n<li>Bluetooth<\/li>\n<li>Wi-Fi<\/li>\n<li>Interface commune<\/li>\n<li>Ethernet LAN<\/li>\n<li>Wi-Fi 6 GHz<\/li>\n<li>Bluetooth 5.3<\/li>\n<li>eARC<\/li>\n<\/ul>\n<\/li>\n<li>Format: 16:9<\/li>\n<li>Classification \u00e9nerg\u00e9tique: E<\/li>\n<li>Syst\u00e8me d&#8217;exploitation: webOS<\/li>\n<li>Bloc d\u2019Alimentation: Cordon d&#8217;alimentation CA<\/li>\n<li>Technologie:\n<ul>\n<li>LED<\/li>\n<li>HDR<\/li>\n<li>OLED<\/li>\n<li>AMD FreeSync<\/li>\n<\/ul>\n<\/li>\n<li>Couleur: Argent\u00e9<\/li>\n<li>TV intelligente: Oui<\/li>\n<li>Connexions:\n<ul>\n<li>RJ45<\/li>\n<li>USB 2.0 x 3<\/li>\n<li>RF x 2<\/li>\n<li>CI+<\/li>\n<li>HDMI x 4<\/li>\n<\/ul>\n<\/li>\n<li>Compatible:\n<ul>\n<li>VESA<\/li>\n<li>VESA 400 x 400 mm<\/li>\n<li>VESA 400 x 300<\/li>\n<li>VESA 200 x 100 mm<\/li>\n<li>VESA 300 x 200 mm<\/li>\n<li>VESA 300 x 300 mm<\/li>\n<li>VESA 400 x 200 mm<\/li>\n<li>VESA 200 x 200 mm<\/li>\n<\/ul>\n<\/li>\n<li>Fr\u00e9quence:\n<ul>\n<li>165 Hz<\/li>\n<li>120 Hz<\/li>\n<\/ul>\n<\/li>\n<li>Inclut:\n<ul>\n<li>T\u00e9l\u00e9commande<\/li>\n<li>Subwoofer<\/li>\n<\/ul>\n<\/li>\n<li>VESA: 30 x 20 cm<\/li>\n<li>R\u00e9cepteur:\n<ul>\n<li>DVB-C,DVB-S,DVB-S2,DVB-T,DVB-T2<\/li>\n<li>Analogique et num\u00e9rique<\/li>\n<\/ul>\n<\/li>\n<li>R\u00e9solution: 4K Ultra HD<\/li>\n<li>Formats:\n<ul>\n<li>3GP, AVI, FLV, MKV, MOV, MP4, MPEG, MPG, OGM, VOB, WEBM, WMV<\/li>\n<li>AAC, FLAC, MP2, MP3, MP4, WAV, WMA, WMV<\/li>\n<li>BMP, GIF, JPEG, MPO, PNG<\/li>\n<li>MPEG 1\/2\/4, VP8\/VP9, H.264<\/li>\n<li>Dolby Audio<\/li>\n<li>JPEG<\/li>\n<\/ul>\n<\/li>\n<li>Fr\u00e9quence d&#8217;entr\u00e9e AC: 50-60 Hz<\/li>\n<li>Non Inclus:\n<ul>\n<li>Cadre<\/li>\n<li>Socle<\/li>\n<\/ul>\n<\/li>\n<li>puissance: 60 W<\/li>\n<li>Tension d&#8217;entr\u00e9e AC: 100 &#8211; 240 V<\/li>\n<li>Montage: VESA<\/li>\n<li>Ann\u00e9e: 2024<\/li>\n<li>Indice de r\u00e9parabilit\u00e9: 8.1<\/li>\n<\/ul>","protected":false},"excerpt":{"rendered":"<p>Si vous \u00eates passionn\u00e9 d&#8217;informatique et d&#8217;\u00e9lectronique, si vous \u00eates \u00e0 la pointe de la technologie et qu&#8217;aucun d\u00e9tail ne vous \u00e9chappe, achetez TV intelligente LG OLED55G55LW 55 55&#8243; 4K Ultra HD LED HDR OLED AMD FreeSync au meilleur prix. Type de prise: Prise EU Produit \u00e0 brancher: Oui Diagonale de l&#8217;\u00e9cran (cm): 139,7 cm [&hellip;]<\/p>\n","protected":false},"featured_media":66524,"comment_status":"open","ping_status":"closed","template":"","meta":[],"product_brand":[662],"product_cat":[589,65,957],"product_tag":[],"class_list":{"0":"post-66526","1":"product","2":"type-product","3":"status-publish","4":"has-post-thumbnail","6":"product_brand-brandp_559","7":"product_cat-electronique-television","8":"product_cat-informatique-electronique","9":"product_cat-televisions-et-smart-tv","11":"first","12":"instock","13":"taxable","14":"shipping-taxable","15":"purchasable","16":"product-type-simple"},"_links":{"self":[{"href":"https:\/\/bigbuy.tupique.com\/es\/wp-json\/wp\/v2\/product\/66526","targetHints":{"allow":["GET"]}}],"collection":[{"href":"https:\/\/bigbuy.tupique.com\/es\/wp-json\/wp\/v2\/product"}],"about":[{"href":"https:\/\/bigbuy.tupique.com\/es\/wp-json\/wp\/v2\/types\/product"}],"replies":[{"embeddable":true,"href":"https:\/\/bigbuy.tupique.com\/es\/wp-json\/wp\/v2\/comments?post=66526"}],"wp:featuredmedia":[{"embeddable":true,"href":"https:\/\/bigbuy.tupique.com\/es\/wp-json\/wp\/v2\/media\/66524"}],"wp:attachment":[{"href":"https:\/\/bigbuy.tupique.com\/es\/wp-json\/wp\/v2\/media?parent=66526"}],"wp:term":[{"taxonomy":"product_brand","embeddable":true,"href":"https:\/\/bigbuy.tupique.com\/es\/wp-json\/wp\/v2\/product_brand?post=66526"},{"taxonomy":"product_cat","embeddable":true,"href":"https:\/\/bigbuy.tupique.com\/es\/wp-json\/wp\/v2\/product_cat?post=66526"},{"taxonomy":"product_tag","embeddable":true,"href":"https:\/\/bigbuy.tupique.com\/es\/wp-json\/wp\/v2\/product_tag?post=66526"}],"curies":[{"name":"wp","href":"https:\/\/api.w.org\/{rel}","templated":true}]}}