{"id":66508,"date":"2026-04-01T21:29:05","date_gmt":"2026-04-01T20:29:05","guid":{"rendered":"https:\/\/bigbuy.tupique.com\/produto\/oven-siemens-hb514aer4-3600-w-71-l\/"},"modified":"2026-05-11T19:57:24","modified_gmt":"2026-05-11T17:57:24","slug":"oven-siemens-hb514aer4-3600-w-71-l","status":"publish","type":"product","link":"https:\/\/bigbuy.tupique.com\/es\/produto\/oven-siemens-hb514aer4-3600-w-71-l\/","title":{"rendered":"Four Siemens HB514AER4 3600 W 71 L"},"content":{"rendered":"<p>Si vous \u00eates \u00e0 la recherche de nouvelles tendances sur le march\u00e9, nous vous pr\u00e9sentons <b>Four Siemens HB514AER4 3600 W 71 L<\/b> !<\/p>\n<ul>\n<li>Type de four: Four<\/li>\n<li>Produit \u00e0 brancher: Oui<\/li>\n<li>Classification \u00e9nerg\u00e9tique: A+<\/li>\n<li>Type de prise: Prise EU<\/li>\n<li>Caract\u00e9ristiques:\n<ul>\n<li>Lumi\u00e8re int\u00e9rieure<\/li>\n<li>Verrouillage pour enfants<\/li>\n<li>\u00c9cran integr\u00e9<\/li>\n<\/ul>\n<\/li>\n<li>Type de commande: Plaque Tournante<\/li>\n<li>Couleur: Noir<\/li>\n<li>Fonctions:\n<ul>\n<li>Montre<\/li>\n<li>Minuterie<\/li>\n<li>Four multifonction<\/li>\n<\/ul>\n<\/li>\n<li>Type d&#8217;installation: Int\u00e9grable<\/li>\n<li>Technologie: LED<\/li>\n<li>Programmes: 7<\/li>\n<li>Bloc d\u2019Alimentation: r\u00e9seau \u00e9lectrique<\/li>\n<li>Fr\u00e9quence: 50 &#8211; 60 Hz<\/li>\n<li>Longueur du c\u00e2ble: 1,2 m<\/li>\n<li>Inclut:\n<ul>\n<li>Grill<\/li>\n<li>Plateau pour Four<\/li>\n<\/ul>\n<\/li>\n<li>puissance: 3600 W<\/li>\n<li>Grill: Oui<\/li>\n<li>consommation d&#8217;\u00e9nergie: 0,81 kWh<\/li>\n<li>Nettoyage: HydroClean<\/li>\n<li>Temp\u00e9rature max.: 275 \u00baC<\/li>\n<li>Tension: 220-240 V<\/li>\n<li>Lampe: 1<\/li>\n<li>Type: Int\u00e9gr\u00e9<\/li>\n<li>Amp\u00e9rage: 16 A<\/li>\n<li>Capacit\u00e9: 71 L<\/li>\n<li>\u00c9lev\u00e9: 59,5 cm<\/li>\n<li>Connectivit\u00e9: No<\/li>\n<\/ul>","protected":false},"excerpt":{"rendered":"<p><span class=\"unit-info\">8.5914 &euro; \/ 1 l<\/span><\/p>","protected":false},"featured_media":66500,"comment_status":"open","ping_status":"closed","template":"","meta":[],"product_brand":[1590],"product_cat":[60,747,77],"product_tag":[55],"class_list":{"0":"post-66508","1":"product","2":"type-product","3":"status-publish","4":"has-post-thumbnail","6":"product_brand-brandp_10139","7":"product_cat-cuisine-gourmet","8":"product_cat-fours","9":"product_cat-petit-electromenager","10":"product_tag-tag_926","12":"first","13":"instock","14":"taxable","15":"shipping-taxable","16":"purchasable","17":"product-type-simple"},"_links":{"self":[{"href":"https:\/\/bigbuy.tupique.com\/es\/wp-json\/wp\/v2\/product\/66508","targetHints":{"allow":["GET"]}}],"collection":[{"href":"https:\/\/bigbuy.tupique.com\/es\/wp-json\/wp\/v2\/product"}],"about":[{"href":"https:\/\/bigbuy.tupique.com\/es\/wp-json\/wp\/v2\/types\/product"}],"replies":[{"embeddable":true,"href":"https:\/\/bigbuy.tupique.com\/es\/wp-json\/wp\/v2\/comments?post=66508"}],"wp:featuredmedia":[{"embeddable":true,"href":"https:\/\/bigbuy.tupique.com\/es\/wp-json\/wp\/v2\/media\/66500"}],"wp:attachment":[{"href":"https:\/\/bigbuy.tupique.com\/es\/wp-json\/wp\/v2\/media?parent=66508"}],"wp:term":[{"taxonomy":"product_brand","embeddable":true,"href":"https:\/\/bigbuy.tupique.com\/es\/wp-json\/wp\/v2\/product_brand?post=66508"},{"taxonomy":"product_cat","embeddable":true,"href":"https:\/\/bigbuy.tupique.com\/es\/wp-json\/wp\/v2\/product_cat?post=66508"},{"taxonomy":"product_tag","embeddable":true,"href":"https:\/\/bigbuy.tupique.com\/es\/wp-json\/wp\/v2\/product_tag?post=66508"}],"curies":[{"name":"wp","href":"https:\/\/api.w.org\/{rel}","templated":true}]}}