{"id":66240,"date":"2026-04-01T21:14:27","date_gmt":"2026-04-01T20:14:27","guid":{"rendered":"https:\/\/bigbuy.tupique.com\/produto\/oven-siemens-ag-hb572aes4\/"},"modified":"2026-05-11T19:57:20","modified_gmt":"2026-05-11T17:57:20","slug":"oven-siemens-ag-hb572aes4","status":"publish","type":"product","link":"https:\/\/bigbuy.tupique.com\/es\/produto\/oven-siemens-ag-hb572aes4\/","title":{"rendered":"Four Siemens AG HB572AES4"},"content":{"rendered":"<p>Si vous \u00eates \u00e0 la recherche de nouvelles tendances sur le march\u00e9, nous vous pr\u00e9sentons <b>Four Siemens AG HB572AES4<\/b> !<\/p>\n<p>Le <b>four<\/b> de <b>Siemens AG<\/b> est une solution efficace et moderne pour la cuisine domestique, alliant un design contemporain \u00e0 des fonctionnalit\u00e9s qui optimisent l\u2019exp\u00e9rience culinaire. Sa <b>capacit\u00e9 g\u00e9n\u00e9reuse de 71 litres<\/b> permet de pr\u00e9parer plusieurs plats simultan\u00e9ment, id\u00e9al pour les familles ou ceux qui ont besoin de plus d\u2019espace lors de la cuisson. Il se distingue par une <b>classe \u00e9nerg\u00e9tique A+<\/b> (avec des r\u00e9f\u00e9rences \u00e0 A+++, refl\u00e9tant l\u2019efficacit\u00e9 selon diff\u00e9rents standards), garantissant une faible consommation d\u2019\u00e9lectricit\u00e9 et contribuant ainsi aux \u00e9conomies d\u2019\u00e9nergie et \u00e0 la durabilit\u00e9 du foyer. Dot\u00e9 d\u2019un <b>\u00e9cran int\u00e9gr\u00e9<\/b> et de commandes tactiles intuitives, il facilite la s\u00e9lection pr\u00e9cise parmi divers <b>programmes automatiques<\/b>, assurant des r\u00e9sultats homog\u00e8nes et une grande polyvalence d\u2019utilisation. Pour la s\u00e9curit\u00e9 domestique, il int\u00e8gre un <b>verrouillage enfants<\/b> qui emp\u00eache toute manipulation non d\u00e9sir\u00e9e, tandis que la <b>lumi\u00e8re int\u00e9rieure LED<\/b> offre une visibilit\u00e9 optimale \u00e0 l\u2019int\u00e9rieur pendant toute la cuisson sans ouvrir la porte, maintenant ainsi une temp\u00e9rature stable. Son design inclut des fonctionnalit\u00e9s telles que la facilit\u00e9 de nettoyage, un aspect tr\u00e8s appr\u00e9ci\u00e9 au quotidien, assurant un entretien minimal et une hygi\u00e8ne maximale. Ce four, destin\u00e9 \u00e0 ceux qui privil\u00e9gient la technologie, la s\u00e9curit\u00e9 et l\u2019efficacit\u00e9 en cuisine, repr\u00e9sente une combinaison remarquable de fonctionnalit\u00e9 pratique et d\u2019efficacit\u00e9 \u00e9nerg\u00e9tique, soutenue par la qualit\u00e9 reconnue de Siemens AG.<\/p>\n<ul>\n<li>Type de four: Four<\/li>\n<li>Produit \u00e0 brancher: Oui<\/li>\n<li>Type de prise: Prise EU<\/li>\n<li>Bloc d\u2019Alimentation: r\u00e9seau \u00e9lectrique<\/li>\n<li>Caract\u00e9ristiques:\n<ul>\n<li>Lumi\u00e8re int\u00e9rieure<\/li>\n<li>Commande tactile<\/li>\n<li>Verrouillage pour enfants<\/li>\n<li>\u00c9cran integr\u00e9<\/li>\n<li>Facile \u00e0 nettoyer<\/li>\n<\/ul>\n<\/li>\n<li>Classification \u00e9nerg\u00e9tique:\n<ul>\n<li>A+<\/li>\n<li>A+++<\/li>\n<\/ul>\n<\/li>\n<li>Technologie: LED<\/li>\n<li>Fr\u00e9quence: 50 &#8211; 60 Hz<\/li>\n<li>Inclut:\n<ul>\n<li>Grill<\/li>\n<li>Plateau pour Four<\/li>\n<li>Montre<\/li>\n<\/ul>\n<\/li>\n<li>Tension: 220-240 V<\/li>\n<li>Type: Int\u00e9gr\u00e9<\/li>\n<li>Amp\u00e9rage: 16 A<\/li>\n<li>Capacit\u00e9: 71 L<\/li>\n<\/ul>","protected":false},"excerpt":{"rendered":"<p><span class=\"unit-info\">13.0985 &euro; \/ 1 l<\/span><\/p>","protected":false},"featured_media":66237,"comment_status":"open","ping_status":"closed","template":"","meta":[],"product_brand":[851],"product_cat":[60,747,77],"product_tag":[55],"class_list":{"0":"post-66240","1":"product","2":"type-product","3":"status-publish","4":"has-post-thumbnail","6":"product_brand-brandp_930","7":"product_cat-cuisine-gourmet","8":"product_cat-fours","9":"product_cat-petit-electromenager","10":"product_tag-tag_926","12":"first","13":"instock","14":"taxable","15":"shipping-taxable","16":"purchasable","17":"product-type-simple"},"_links":{"self":[{"href":"https:\/\/bigbuy.tupique.com\/es\/wp-json\/wp\/v2\/product\/66240","targetHints":{"allow":["GET"]}}],"collection":[{"href":"https:\/\/bigbuy.tupique.com\/es\/wp-json\/wp\/v2\/product"}],"about":[{"href":"https:\/\/bigbuy.tupique.com\/es\/wp-json\/wp\/v2\/types\/product"}],"replies":[{"embeddable":true,"href":"https:\/\/bigbuy.tupique.com\/es\/wp-json\/wp\/v2\/comments?post=66240"}],"wp:featuredmedia":[{"embeddable":true,"href":"https:\/\/bigbuy.tupique.com\/es\/wp-json\/wp\/v2\/media\/66237"}],"wp:attachment":[{"href":"https:\/\/bigbuy.tupique.com\/es\/wp-json\/wp\/v2\/media?parent=66240"}],"wp:term":[{"taxonomy":"product_brand","embeddable":true,"href":"https:\/\/bigbuy.tupique.com\/es\/wp-json\/wp\/v2\/product_brand?post=66240"},{"taxonomy":"product_cat","embeddable":true,"href":"https:\/\/bigbuy.tupique.com\/es\/wp-json\/wp\/v2\/product_cat?post=66240"},{"taxonomy":"product_tag","embeddable":true,"href":"https:\/\/bigbuy.tupique.com\/es\/wp-json\/wp\/v2\/product_tag?post=66240"}],"curies":[{"name":"wp","href":"https:\/\/api.w.org\/{rel}","templated":true}]}}