{"id":66195,"date":"2026-04-01T21:01:52","date_gmt":"2026-04-01T20:01:52","guid":{"rendered":"https:\/\/bigbuy.tupique.com\/produto\/air-conditioning-lg-lgsoft12-set-white-a-3010-fg-g-3000-fg-h\/"},"modified":"2026-05-11T19:57:26","modified_gmt":"2026-05-11T17:57:26","slug":"air-conditioning-lg-lgsoft12-set-white-a-3010-fg-g-3000-fg-h","status":"publish","type":"product","link":"https:\/\/bigbuy.tupique.com\/es\/produto\/air-conditioning-lg-lgsoft12-set-white-a-3010-fg-g-3000-fg-h\/","title":{"rendered":"Air Conditionn\u00e9 LG LGSOFT12.SET Blanc A++ 3010 fg\/g 3000 fg\/h"},"content":{"rendered":"<p>Si vous \u00eates \u00e0 la recherche de nouvelles tendances sur le march\u00e9, nous vous pr\u00e9sentons <b>Air Conditionn\u00e9 LG LGSOFT12.SET Blanc A++ 3010 fg\/g 3000 fg\/h<\/b> !<\/p>\n<ul>\n<li>Couleur: Blanc<\/li>\n<li>Mati\u00e8re: Plastique<\/li>\n<li>Caract\u00e9ristiques: Connectivit\u00e9 des applications mobiles<\/li>\n<li>Connectivit\u00e9: Wi-Fi<\/li>\n<li>Port\u00e9e: 30 m\u00b2<\/li>\n<li>Classification \u00e9nerg\u00e9tique: A++<\/li>\n<li>puissance: 3010 fg\/g<\/li>\n<li>Technologie: Split Inverter 1&#215;1<\/li>\n<li>Gaz: R32<\/li>\n<li>Niveau sonore: 20-53 dB<\/li>\n<li>R\u00e9frig\u00e9rant: R-410<\/li>\n<li>Puissance frigorifique: 3000 fg\/h<\/li>\n<\/ul>","protected":false},"excerpt":{"rendered":"<p>Si vous \u00eates \u00e0 la recherche de nouvelles tendances sur le march\u00e9, nous vous pr\u00e9sentons Air Conditionn\u00e9 LG LGSOFT12.SET Blanc A++ 3010 fg\/g 3000 fg\/h ! Couleur: Blanc Mati\u00e8re: Plastique Caract\u00e9ristiques: Connectivit\u00e9 des applications mobiles Connectivit\u00e9: Wi-Fi Port\u00e9e: 30 m\u00b2 Classification \u00e9nerg\u00e9tique: A++ puissance: 3010 fg\/g Technologie: Split Inverter 1&#215;1 Gaz: R32 Niveau sonore: 20-53 [&hellip;]<\/p>\n","protected":false},"featured_media":66194,"comment_status":"open","ping_status":"closed","template":"","meta":[],"product_brand":[662],"product_cat":[732,1334,239],"product_tag":[721,210],"class_list":{"0":"post-66195","1":"product","2":"type-product","3":"status-publish","4":"has-post-thumbnail","6":"product_brand-brandp_559","7":"product_cat-climatisation-et-chauffage","8":"product_cat-climatiseurs-et-ventilateurs","9":"product_cat-maison-jardin","10":"product_tag-tag_124","11":"product_tag-tag_25","13":"first","14":"instock","15":"taxable","16":"shipping-taxable","17":"purchasable","18":"product-type-simple"},"_links":{"self":[{"href":"https:\/\/bigbuy.tupique.com\/es\/wp-json\/wp\/v2\/product\/66195","targetHints":{"allow":["GET"]}}],"collection":[{"href":"https:\/\/bigbuy.tupique.com\/es\/wp-json\/wp\/v2\/product"}],"about":[{"href":"https:\/\/bigbuy.tupique.com\/es\/wp-json\/wp\/v2\/types\/product"}],"replies":[{"embeddable":true,"href":"https:\/\/bigbuy.tupique.com\/es\/wp-json\/wp\/v2\/comments?post=66195"}],"wp:featuredmedia":[{"embeddable":true,"href":"https:\/\/bigbuy.tupique.com\/es\/wp-json\/wp\/v2\/media\/66194"}],"wp:attachment":[{"href":"https:\/\/bigbuy.tupique.com\/es\/wp-json\/wp\/v2\/media?parent=66195"}],"wp:term":[{"taxonomy":"product_brand","embeddable":true,"href":"https:\/\/bigbuy.tupique.com\/es\/wp-json\/wp\/v2\/product_brand?post=66195"},{"taxonomy":"product_cat","embeddable":true,"href":"https:\/\/bigbuy.tupique.com\/es\/wp-json\/wp\/v2\/product_cat?post=66195"},{"taxonomy":"product_tag","embeddable":true,"href":"https:\/\/bigbuy.tupique.com\/es\/wp-json\/wp\/v2\/product_tag?post=66195"}],"curies":[{"name":"wp","href":"https:\/\/api.w.org\/{rel}","templated":true}]}}